{"id":34843,"date":"2024-08-09T23:34:20","date_gmt":"2024-08-09T23:34:20","guid":{"rendered":"https:\/\/store.handsomecake.com\/product\/hunter-x-hunter-shizuku-murasaki-16-resin-statue-von-zenkai-studio\/"},"modified":"2024-08-10T14:05:06","modified_gmt":"2024-08-10T14:05:06","slug":"hunter-x-hunter-shizuku-murasaki-16-resin-statue-von-zenkai-studio","status":"publish","type":"product","link":"https:\/\/store.handsomecake.com\/en\/product\/hunter-x-hunter-shizuku-murasaki-16-resin-statue-von-zenkai-studio\/","title":{"rendered":"Hunter x Hunter &#8211; Shizuku Murasaki | 1:6 Resin Statue | von Zenkai Studio"},"content":{"rendered":"<p><strong>Hunter x Hunter &#8211; Shizuku Murasaki | 1:6 Resin Statue | von Zenkai Studio<\/strong><\/p>\n<p>I do ship EU-wide, please contact me, should questions arise.<\/p>\n<p><span style=\"color: #ffffff;\"><em><span style=\"background-color: #2c3e50;\">\u00a0&#8220; Breaking the rules means rejecting the Spiders, and Chrollo, too. That I never want to do. &#8220;\u00a0 <\/span><\/em><\/span><\/p>\n<p>Tolle Statue von dem Mitglied # 8 der Phantom Troupe.<br \/>\nWunderbar verarbeitete und sehr detaillierte Shizuku Murasaki Statue aus Polystone &#8211; k\u00fcnstlichem Stein-Harz-Gemisch.<\/p>\n<p><strong>Besonderheiten:<\/strong><\/p>\n<ul>\n<li>weltweit nur 50 St\u00fcck<\/li>\n<\/ul>\n<p><strong>Release-Status:<\/strong><\/p>\n<ul>\n<li>Preorder. Voraussichtlicher Release-Termin: Q1 2025, voraussichtlich bei uns im Lager: Ende Mai 2025.<\/li>\n<li>Diese Angabe ist ohne Gew\u00e4hr! Wir leiten nur die Sch\u00e4tzung vom Hersteller weiter.<\/li>\n<li>Falls das Datum \u00fcberschritten wurde und hier immer noch eine Sch\u00e4tzung aus der Vergangenheit steht, dann bedeutet das NICHT, dass die Figur bereits im Lager in Deutschland ist. Sie ist NUR dann auf Lager in Deutschland, wenn der Text dies entsprechend sagt und\/oder die Kategorie weiter oben &#8222;Lagernd vor Ort&#8220; hei\u00dft.<\/li>\n<\/ul>\n<hr \/>\n<p>Wie immer bei unseren Artikeln &#8211; s\u00e4mtliche Geb\u00fchren sind, im Gegensatz zu anderen Anbietern auf dem Markt, bereits inkludiert.<\/p>\n<p>Versand erfolgt ausschlie\u00dflich aus Deutschland, es fallen keine Zoll- und Importgeb\u00fchren an.<\/p>\n<p>Als einziger EU-weit legal zugelassener H\u00e4ndler von Resin-Statuen garantieren wir exklusive Qualit\u00e4t und Vertrauensw\u00fcrdigkeit, die ihr nirgendwo anders finden.<\/p>\n<p>Ihr kauft keine Katze im Sack \ud83d\ude42<\/p>\n<hr \/>\n<p>You are not prepared! \ud83d\ude42<\/p>","protected":false},"excerpt":{"rendered":"<p>Hunter x Hunter &#8211; Shizuku Murasaki | 1:6 Resin Statue | von Zenkai Studio I do ship EU-wide, please contact me, should questions arise. \u00a0&#8220; Breaking the rules means rejecting the Spiders, and Chrollo, too. That I never want to do. &#8220;\u00a0 Tolle Statue von dem Mitglied # 8 der Phantom Troupe. Wunderbar verarbeitete und [&hellip;]<\/p>\n","protected":false},"featured_media":34876,"comment_status":"closed","ping_status":"closed","template":"","meta":[],"product_brand":[],"product_cat":[24,568,84],"product_tag":[612,666,717,794,662,640,658,479,147,251,795,1513,1516,1517,154,255,136,137,3515,3516,3517,379,381,552,665,380,382,547,718],"class_list":{"0":"post-34843","1":"product","2":"type-product","3":"status-publish","4":"has-post-thumbnail","6":"product_cat-action-figuren","7":"product_cat-preorder","8":"product_cat-statuen-anime-comic-universum","9":"product_tag-anime","10":"product_tag-anime-figuren-shop","11":"product_tag-anime-shop","12":"product_tag-anime-statue","13":"product_tag-anime-statue-shop","14":"product_tag-anime-statuen","15":"product_tag-anime-toys","16":"product_tag-collectible","17":"product_tag-collectibles","18":"product_tag-collectibles-kaufen","19":"product_tag-handsomecake","20":"product_tag-hunterxhunter-collectible","21":"product_tag-hunterxhunter-collectibles","22":"product_tag-hunterxhunter-statuen","23":"product_tag-resin-collectibles","24":"product_tag-resin-collectibles-kaufen","25":"product_tag-resin-statuen","26":"product_tag-resin-statuen-kaufen","27":"product_tag-shizuku-murasaki","28":"product_tag-shizuku-murasaki-hunterxhunter","29":"product_tag-shizuku-murasaki-statue","30":"product_tag-statue-collectible","31":"product_tag-statue-collectibles","32":"product_tag-statue-collector","33":"product_tag-statuen-shop","34":"product_tag-statues-collectible","35":"product_tag-statues-collectibles","36":"product_tag-statues-collector","37":"product_tag-toys","38":"pa_brand-zenkai-studio","39":"pa_scale-1_to_6","41":"first","42":"instock","43":"taxable","44":"shipping-taxable","45":"product-type-simple"},"_links":{"self":[{"href":"https:\/\/store.handsomecake.com\/en\/wp-json\/wp\/v2\/product\/34843","targetHints":{"allow":["GET"]}}],"collection":[{"href":"https:\/\/store.handsomecake.com\/en\/wp-json\/wp\/v2\/product"}],"about":[{"href":"https:\/\/store.handsomecake.com\/en\/wp-json\/wp\/v2\/types\/product"}],"replies":[{"embeddable":true,"href":"https:\/\/store.handsomecake.com\/en\/wp-json\/wp\/v2\/comments?post=34843"}],"wp:featuredmedia":[{"embeddable":true,"href":"https:\/\/store.handsomecake.com\/en\/wp-json\/wp\/v2\/media\/34876"}],"wp:attachment":[{"href":"https:\/\/store.handsomecake.com\/en\/wp-json\/wp\/v2\/media?parent=34843"}],"wp:term":[{"taxonomy":"product_brand","embeddable":true,"href":"https:\/\/store.handsomecake.com\/en\/wp-json\/wp\/v2\/product_brand?post=34843"},{"taxonomy":"product_cat","embeddable":true,"href":"https:\/\/store.handsomecake.com\/en\/wp-json\/wp\/v2\/product_cat?post=34843"},{"taxonomy":"product_tag","embeddable":true,"href":"https:\/\/store.handsomecake.com\/en\/wp-json\/wp\/v2\/product_tag?post=34843"}],"curies":[{"name":"wp","href":"https:\/\/api.w.org\/{rel}","templated":true}]}}