{"id":34724,"date":"2024-08-06T00:02:55","date_gmt":"2024-08-06T00:02:55","guid":{"rendered":"https:\/\/store.handsomecake.com\/product\/violet-evergarden-violet-evergarden-16-resin-statue-von-panda-studio\/"},"modified":"2024-08-06T00:40:27","modified_gmt":"2024-08-06T00:40:27","slug":"violet-evergarden-violet-evergarden-16-resin-statue-von-panda-studio","status":"publish","type":"product","link":"https:\/\/store.handsomecake.com\/en\/product\/violet-evergarden-violet-evergarden-16-resin-statue-von-panda-studio\/","title":{"rendered":"Violet Evergarden &#8211; Violet Evergarden | 1:6 Resin Statue | von Panda Studio"},"content":{"rendered":"<p><strong>Violet Evergarden &#8211; Violet Evergarden | 1:6 Resin Statue | von Panda Studio<\/strong><\/p>\n<p>EU Taxfree! I do ship EU-wide, please contact me, should questions arise.<\/p>\n<p>Tolle Statue der Autonomen Korrespondenz-Assistentin.<br \/>\nWunderbar verarbeitete und sehr detaillierte Statue von Violet Evergarden aus Polystone &#8211; k\u00fcnstlichem Stein-Harz-Gemisch.<\/p>\n<p><strong>Besonderheiten:<\/strong><\/p>\n<ul>\n<li>weltweit nur 128 St\u00fcck<\/li>\n<\/ul>\n<p><strong>Release-Status:<\/strong><br \/>\nPreorder. Statue wird voraussichtlich am Ende Q3 2025 erscheinen und wir erwarten sie voraussichtlich Ende Oktober 2025 im Warenlager.<br \/>\nDiese Angabe ist ohne Gew\u00e4hr! Wir leiten nur die Sch\u00e4tzung vom Hersteller weiter.<br \/>\nFalls das Datum \u00fcberschritten wurde und hier immer noch eine Sch\u00e4tzung aus der Vergangenheit steht, dann bedeutet das NICHT, dass die Figur bereits im Lager in Deutschland ist. Sie ist NUR dann auf Lager in Deutschland, wenn der Text dies entsprechend sagt und\/oder die Kategorie weiter oben &#8222;Lagernd vor Ort&#8220; hei\u00dft<\/p>\n<hr \/>\n<p>Wie immer bei unseren Artikeln &#8211; s\u00e4mtliche Geb\u00fchren sind, im Gegensatz zu anderen Anbietern auf dem Markt, bereits inkludiert.<br \/>\nVersand erfolgt ausschlie\u00dflich aus Deutschland, es fallen keine Zoll- und Importgeb\u00fchren an.<br \/>\nAls einziger EU-weit legal zugelassener H\u00e4ndler von Resin-Statuen garantieren wir exklusive Qualit\u00e4t und Vertrauensw\u00fcrdigkeit, die ihr nirgendwo anders finden.<\/p>\n<p>Ihr kauft keine Katze im Sack \ud83d\ude42<\/p>\n<hr \/>\n<p>You are not prepared! \ud83d\ude42<\/p>","protected":false},"excerpt":{"rendered":"<p>Violet Evergarden &#8211; Violet Evergarden | 1:6 Resin Statue | von Panda Studio EU Taxfree! I do ship EU-wide, please contact me, should questions arise. Tolle Statue der Autonomen Korrespondenz-Assistentin. Wunderbar verarbeitete und sehr detaillierte Statue von Violet Evergarden aus Polystone &#8211; k\u00fcnstlichem Stein-Harz-Gemisch. Besonderheiten: weltweit nur 128 St\u00fcck Release-Status: Preorder. Statue wird voraussichtlich am [&hellip;]<\/p>\n","protected":false},"featured_media":34747,"comment_status":"closed","ping_status":"closed","template":"","meta":[],"product_brand":[],"product_cat":[24,568,84],"product_tag":[612,659,666,717,794,662,640,658,479,147,251,795,255,136,137,379,381,552,380,1692,1693,1694],"class_list":{"0":"post-34724","1":"product","2":"type-product","3":"status-publish","4":"has-post-thumbnail","6":"product_cat-action-figuren","7":"product_cat-preorder","8":"product_cat-statuen-anime-comic-universum","9":"product_tag-anime","10":"product_tag-anime-figuren","11":"product_tag-anime-figuren-shop","12":"product_tag-anime-shop","13":"product_tag-anime-statue","14":"product_tag-anime-statue-shop","15":"product_tag-anime-statuen","16":"product_tag-anime-toys","17":"product_tag-collectible","18":"product_tag-collectibles","19":"product_tag-collectibles-kaufen","20":"product_tag-handsomecake","21":"product_tag-resin-collectibles-kaufen","22":"product_tag-resin-statuen","23":"product_tag-resin-statuen-kaufen","24":"product_tag-statue-collectible","25":"product_tag-statue-collectibles","26":"product_tag-statue-collector","27":"product_tag-statues-collectible","28":"product_tag-violet-evergarden","29":"product_tag-violet-evergarden-collectible","30":"product_tag-violet-evergarden-statue","31":"pa_brand-panda-studio","32":"pa_scale-1_to_6","34":"first","35":"instock","36":"taxable","37":"shipping-taxable","38":"product-type-simple"},"_links":{"self":[{"href":"https:\/\/store.handsomecake.com\/en\/wp-json\/wp\/v2\/product\/34724","targetHints":{"allow":["GET"]}}],"collection":[{"href":"https:\/\/store.handsomecake.com\/en\/wp-json\/wp\/v2\/product"}],"about":[{"href":"https:\/\/store.handsomecake.com\/en\/wp-json\/wp\/v2\/types\/product"}],"replies":[{"embeddable":true,"href":"https:\/\/store.handsomecake.com\/en\/wp-json\/wp\/v2\/comments?post=34724"}],"wp:featuredmedia":[{"embeddable":true,"href":"https:\/\/store.handsomecake.com\/en\/wp-json\/wp\/v2\/media\/34747"}],"wp:attachment":[{"href":"https:\/\/store.handsomecake.com\/en\/wp-json\/wp\/v2\/media?parent=34724"}],"wp:term":[{"taxonomy":"product_brand","embeddable":true,"href":"https:\/\/store.handsomecake.com\/en\/wp-json\/wp\/v2\/product_brand?post=34724"},{"taxonomy":"product_cat","embeddable":true,"href":"https:\/\/store.handsomecake.com\/en\/wp-json\/wp\/v2\/product_cat?post=34724"},{"taxonomy":"product_tag","embeddable":true,"href":"https:\/\/store.handsomecake.com\/en\/wp-json\/wp\/v2\/product_tag?post=34724"}],"curies":[{"name":"wp","href":"https:\/\/api.w.org\/{rel}","templated":true}]}}