{"id":34717,"date":"2024-08-05T23:59:34","date_gmt":"2024-08-05T23:59:34","guid":{"rendered":"https:\/\/store.handsomecake.com\/product\/fullmetal-alchemist-edward-elric-11-lifesize-bust-von-zenkai-studio\/"},"modified":"2024-08-06T00:44:12","modified_gmt":"2024-08-06T00:44:12","slug":"fullmetal-alchemist-edward-elric-11-lifesize-bust-von-zenkai-studio","status":"publish","type":"product","link":"https:\/\/store.handsomecake.com\/en\/product\/fullmetal-alchemist-edward-elric-11-lifesize-bust-von-zenkai-studio\/","title":{"rendered":"Fullmetal Alchemist &#8211; Edward Elric | 1:1 Lifesize Bust | von Zenkai Studio"},"content":{"rendered":"<p><strong>Fullmetal Alchemist &#8211; Edward Elric | 1:1 Lifesize Bust | von Zenkai Studio<\/strong><\/p>\n<p>EU Taxfree! I do ship EU-wide, please contact me, should questions arise.<\/p>\n<p>Tolle Statue von dem &#8222;Fullmetal Alchemist&#8220;.<br \/>\nWunderbar verarbeitete und sehr detaillierte Statue von Ed aus Polystone &#8211; k\u00fcnstlichem Stein-Harz-Gemisch.<\/p>\n<p><strong>Besonderheiten:<\/strong><\/p>\n<ul>\n<li>mit LED<\/li>\n<li>weltweit auf 50 St\u00fcck begrenzt<\/li>\n<li>Uhr als Zertifikat der Echtheit (COA)<\/li>\n<li>2 austauschbare K\u00f6pfe mit einer Mini-Sockel zur Pr\u00e4sentation des 2. Kopfes<\/li>\n<\/ul>\n<p><strong>Release-Status:<\/strong><\/p>\n<ul>\n<li>Preorder. Statue wird voraussichtlich Q3 2025 erscheinen und wir erwarten sie voraussichtlich Ende November 2025 im Warenlager.<\/li>\n<li>Diese Angabe ist ohne Gew\u00e4hr! Wir leiten nur die Sch\u00e4tzung vom Hersteller weiter.<\/li>\n<li>Falls das Datum \u00fcberschritten wurde und hier immer noch eine Sch\u00e4tzung aus der Vergangenheit steht, dann bedeutet das NICHT, dass die Figur bereits im Lager in Deutschland ist. Sie ist NUR dann auf Lager in Deutschland, wenn der Text dies entsprechend sagt und\/oder die Kategorie weiter oben &#8222;Lagernd vor Ort&#8220; hei\u00dft.<\/li>\n<\/ul>\n<hr \/>\n<p>Wie immer bei unseren Artikeln &#8211; s\u00e4mtliche Geb\u00fchren sind, im Gegensatz zu anderen Anbietern auf dem Markt, bereits inkludiert.<br \/>\nVersand erfolgt ausschlie\u00dflich aus Deutschland, es fallen keine Zoll- und Importgeb\u00fchren an.<br \/>\nAls einziger EU-weit legal zugelassener H\u00e4ndler von Resin-Statuen garantieren wir exklusive Qualit\u00e4t und Vertrauensw\u00fcrdigkeit, die ihr nirgendwo anders finden.<\/p>\n<p>Ihr kauft keine Katze im Sack \ud83d\ude42<\/p>\n<hr \/>\n<p>You are not prepared! \ud83d\ude42<\/p>","protected":false},"excerpt":{"rendered":"<p>Fullmetal Alchemist &#8211; Edward Elric | 1:1 Lifesize Bust | von Zenkai Studio EU Taxfree! I do ship EU-wide, please contact me, should questions arise. Tolle Statue von dem &#8222;Fullmetal Alchemist&#8220;. Wunderbar verarbeitete und sehr detaillierte Statue von Ed aus Polystone &#8211; k\u00fcnstlichem Stein-Harz-Gemisch. Besonderheiten: mit LED weltweit auf 50 St\u00fcck begrenzt Uhr als Zertifikat [&hellip;]<\/p>\n","protected":false},"featured_media":34745,"comment_status":"closed","ping_status":"closed","template":"","meta":[],"product_brand":[],"product_cat":[24,568,84],"product_tag":[612,656,659,1501,657,640,658,147,251,1502,1504,1506,1507,1503,1505,1508,1509,795,154,136,137],"class_list":{"0":"post-34717","1":"product","2":"type-product","3":"status-publish","4":"has-post-thumbnail","6":"product_cat-action-figuren","7":"product_cat-preorder","8":"product_cat-statuen-anime-comic-universum","9":"product_tag-anime","10":"product_tag-anime-collectibles","11":"product_tag-anime-figuren","12":"product_tag-anime-figuren-fullmetal-alchemist","13":"product_tag-anime-figures","14":"product_tag-anime-statuen","15":"product_tag-anime-toys","16":"product_tag-collectibles","17":"product_tag-collectibles-kaufen","18":"product_tag-fullmetal-alchemist","19":"product_tag-fullmetal-alchemist-alphonse","20":"product_tag-fullmetal-alchemist-collectibles","21":"product_tag-fullmetal-alchemist-collectibles-kaufen","22":"product_tag-fullmetal-alchemist-edward","23":"product_tag-fullmetal-alchemist-statue","24":"product_tag-fullmetal-alchemist-statuen","25":"product_tag-fullmetal-alchemist-statuen-kaufen","26":"product_tag-handsomecake","27":"product_tag-resin-collectibles","28":"product_tag-resin-statuen","29":"product_tag-resin-statuen-kaufen","30":"pa_brand-zenkai-studio","31":"pa_scale-1_to_1","33":"first","34":"instock","35":"taxable","36":"shipping-taxable","37":"product-type-simple"},"_links":{"self":[{"href":"https:\/\/store.handsomecake.com\/en\/wp-json\/wp\/v2\/product\/34717","targetHints":{"allow":["GET"]}}],"collection":[{"href":"https:\/\/store.handsomecake.com\/en\/wp-json\/wp\/v2\/product"}],"about":[{"href":"https:\/\/store.handsomecake.com\/en\/wp-json\/wp\/v2\/types\/product"}],"replies":[{"embeddable":true,"href":"https:\/\/store.handsomecake.com\/en\/wp-json\/wp\/v2\/comments?post=34717"}],"wp:featuredmedia":[{"embeddable":true,"href":"https:\/\/store.handsomecake.com\/en\/wp-json\/wp\/v2\/media\/34745"}],"wp:attachment":[{"href":"https:\/\/store.handsomecake.com\/en\/wp-json\/wp\/v2\/media?parent=34717"}],"wp:term":[{"taxonomy":"product_brand","embeddable":true,"href":"https:\/\/store.handsomecake.com\/en\/wp-json\/wp\/v2\/product_brand?post=34717"},{"taxonomy":"product_cat","embeddable":true,"href":"https:\/\/store.handsomecake.com\/en\/wp-json\/wp\/v2\/product_cat?post=34717"},{"taxonomy":"product_tag","embeddable":true,"href":"https:\/\/store.handsomecake.com\/en\/wp-json\/wp\/v2\/product_tag?post=34717"}],"curies":[{"name":"wp","href":"https:\/\/api.w.org\/{rel}","templated":true}]}}