{"id":34473,"date":"2024-07-24T02:18:58","date_gmt":"2024-07-24T02:18:58","guid":{"rendered":"https:\/\/store.handsomecake.com\/product\/solo-leveling-sung-jinwoo-14-resin-statue-von-mask-studio\/"},"modified":"2025-05-26T14:21:24","modified_gmt":"2025-05-26T14:21:24","slug":"solo-leveling-sung-jinwoo-14-resin-statue-von-mask-studio","status":"publish","type":"product","link":"https:\/\/store.handsomecake.com\/en\/product\/solo-leveling-sung-jinwoo-14-resin-statue-von-mask-studio\/","title":{"rendered":"Solo Leveling &#8211; Sung Jinwoo | 1:4 Resin Statue | von Mask Studio"},"content":{"rendered":"<ol>\n<li><strong>Solo Leveling &#8211; Sung Jinwoo | 1:4 Resin Statue | von Mask Studio<\/strong><\/li>\n<\/ol>\n<p>I do ship EU-wide, please contact me, should questions arise.<\/p>\n<p><span style=\"color: #ffffff;\"><em><span style=\"background-color: #2c3e50;\">\u00a0 &#8220; I&#8217;m going to protect my family,<\/span><br \/>\n<span style=\"background-color: #2c3e50;\">even if it means turning all the hunters in the world against me. &#8220;\u00a0 <\/span><\/em><\/span><\/p>\n<p>Tolle Statue des J\u00e4gers, fr\u00fcher bekannt als der Schw\u00e4chste der Welt.<br \/>\nWunderbar verarbeitete und sehr detaillierte Sung Jin-Woo Statue aus Polystone &#8211; k\u00fcnstlichem Stein-Harz-Gemisch.<\/p>\n<p><strong>Besonderheiten:<\/strong><\/p>\n<ul>\n<li>weltweit auf 99 St\u00fcck begrenzt<\/li>\n<li>austauschbare Hand + Waffe<\/li>\n<li>mit LED<\/li>\n<li>1:6 Version auch verf\u00fcgbar (weltweit auf 199 St\u00fcck begrenzt)<\/li>\n<\/ul>\n<p><strong>Release-Status:<\/strong><\/p>\n<ul>\n<li>Preorder. Statue wird voraussichtlich am Ende Q2 2025 erscheinen und wir erwarten sie voraussichtlich Ende August 2025 im Warenlager.<\/li>\n<li>Diese Angabe ist ohne Gew\u00e4hr! Wir leiten nur die Sch\u00e4tzung vom Hersteller weiter.<\/li>\n<li>Falls das Datum \u00fcberschritten wurde und hier immer noch eine Sch\u00e4tzung aus der Vergangenheit steht, dann bedeutet das NICHT, dass die Figur bereits im Lager in Deutschland ist. Sie ist NUR dann auf Lager in Deutschland, wenn der Text dies entsprechend sagt und\/oder die Kategorie weiter oben &#8222;Lagernd vor Ort&#8220; hei\u00dft.<\/li>\n<\/ul>\n<hr \/>\n<p>Wie immer bei unseren Artikeln &#8211; s\u00e4mtliche Geb\u00fchren sind, im Gegensatz zu anderen Anbietern auf dem Markt, bereits inkludiert.<\/p>\n<p>Versand erfolgt ausschlie\u00dflich aus Deutschland, es fallen keine Zoll- und Importgeb\u00fchren an.<\/p>\n<p>Als einziger EU-weit legal zugelassener H\u00e4ndler von Resin-Statuen garantieren wir exklusive Qualit\u00e4t und Vertrauensw\u00fcrdigkeit, die ihr nirgendwo anders finden.<\/p>\n<p>Ihr kauft keine Katze im Sack \ud83d\ude42<\/p>\n<hr \/>\n<p>You are not prepared! \ud83d\ude42<\/p>","protected":false},"excerpt":{"rendered":"<p>Solo Leveling &#8211; Sung Jinwoo | 1:4 Resin Statue | von Mask Studio I do ship EU-wide, please contact me, should questions arise. \u00a0 &#8220; I&#8217;m going to protect my family, even if it means turning all the hunters in the world against me. &#8220;\u00a0 Tolle Statue des J\u00e4gers, fr\u00fcher bekannt als der Schw\u00e4chste der [&hellip;]<\/p>\n","protected":false},"featured_media":34489,"comment_status":"closed","ping_status":"closed","template":"","meta":[],"product_brand":[],"product_cat":[24,568,84],"product_tag":[612,664,666,717,794,662,640,658,479,147,251,795,154,255,136,137,3439,2877,2878,2879,379,381,552,380,2873,3438,2876],"class_list":{"0":"post-34473","1":"product","2":"type-product","3":"status-publish","4":"has-post-thumbnail","6":"product_cat-action-figuren","7":"product_cat-preorder","8":"product_cat-statuen-anime-comic-universum","9":"product_tag-anime","10":"product_tag-anime-figuren-one-piece","11":"product_tag-anime-figuren-shop","12":"product_tag-anime-shop","13":"product_tag-anime-statue","14":"product_tag-anime-statue-shop","15":"product_tag-anime-statuen","16":"product_tag-anime-toys","17":"product_tag-collectible","18":"product_tag-collectibles","19":"product_tag-collectibles-kaufen","20":"product_tag-handsomecake","21":"product_tag-resin-collectibles","22":"product_tag-resin-collectibles-kaufen","23":"product_tag-resin-statuen","24":"product_tag-resin-statuen-kaufen","25":"product_tag-solo-leveling","26":"product_tag-solo-leveling-collectibles","27":"product_tag-solo-leveling-resin","28":"product_tag-solo-leveling-statue","29":"product_tag-statue-collectible","30":"product_tag-statue-collectibles","31":"product_tag-statue-collector","32":"product_tag-statues-collectible","33":"product_tag-sung-jinwoo","34":"product_tag-sung-jinwoo-collectible","35":"product_tag-sung-jinwoo-statue","36":"pa_brand-mask-studio","38":"first","39":"instock","40":"taxable","41":"shipping-taxable","42":"product-type-variable"},"_links":{"self":[{"href":"https:\/\/store.handsomecake.com\/en\/wp-json\/wp\/v2\/product\/34473","targetHints":{"allow":["GET"]}}],"collection":[{"href":"https:\/\/store.handsomecake.com\/en\/wp-json\/wp\/v2\/product"}],"about":[{"href":"https:\/\/store.handsomecake.com\/en\/wp-json\/wp\/v2\/types\/product"}],"replies":[{"embeddable":true,"href":"https:\/\/store.handsomecake.com\/en\/wp-json\/wp\/v2\/comments?post=34473"}],"wp:featuredmedia":[{"embeddable":true,"href":"https:\/\/store.handsomecake.com\/en\/wp-json\/wp\/v2\/media\/34489"}],"wp:attachment":[{"href":"https:\/\/store.handsomecake.com\/en\/wp-json\/wp\/v2\/media?parent=34473"}],"wp:term":[{"taxonomy":"product_brand","embeddable":true,"href":"https:\/\/store.handsomecake.com\/en\/wp-json\/wp\/v2\/product_brand?post=34473"},{"taxonomy":"product_cat","embeddable":true,"href":"https:\/\/store.handsomecake.com\/en\/wp-json\/wp\/v2\/product_cat?post=34473"},{"taxonomy":"product_tag","embeddable":true,"href":"https:\/\/store.handsomecake.com\/en\/wp-json\/wp\/v2\/product_tag?post=34473"}],"curies":[{"name":"wp","href":"https:\/\/api.w.org\/{rel}","templated":true}]}}