{"id":34441,"date":"2024-07-24T02:14:04","date_gmt":"2024-07-24T02:14:04","guid":{"rendered":"https:\/\/store.handsomecake.com\/product\/chainsaw-man-makima-14-resin-statue-von-lc-studio\/"},"modified":"2024-08-12T02:12:47","modified_gmt":"2024-08-12T02:12:47","slug":"chainsaw-man-makima-14-resin-statue-von-lc-studio","status":"publish","type":"product","link":"https:\/\/store.handsomecake.com\/en\/product\/chainsaw-man-makima-14-resin-statue-von-lc-studio\/","title":{"rendered":"Chainsaw Man &#8211; Makima | 1:4 Resin Statue | von LC Studio"},"content":{"rendered":"<p><strong>Chainsaw Man &#8211; Makima | 1:4 Resin Statue | von LC Studio<\/strong><\/p>\n<p>I do ship EU-wide, please contact me, should questions arise.<\/p>\n<p>Tolle Statue von der Teufelsj\u00e4gerin vom Amt f\u00fcr \u00f6ffentliche Sicherheit.<br \/>\nWunderbar verarbeitete und sehr detaillierte Makima Statue aus Polystone &#8211; k\u00fcnstlichem Stein-Harz-Gemisch.<\/p>\n<p><strong>Besonderheiten:<\/strong><\/p>\n<ul>\n<li>218 St\u00fcck weltweit<\/li>\n<li>C Version<\/li>\n<li>austauschbarer nackter K\u00f6rper<\/li>\n<li>Pochita als Geschenk<\/li>\n<li>2 austauschbare K\u00f6pfe ( Anime\/Realism)<\/li>\n<\/ul>\n<p><strong>Release-Status:<\/strong><\/p>\n<ul>\n<li>Released und in ca. 3-4 Monaten ab Bestellzeitpunkt bei euch.<\/li>\n<\/ul>\n<hr \/>\n<p>Wie immer bei unseren Artikeln &#8211; s\u00e4mtliche Geb\u00fchren sind, im Gegensatz zu anderen Anbietern auf dem Markt, bereits inkludiert.<\/p>\n<p>Versand erfolgt ausschlie\u00dflich aus Deutschland, es fallen keine Zoll- und Importgeb\u00fchren an.<\/p>\n<p>Als einziger EU-weit legal zugelassener H\u00e4ndler von Resin-Statuen garantieren wir exklusive Qualit\u00e4t und Vertrauensw\u00fcrdigkeit, die ihr nirgendwo anders finden.<\/p>\n<p>Ihr kauft keine Katze im Sack \ud83d\ude42<\/p>\n<hr \/>\n<p>You are not prepared! \ud83d\ude42<\/p>","protected":false},"excerpt":{"rendered":"<p>Chainsaw Man &#8211; Makima | 1:4 Resin Statue | von LC Studio I do ship EU-wide, please contact me, should questions arise. Tolle Statue von der Teufelsj\u00e4gerin vom Amt f\u00fcr \u00f6ffentliche Sicherheit. Wunderbar verarbeitete und sehr detaillierte Makima Statue aus Polystone &#8211; k\u00fcnstlichem Stein-Harz-Gemisch. Besonderheiten: 218 St\u00fcck weltweit C Version austauschbarer nackter K\u00f6rper Pochita als [&hellip;]<\/p>\n","protected":false},"featured_media":34502,"comment_status":"closed","ping_status":"closed","template":"","meta":[],"product_brand":[],"product_cat":[24,2404,84,567],"product_tag":[612,659,666,717,794,662,640,658,1643,479,147,251,795,2229,2535,2230,154,255,136,137,379,381,552,380],"class_list":{"0":"post-34441","1":"product","2":"type-product","3":"status-publish","4":"has-post-thumbnail","6":"product_cat-action-figuren","7":"product_cat-chainsaw-man","8":"product_cat-statuen-anime-comic-universum","9":"product_cat-in_stock_warehouse_china","10":"product_tag-anime","11":"product_tag-anime-figuren","12":"product_tag-anime-figuren-shop","13":"product_tag-anime-shop","14":"product_tag-anime-statue","15":"product_tag-anime-statue-shop","16":"product_tag-anime-statuen","17":"product_tag-anime-toys","18":"product_tag-chainsaw-man","19":"product_tag-collectible","20":"product_tag-collectibles","21":"product_tag-collectibles-kaufen","22":"product_tag-handsomecake","23":"product_tag-makima","24":"product_tag-makima-chainsaw-man","25":"product_tag-makima-collectible","26":"product_tag-resin-collectibles","27":"product_tag-resin-collectibles-kaufen","28":"product_tag-resin-statuen","29":"product_tag-resin-statuen-kaufen","30":"product_tag-statue-collectible","31":"product_tag-statue-collectibles","32":"product_tag-statue-collector","33":"product_tag-statues-collectible","34":"pa_brand-lc-studio","35":"pa_scale-1_to_6","37":"first","38":"outofstock","39":"taxable","40":"shipping-taxable","41":"product-type-simple"},"_links":{"self":[{"href":"https:\/\/store.handsomecake.com\/en\/wp-json\/wp\/v2\/product\/34441","targetHints":{"allow":["GET"]}}],"collection":[{"href":"https:\/\/store.handsomecake.com\/en\/wp-json\/wp\/v2\/product"}],"about":[{"href":"https:\/\/store.handsomecake.com\/en\/wp-json\/wp\/v2\/types\/product"}],"replies":[{"embeddable":true,"href":"https:\/\/store.handsomecake.com\/en\/wp-json\/wp\/v2\/comments?post=34441"}],"wp:featuredmedia":[{"embeddable":true,"href":"https:\/\/store.handsomecake.com\/en\/wp-json\/wp\/v2\/media\/34502"}],"wp:attachment":[{"href":"https:\/\/store.handsomecake.com\/en\/wp-json\/wp\/v2\/media?parent=34441"}],"wp:term":[{"taxonomy":"product_brand","embeddable":true,"href":"https:\/\/store.handsomecake.com\/en\/wp-json\/wp\/v2\/product_brand?post=34441"},{"taxonomy":"product_cat","embeddable":true,"href":"https:\/\/store.handsomecake.com\/en\/wp-json\/wp\/v2\/product_cat?post=34441"},{"taxonomy":"product_tag","embeddable":true,"href":"https:\/\/store.handsomecake.com\/en\/wp-json\/wp\/v2\/product_tag?post=34441"}],"curies":[{"name":"wp","href":"https:\/\/api.w.org\/{rel}","templated":true}]}}