{"id":34409,"date":"2024-07-24T02:06:35","date_gmt":"2024-07-24T02:06:35","guid":{"rendered":"https:\/\/store.handsomecake.com\/product\/resident-evil-ada-wong-14-resin-statue-von-404-studio\/"},"modified":"2024-07-26T22:36:07","modified_gmt":"2024-07-26T22:36:07","slug":"resident-evil-ada-wong-14-resin-statue-von-404-studio","status":"publish","type":"product","link":"https:\/\/store.handsomecake.com\/en\/product\/resident-evil-ada-wong-14-resin-statue-von-404-studio\/","title":{"rendered":"Resident Evil &#8211; Ada Wong | 1:4 Resin Statue | von 404 Studio"},"content":{"rendered":"<p><strong>Resident Evil &#8211; Ada Wong | 1:4 Resin Statue | von 404 Studio<\/strong><\/p>\n<p>I do ship EU-wide, please contact me, should questions arise.<\/p>\n<p>Tolle Statue der schleierhaften Antiheldin.<br \/>\nWunderbar verarbeitete und sehr detaillierte Ada Wong Statue aus Polystone &#8211; k\u00fcnstlichem Stein-Harz-Gemisch.<\/p>\n<p><strong>Besonderheiten:<\/strong><\/p>\n<ul>\n<li>Cheongsam Version (2 austauschbare K\u00f6pfe, nackter K\u00f6rper, 2 austauschbare Sockel)<\/li>\n<li>auch nackte Version ist verf\u00fcgbar (nackter K\u00f6rper + einfacher Sockel)<\/li>\n<li>jede Version weltweit auf nur 88 St\u00fcck begrenzt<\/li>\n<\/ul>\n<p><strong>Release-Status:<\/strong><\/p>\n<ul>\n<li>Preorder. Voraussichtlicher Release-Termin: Q1 2025, voraussichtlich bei uns im Lager: Ende Mai 2025.<\/li>\n<li>Diese Angabe ist ohne Gew\u00e4hr! Wir leiten nur die Sch\u00e4tzung vom Hersteller weiter.<\/li>\n<li>Falls das Datum \u00fcberschritten wurde und hier immer noch eine Sch\u00e4tzung aus der Vergangenheit steht, dann bedeutet das NICHT, dass die Figur bereits im Lager in Deutschland ist. Sie ist NUR dann auf Lager in Deutschland, wenn der Text dies entsprechend sagt und\/oder die Kategorie weiter oben &#8222;Lagernd vor Ort&#8220; hei\u00dft.<\/li>\n<\/ul>\n<hr \/>\n<p>Wie immer bei unseren Artikeln &#8211; s\u00e4mtliche Geb\u00fchren sind, im Gegensatz zu anderen Anbietern auf dem Markt, bereits inkludiert.<\/p>\n<p>Versand erfolgt ausschlie\u00dflich aus Deutschland, es fallen keine Zoll- und Importgeb\u00fchren an.<\/p>\n<p>Als einziger EU-weit legal zugelassener H\u00e4ndler von Resin-Statuen garantieren wir exklusive Qualit\u00e4t und Vertrauensw\u00fcrdigkeit, die ihr nirgendwo anders finden.<\/p>\n<p>Ihr kauft keine Katze im Sack \ud83d\ude42<\/p>\n<hr \/>\n<p>You are not prepared! \ud83d\ude42<\/p>","protected":false},"excerpt":{"rendered":"<p>Resident Evil &#8211; Ada Wong | 1:4 Resin Statue | von 404 Studio I do ship EU-wide, please contact me, should questions arise. Tolle Statue der schleierhaften Antiheldin. Wunderbar verarbeitete und sehr detaillierte Ada Wong Statue aus Polystone &#8211; k\u00fcnstlichem Stein-Harz-Gemisch. Besonderheiten: Cheongsam Version (2 austauschbare K\u00f6pfe, nackter K\u00f6rper, 2 austauschbare Sockel) auch nackte Version [&hellip;]<\/p>\n","protected":false},"featured_media":34529,"comment_status":"closed","ping_status":"closed","template":"","meta":[],"product_brand":[],"product_cat":[24,568,82,81],"product_tag":[473,474,476,475,612,659,666,717,147,795,187,189,188,1324,154,136,137,379,381,380,382,718],"class_list":{"0":"post-34409","1":"product","2":"type-product","3":"status-publish","4":"has-post-thumbnail","6":"product_cat-action-figuren","7":"product_cat-preorder","8":"product_cat-resident-evil","9":"product_cat-statuen-computerspieluniversum","10":"product_tag-ada-wong","11":"product_tag-ada-wong-collectible","12":"product_tag-ada-wong-resin-statue","13":"product_tag-ada-wong-statue","14":"product_tag-anime","15":"product_tag-anime-figuren","16":"product_tag-anime-figuren-shop","17":"product_tag-anime-shop","18":"product_tag-collectibles","19":"product_tag-handsomecake","20":"product_tag-resident-evil","21":"product_tag-resident-evil-collectibles","22":"product_tag-resident-evil-statuen","23":"product_tag-resident-evil-toys","24":"product_tag-resin-collectibles","25":"product_tag-resin-statuen","26":"product_tag-resin-statuen-kaufen","27":"product_tag-statue-collectible","28":"product_tag-statue-collectibles","29":"product_tag-statues-collectible","30":"product_tag-statues-collectibles","31":"product_tag-toys","32":"pa_brand-404-studio","33":"pa_scale-1_to_4","35":"first","36":"instock","37":"taxable","38":"shipping-taxable","39":"product-type-variable"},"_links":{"self":[{"href":"https:\/\/store.handsomecake.com\/en\/wp-json\/wp\/v2\/product\/34409","targetHints":{"allow":["GET"]}}],"collection":[{"href":"https:\/\/store.handsomecake.com\/en\/wp-json\/wp\/v2\/product"}],"about":[{"href":"https:\/\/store.handsomecake.com\/en\/wp-json\/wp\/v2\/types\/product"}],"replies":[{"embeddable":true,"href":"https:\/\/store.handsomecake.com\/en\/wp-json\/wp\/v2\/comments?post=34409"}],"wp:featuredmedia":[{"embeddable":true,"href":"https:\/\/store.handsomecake.com\/en\/wp-json\/wp\/v2\/media\/34529"}],"wp:attachment":[{"href":"https:\/\/store.handsomecake.com\/en\/wp-json\/wp\/v2\/media?parent=34409"}],"wp:term":[{"taxonomy":"product_brand","embeddable":true,"href":"https:\/\/store.handsomecake.com\/en\/wp-json\/wp\/v2\/product_brand?post=34409"},{"taxonomy":"product_cat","embeddable":true,"href":"https:\/\/store.handsomecake.com\/en\/wp-json\/wp\/v2\/product_cat?post=34409"},{"taxonomy":"product_tag","embeddable":true,"href":"https:\/\/store.handsomecake.com\/en\/wp-json\/wp\/v2\/product_tag?post=34409"}],"curies":[{"name":"wp","href":"https:\/\/api.w.org\/{rel}","templated":true}]}}