{"id":3430,"date":"2021-06-08T17:32:42","date_gmt":"2021-06-08T17:32:42","guid":{"rendered":"https:\/\/store.handsomecake.com\/product\/darksiders-death-16-resin-statue-von-demon-flame-studios\/"},"modified":"2025-04-11T00:15:24","modified_gmt":"2025-04-11T00:15:24","slug":"darksiders-death-16-resin-statue-von-demon-flame-studios","status":"publish","type":"product","link":"https:\/\/store.handsomecake.com\/en\/product\/darksiders-death-16-resin-statue-von-demon-flame-studios\/","title":{"rendered":"Darksiders &#8211; Death | 1:6 Resin Statue | von Demon Flame Studios"},"content":{"rendered":"<p>Darksiders &#8211; Death &#8218; 1:4 Resin Statue &#8218; von Demon Flame Studios<br \/>\nEU Taxfree! I do ship EU-wide, please contact me, should questions arise.<\/p>\n<p>Tolle Statue des \u00e4ltesten Nephilim und Anf\u00fchrer der Vier Horsemen<br \/>\nWunderbar verarbeitete und sehr detaillierte Death Statue aus Polystone &#8211; k\u00fcnstlichem Stein-Harz-Gemisch.<\/p>\n<p>Besonderheiten:<\/p>\n<ul>\n<li>keine<\/li>\n<\/ul>\n<p>Release-Status:<\/p>\n<ul>\n<li>In Stock<\/li>\n<\/ul>\n<p>Wie immer bei meinen Aktionen &#8211; s\u00e4mtliche Geb\u00fchren sind, im Gegensatz zu anderen Angeboten, bereits inkludiert. Versand erfolgt ausschlie\u00dflich aus Deutschland, es fallen keine Zoll- und Importgeb\u00fchren an. Ihr kauft keine Katze im Sack \ud83d\ude42<\/p>\n<p>Ma\u00dfe der Statue:<br \/>\nGr\u00f6\u00dfe: H40cm x W30cm x D60cm<br \/>\nGewicht: TBA, gesch\u00e4tzt: ca. 25 kg<\/p>\n<p>You are not prepared! \ud83d\ude42<\/p>","protected":false},"excerpt":{"rendered":"<p>Darksiders &#8211; Death &#8218; 1:4 Resin Statue &#8218; von Demon Flame Studios EU Taxfree! I do ship EU-wide, please contact me, should questions arise. Tolle Statue des \u00e4ltesten Nephilim und Anf\u00fchrer der Vier Horsemen Wunderbar verarbeitete und sehr detaillierte Death Statue aus Polystone &#8211; k\u00fcnstlichem Stein-Harz-Gemisch. Besonderheiten: keine Release-Status: Lagernd vor Ort Wie immer bei [&hellip;]<\/p>\n","protected":false},"featured_media":3431,"comment_status":"closed","ping_status":"closed","template":"","meta":[],"product_brand":[],"product_cat":[127,826,184,81],"product_tag":[],"class_list":{"0":"post-3430","1":"product","2":"type-product","3":"status-publish","4":"has-post-thumbnail","6":"product_cat-diverse","7":"product_cat-lagernd-vor-ort","8":"product_cat-sonstige-resin-statuen","9":"product_cat-statuen-computerspieluniversum","11":"first","12":"instock","13":"taxable","14":"shipping-taxable","15":"product-type-simple"},"_links":{"self":[{"href":"https:\/\/store.handsomecake.com\/en\/wp-json\/wp\/v2\/product\/3430","targetHints":{"allow":["GET"]}}],"collection":[{"href":"https:\/\/store.handsomecake.com\/en\/wp-json\/wp\/v2\/product"}],"about":[{"href":"https:\/\/store.handsomecake.com\/en\/wp-json\/wp\/v2\/types\/product"}],"replies":[{"embeddable":true,"href":"https:\/\/store.handsomecake.com\/en\/wp-json\/wp\/v2\/comments?post=3430"}],"wp:featuredmedia":[{"embeddable":true,"href":"https:\/\/store.handsomecake.com\/en\/wp-json\/wp\/v2\/media\/3431"}],"wp:attachment":[{"href":"https:\/\/store.handsomecake.com\/en\/wp-json\/wp\/v2\/media?parent=3430"}],"wp:term":[{"taxonomy":"product_brand","embeddable":true,"href":"https:\/\/store.handsomecake.com\/en\/wp-json\/wp\/v2\/product_brand?post=3430"},{"taxonomy":"product_cat","embeddable":true,"href":"https:\/\/store.handsomecake.com\/en\/wp-json\/wp\/v2\/product_cat?post=3430"},{"taxonomy":"product_tag","embeddable":true,"href":"https:\/\/store.handsomecake.com\/en\/wp-json\/wp\/v2\/product_tag?post=3430"}],"curies":[{"name":"wp","href":"https:\/\/api.w.org\/{rel}","templated":true}]}}