{"id":34231,"date":"2024-07-20T00:15:07","date_gmt":"2024-07-20T00:15:07","guid":{"rendered":"https:\/\/store.handsomecake.com\/product\/dc-comic-wonder-woman-femme-fatale-13-resin-statue-von-z-kahn-studio\/"},"modified":"2025-05-28T12:16:41","modified_gmt":"2025-05-28T12:16:41","slug":"dc-comic-wonder-woman-femme-fatale-13-resin-statue-von-z-kahn-studio","status":"publish","type":"product","link":"https:\/\/store.handsomecake.com\/en\/product\/dc-comic-wonder-woman-femme-fatale-13-resin-statue-von-z-kahn-studio\/","title":{"rendered":"DC Comic &#8211; Wonder Woman (Femme Fatale) | 1:3 Resin Statue | von Z.KAHN Studio"},"content":{"rendered":"<p><strong>DC Comic &#8211; Wonder Woman (Femme Fatale) | 1:3 Resin Statue | von Z.KAHN Studio<\/strong><\/p>\n<p>EU Taxfree! I do ship EU-wide, please contact me, should questions arise.<\/p>\n<p>Tolle Statue der Tochter der Amazonen-K\u00f6nigin Hippolyta und dem G\u00f6tter-Vater Zeus.<br \/>\nWunderbar verarbeitete und sehr detaillierte Statue von Wonder Woman aus Polystone &#8211; k\u00fcnstlichem Stein-Harz-Gemisch.<\/p>\n<p><strong>Besonderheiten:<\/strong><\/p>\n<ul>\n<li>EX Version: Glasaugen, PU-K\u00f6rper, echtes Haar, Kleidung abnehmbar, weltweit 30 St\u00fcck<\/li>\n<li>auch Regular Version verf\u00fcgbar<\/li>\n<\/ul>\n<p><strong>Release-Status:<\/strong><\/p>\n<ul>\n<li>Preorder. Statue wird sch\u00e4tzungsweise Ende Q1 2025 fertiggestellt und wir erwarten sie bei uns im Lager gegen Ende Mai 2025.<\/li>\n<li>Diese Angabe ist ohne Gew\u00e4hr! Wir leiten nur die Sch\u00e4tzung vom Hersteller weiter.<\/li>\n<li>Falls das Datum \u00fcberschritten wurde und hier immer noch eine Sch\u00e4tzung aus der Vergangenheit steht, dann bedeutet das NICHT, dass die Figur bereits im Lager in Deutschland ist. Sie ist NUR dann auf Lager in Deutschland, wenn der Text dies entsprechend sagt und\/oder die Kategorie weiter oben &#8222;Lagernd vor Ort&#8220; hei\u00dft.<\/li>\n<\/ul>\n<hr \/>\n<p>Wie immer bei unseren Artikeln &#8211; s\u00e4mtliche Geb\u00fchren sind, im Gegensatz zu anderen Anbietern auf dem Markt, bereits inkludiert.<\/p>\n<p>Versand erfolgt ausschlie\u00dflich aus Deutschland, es fallen keine Zoll- und Importgeb\u00fchren an.<\/p>\n<p>Als einziger EU-weit legal zugelassener H\u00e4ndler von Resin-Statuen garantieren wir exklusive Qualit\u00e4t und Vertrauensw\u00fcrdigkeit, die ihr nirgendwo anders finden.<\/p>\n<p>Ihr kauft keine Katze im Sack \ud83d\ude42<\/p>\n<hr \/>\n<p>You are not prepared! \ud83d\ude42<\/p>","protected":false},"excerpt":{"rendered":"<p>DC Comic &#8211; Wonder Woman (Femme Fatale) | 1:3 Resin Statue | von Z.KAHN Studio EU Taxfree! I do ship EU-wide, please contact me, should questions arise. Tolle Statue der Tochter der Amazonen-K\u00f6nigin Hippolyta und dem G\u00f6tter-Vater Zeus. Wunderbar verarbeitete und sehr detaillierte Statue von Wonder Woman aus Polystone &#8211; k\u00fcnstlichem Stein-Harz-Gemisch. Besonderheiten: EX Version: [&hellip;]<\/p>\n","protected":false},"featured_media":34246,"comment_status":"closed","ping_status":"closed","template":"","meta":[],"product_brand":[],"product_cat":[24,268,568,84],"product_tag":[612,640,147,251,383,551,282,284,557,281,283,553,795,154,136,137,554,379,381,552,547,875,876,877,878,879,880,881],"class_list":{"0":"post-34231","1":"product","2":"type-product","3":"status-publish","4":"has-post-thumbnail","6":"product_cat-action-figuren","7":"product_cat-dc","8":"product_cat-preorder","9":"product_cat-statuen-anime-comic-universum","10":"product_tag-anime","11":"product_tag-anime-statuen","12":"product_tag-collectibles","13":"product_tag-collectibles-kaufen","14":"product_tag-collector","15":"product_tag-dc","16":"product_tag-dc-collectibles","17":"product_tag-dc-collectibles-kaufen","18":"product_tag-dc-collector","19":"product_tag-dc-comics","20":"product_tag-dc-comics-collectibles","21":"product_tag-figure-collector","22":"product_tag-handsomecake","23":"product_tag-resin-collectibles","24":"product_tag-resin-statuen","25":"product_tag-resin-statuen-kaufen","26":"product_tag-resin-statues","27":"product_tag-statue-collectible","28":"product_tag-statue-collectibles","29":"product_tag-statue-collector","30":"product_tag-statues-collector","31":"product_tag-wonder-woman","32":"product_tag-wonder-woman-bust","33":"product_tag-wonder-woman-bueste","34":"product_tag-wonder-woman-collectible","35":"product_tag-wonder-woman-collectibles","36":"product_tag-wonder-woman-collector","37":"product_tag-wonder-woman-statue","38":"pa_brand-z-kahn-studio","39":"pa_scale-1_to_3","41":"first","42":"instock","43":"taxable","44":"shipping-taxable","45":"product-type-variable"},"_links":{"self":[{"href":"https:\/\/store.handsomecake.com\/en\/wp-json\/wp\/v2\/product\/34231","targetHints":{"allow":["GET"]}}],"collection":[{"href":"https:\/\/store.handsomecake.com\/en\/wp-json\/wp\/v2\/product"}],"about":[{"href":"https:\/\/store.handsomecake.com\/en\/wp-json\/wp\/v2\/types\/product"}],"replies":[{"embeddable":true,"href":"https:\/\/store.handsomecake.com\/en\/wp-json\/wp\/v2\/comments?post=34231"}],"wp:featuredmedia":[{"embeddable":true,"href":"https:\/\/store.handsomecake.com\/en\/wp-json\/wp\/v2\/media\/34246"}],"wp:attachment":[{"href":"https:\/\/store.handsomecake.com\/en\/wp-json\/wp\/v2\/media?parent=34231"}],"wp:term":[{"taxonomy":"product_brand","embeddable":true,"href":"https:\/\/store.handsomecake.com\/en\/wp-json\/wp\/v2\/product_brand?post=34231"},{"taxonomy":"product_cat","embeddable":true,"href":"https:\/\/store.handsomecake.com\/en\/wp-json\/wp\/v2\/product_cat?post=34231"},{"taxonomy":"product_tag","embeddable":true,"href":"https:\/\/store.handsomecake.com\/en\/wp-json\/wp\/v2\/product_tag?post=34231"}],"curies":[{"name":"wp","href":"https:\/\/api.w.org\/{rel}","templated":true}]}}