{"id":3420,"date":"2021-06-08T17:32:20","date_gmt":"2021-06-08T17:32:20","guid":{"rendered":"https:\/\/store.handsomecake.com\/product\/starcraft-sarah-kerrigan-swarm-queen-14-resin-statue-von-mayflies-studio\/"},"modified":"2025-09-05T23:27:31","modified_gmt":"2025-09-05T23:27:31","slug":"starcraft-sarah-kerrigan-swarm-queen-14-resin-statue-von-mayflies-studio","status":"publish","type":"product","link":"https:\/\/store.handsomecake.com\/en\/product\/starcraft-sarah-kerrigan-swarm-queen-14-resin-statue-von-mayflies-studio\/","title":{"rendered":"Starcraft &#8211; Sarah Kerrigan Swarm Queen | 1:4 Resin Statue | von Mayflies Studio"},"content":{"rendered":"<p>Starcraft &#8211; Sarah Kerrigan Swarm Queen | 1:4 Resin Statue | von Mayflies Studio<br \/>\nEU Taxfree! I do ship EU-wide, please contact me, should questions arise.<\/p>\n<p>Tolle Statue der Schwarmk\u00f6nigin in ihrer Zerg-Form<\/p>\n<blockquote><p>I am the Swarm. Armies will be shattered. Worlds will burn. Now at last, on this world, vengeance shall be mine. For I am the Queen of Blades.<\/p><\/blockquote>\n<p>Wunderbar verarbeitete und sehr detaillierte Kerrigan Statue aus Polystone &#8211; k\u00fcnstlichem Stein-Harz-Gemisch.<\/p>\n<p><strong>Besonderheiten:<\/strong><\/p>\n<ul>\n<li>Jeder Kopf wird pers\u00f6nlich von den Mitarbeitern des Mayflies Studios bemalt<\/li>\n<\/ul>\n<p><strong>Release-Status:<\/strong><\/p>\n<ul>\n<li>Released. Aktuell 1 St\u00fcck im April-Container (2024) drin. Versand sofort nach Ankunft des Containers in Deutschland.<\/li>\n<\/ul>\n<p>Wie immer bei meinen Aktionen &#8211; s\u00e4mtliche Geb\u00fchren sind, im Gegensatz zu anderen Angeboten, bereits inkludiert. Versand erfolgt ausschlie\u00dflich aus Deutschland, es fallen keine Zoll- und Importgeb\u00fchren an. Ihr kauft keine Katze im Sack \ud83d\ude42<\/p>\n<p>Ma\u00dfe der Statue:<br \/>\nGr\u00f6\u00dfe: ca. 74cm x 35cm x 35cm<br \/>\nGewicht: ca. 24 kg (gesch\u00e4tzt)<\/p>\n<p>You are not prepared! \ud83d\ude42<\/p>","protected":false},"excerpt":{"rendered":"<p>Starcraft &#8211; Sarah Kerrigan Swarm Queen | 1:4 Resin Statue | von Mayflies Studio EU Taxfree! I do ship EU-wide, please contact me, should questions arise. Tolle Statue der Schwarmk\u00f6nigin in ihrer Zerg-Form I am the Swarm. Armies will be shattered. Worlds will burn. Now at last, on this world, vengeance shall be mine. For [&hellip;]<\/p>\n","protected":false},"featured_media":3421,"comment_status":"closed","ping_status":"closed","template":"","meta":[],"product_brand":[],"product_cat":[568,192,81],"product_tag":[612,663,664,794,662,640,658,147,251,795,314,154,136,137,209,364,366,210,365,193,194,310,309,311,665,380,382,718],"class_list":{"0":"post-3420","1":"product","2":"type-product","3":"status-publish","4":"has-post-thumbnail","6":"product_cat-preorder","7":"product_cat-starcraft","8":"product_cat-statuen-computerspieluniversum","9":"product_tag-anime","10":"product_tag-anime-figur-shop","11":"product_tag-anime-figuren-one-piece","12":"product_tag-anime-statue","13":"product_tag-anime-statue-shop","14":"product_tag-anime-statuen","15":"product_tag-anime-toys","16":"product_tag-collectibles","17":"product_tag-collectibles-kaufen","18":"product_tag-handsomecake","19":"product_tag-mayflies-studio","20":"product_tag-resin-collectibles","21":"product_tag-resin-statuen","22":"product_tag-resin-statuen-kaufen","23":"product_tag-sarah-kerrigan","24":"product_tag-sarah-kerrigan-collectible","25":"product_tag-sarah-kerrigan-collectible-kaufen","26":"product_tag-sarah-kerrigan-statue","27":"product_tag-sarah-kerrigan-statue-kaufen","28":"product_tag-starcraft","29":"product_tag-starcraft-collectibles","30":"product_tag-starcraft-collectibles-kaufen","31":"product_tag-starcraft-statuen","32":"product_tag-starcraft-statuen-kaufen","33":"product_tag-statuen-shop","34":"product_tag-statues-collectible","35":"product_tag-statues-collectibles","36":"product_tag-toys","37":"pa_brand-mayflies-studio","38":"pa_scale-1_to_4","40":"first","41":"instock","42":"taxable","43":"shipping-taxable","44":"product-type-simple"},"_links":{"self":[{"href":"https:\/\/store.handsomecake.com\/en\/wp-json\/wp\/v2\/product\/3420","targetHints":{"allow":["GET"]}}],"collection":[{"href":"https:\/\/store.handsomecake.com\/en\/wp-json\/wp\/v2\/product"}],"about":[{"href":"https:\/\/store.handsomecake.com\/en\/wp-json\/wp\/v2\/types\/product"}],"replies":[{"embeddable":true,"href":"https:\/\/store.handsomecake.com\/en\/wp-json\/wp\/v2\/comments?post=3420"}],"wp:featuredmedia":[{"embeddable":true,"href":"https:\/\/store.handsomecake.com\/en\/wp-json\/wp\/v2\/media\/3421"}],"wp:attachment":[{"href":"https:\/\/store.handsomecake.com\/en\/wp-json\/wp\/v2\/media?parent=3420"}],"wp:term":[{"taxonomy":"product_brand","embeddable":true,"href":"https:\/\/store.handsomecake.com\/en\/wp-json\/wp\/v2\/product_brand?post=3420"},{"taxonomy":"product_cat","embeddable":true,"href":"https:\/\/store.handsomecake.com\/en\/wp-json\/wp\/v2\/product_cat?post=3420"},{"taxonomy":"product_tag","embeddable":true,"href":"https:\/\/store.handsomecake.com\/en\/wp-json\/wp\/v2\/product_tag?post=3420"}],"curies":[{"name":"wp","href":"https:\/\/api.w.org\/{rel}","templated":true}]}}