{"id":34190,"date":"2024-07-20T00:07:46","date_gmt":"2024-07-20T00:07:46","guid":{"rendered":"https:\/\/store.handsomecake.com\/product\/baldurs-gate-3-astarion-14-resin-statue-von-yasisi-studio\/"},"modified":"2024-07-20T01:19:13","modified_gmt":"2024-07-20T01:19:13","slug":"baldurs-gate-3-astarion-14-resin-statue-von-yasisi-studio","status":"publish","type":"product","link":"https:\/\/store.handsomecake.com\/en\/product\/baldurs-gate-3-astarion-14-resin-statue-von-yasisi-studio\/","title":{"rendered":"Baldur&#8217;s Gate 3 &#8211; Astarion | 1:4 Resin Statue | von Yasisi Studio"},"content":{"rendered":"<p><strong>Baldur&#8217;s Gate 3 &#8211; Astarion | 1:4 Resin Statue | von Yasisi Studio<\/strong><\/p>\n<p>I do ship EU-wide, please contact me, should questions arise.<\/p>\n<p><em><span style=\"color: #ffffff;\"><span style=\"background-color: #2c3e50;\">\u00a0&#8220; And to think I was ready to decorate the ground with your innards. Apologies. &#8220;\u00a0\u00a0 <\/span><\/span><\/em><\/p>\n<p>Tolle Statue von Hochelf Astarion Ancun\u00edn.<br \/>\nWunderbar verarbeitete und sehr detaillierte Astarion Statue aus Polystone &#8211; k\u00fcnstlichem Stein-Harz-Gemisch.<\/p>\n<p><strong>Besonderheiten:<\/strong><\/p>\n<ul>\n<li>weltweit auf 199 St\u00fcck begrenzt<\/li>\n<li>mit austauschbarem nacktem K\u00f6rper und kleinem Bonus<\/li>\n<li>1:4 Version mit Glasaugen<\/li>\n<li>auch in 1:6 Version verf\u00fcgbar<\/li>\n<\/ul>\n<p><strong>Release-Status:<\/strong><\/p>\n<ul>\n<li>Preorder. Statue wird voraussichtlich in Q1 2025 released und wir erwarten sie sch\u00e4tzungsweise Ende Mai 2025bei uns im Warenlager.<\/li>\n<li>Diese Angabe ist ohne Gew\u00e4hr! Wir leiten nur die Sch\u00e4tzung vom Hersteller weiter.<\/li>\n<li>Falls das Datum \u00fcberschritten wurde und hier immer noch eine Sch\u00e4tzung aus der Vergangenheit steht, dann bedeutet das NICHT, dass die Figur bereits im Lager in Deutschland ist. Sie ist NUR dann auf Lager in Deutschland, wenn der Text dies entsprechend sagt und\/oder die Kategorie weiter oben &#8222;Lagernd vor Ort&#8220; hei\u00dft.<\/li>\n<\/ul>\n<hr \/>\n<p>Wie immer bei unseren Artikeln &#8211; s\u00e4mtliche Geb\u00fchren sind, im Gegensatz zu anderen Anbietern auf dem Markt, bereits inkludiert.<\/p>\n<p>Versand erfolgt ausschlie\u00dflich aus Deutschland, es fallen keine Zoll- und Importgeb\u00fchren an.<\/p>\n<p>Als einziger EU-weit legal zugelassener H\u00e4ndler von Resin-Statuen garantieren wir exklusive Qualit\u00e4t und Vertrauensw\u00fcrdigkeit, die ihr nirgendwo anders finden.<\/p>\n<p>Ihr kauft keine Katze im Sack \ud83d\ude42<\/p>\n<hr \/>\n<p>You are not prepared! \ud83d\ude42<\/p>","protected":false},"excerpt":{"rendered":"<p>Baldur&#8217;s Gate 3 &#8211; Astarion | 1:4 Resin Statue | von Yasisi Studio I do ship EU-wide, please contact me, should questions arise. \u00a0&#8220; And to think I was ready to decorate the ground with your innards. Apologies. &#8220;\u00a0\u00a0 Tolle Statue von Hochelf Astarion Ancun\u00edn. Wunderbar verarbeitete und sehr detaillierte Astarion Statue aus Polystone &#8211; [&hellip;]<\/p>\n","protected":false},"featured_media":34243,"comment_status":"closed","ping_status":"closed","template":"","meta":[],"product_brand":[],"product_cat":[24,568,81],"product_tag":[612,666,794,662,640,658,3346,3175,3176,3345,147,251,795,154,136,137,380,382,718],"class_list":{"0":"post-34190","1":"product","2":"type-product","3":"status-publish","4":"has-post-thumbnail","6":"product_cat-action-figuren","7":"product_cat-preorder","8":"product_cat-statuen-computerspieluniversum","9":"product_tag-anime","10":"product_tag-anime-figuren-shop","11":"product_tag-anime-statue","12":"product_tag-anime-statue-shop","13":"product_tag-anime-statuen","14":"product_tag-anime-toys","15":"product_tag-astarion","16":"product_tag-baldurs-gate","17":"product_tag-baldurs-gate-3","18":"product_tag-baldurs-gate-astarion","19":"product_tag-collectibles","20":"product_tag-collectibles-kaufen","21":"product_tag-handsomecake","22":"product_tag-resin-collectibles","23":"product_tag-resin-statuen","24":"product_tag-resin-statuen-kaufen","25":"product_tag-statues-collectible","26":"product_tag-statues-collectibles","27":"product_tag-toys","28":"pa_brand-yasisi-studio","30":"first","31":"instock","32":"taxable","33":"shipping-taxable","34":"product-type-variable"},"_links":{"self":[{"href":"https:\/\/store.handsomecake.com\/en\/wp-json\/wp\/v2\/product\/34190","targetHints":{"allow":["GET"]}}],"collection":[{"href":"https:\/\/store.handsomecake.com\/en\/wp-json\/wp\/v2\/product"}],"about":[{"href":"https:\/\/store.handsomecake.com\/en\/wp-json\/wp\/v2\/types\/product"}],"replies":[{"embeddable":true,"href":"https:\/\/store.handsomecake.com\/en\/wp-json\/wp\/v2\/comments?post=34190"}],"wp:featuredmedia":[{"embeddable":true,"href":"https:\/\/store.handsomecake.com\/en\/wp-json\/wp\/v2\/media\/34243"}],"wp:attachment":[{"href":"https:\/\/store.handsomecake.com\/en\/wp-json\/wp\/v2\/media?parent=34190"}],"wp:term":[{"taxonomy":"product_brand","embeddable":true,"href":"https:\/\/store.handsomecake.com\/en\/wp-json\/wp\/v2\/product_brand?post=34190"},{"taxonomy":"product_cat","embeddable":true,"href":"https:\/\/store.handsomecake.com\/en\/wp-json\/wp\/v2\/product_cat?post=34190"},{"taxonomy":"product_tag","embeddable":true,"href":"https:\/\/store.handsomecake.com\/en\/wp-json\/wp\/v2\/product_tag?post=34190"}],"curies":[{"name":"wp","href":"https:\/\/api.w.org\/{rel}","templated":true}]}}