{"id":34175,"date":"2024-07-20T00:05:58","date_gmt":"2024-07-20T00:05:58","guid":{"rendered":"https:\/\/store.handsomecake.com\/product\/berserk-guts-casca-14-resin-statue-von-prime-1-studio\/"},"modified":"2024-07-20T01:24:01","modified_gmt":"2024-07-20T01:24:01","slug":"berserk-guts-casca-14-resin-statue-von-prime-1-studio","status":"publish","type":"product","link":"https:\/\/store.handsomecake.com\/en\/product\/berserk-guts-casca-14-resin-statue-von-prime-1-studio\/","title":{"rendered":"Berserk &#8211; Guts &amp; Casca | 1:4 Resin Statue | von Prime 1 Studio"},"content":{"rendered":"<p><strong>Berserk &#8211; Guts &amp; Casca | 1:4 Resin Statue | von Prime 1 Studio<\/strong><\/p>\n<p>EU Taxfree! I do ship EU-wide, please contact me, should questions arise.<\/p>\n<p>Tolle Statue des &#8222;Black Swordsman&#8220; und seiner entfremdeten Gef\u00e4hrtin.<br \/>\nWunderbar verarbeitete und sehr detaillierte Statue von Guts &amp; Casca in seiner Berserkerr\u00fcstung aus Polystone &#8211; k\u00fcnstlichem Stein-Harz-Gemisch.<\/p>\n<p><strong>Besonderheiten:<\/strong><\/p>\n<ul>\n<li>mit LED<\/li>\n<li>Exclusive Version: Regular Version + Void Hand (Bonus Teil)<\/li>\n<li>Regular Version auch separat erh\u00e4ltlich<\/li>\n<\/ul>\n<p><strong>Release-Status:<\/strong><\/p>\n<ul>\n<li>Preorder. Statue wird voraussichtlich am Ende Q2 2026 erscheinen und wir erwarten sie voraussichtlich Ende August 2026 im Warenlager.<\/li>\n<li>Diese Angabe ist ohne Gew\u00e4hr! Wir leiten nur die Sch\u00e4tzung vom Hersteller weiter.<\/li>\n<li>Falls das Datum \u00fcberschritten wurde und hier immer noch eine Sch\u00e4tzung aus der Vergangenheit steht, dann bedeutet das NICHT, dass die Figur bereits im Lager in Deutschland ist. Sie ist NUR dann auf Lager in Deutschland, wenn der Text dies entsprechend sagt und\/oder die Kategorie weiter oben &#8222;Lagernd vor Ort&#8220; hei\u00dft.<\/li>\n<\/ul>\n<hr \/>\n<p>Wie immer bei unseren Artikeln &#8211; s\u00e4mtliche Geb\u00fchren sind, im Gegensatz zu anderen Anbietern auf dem Markt, bereits inkludiert.<\/p>\n<p>Versand erfolgt ausschlie\u00dflich aus Deutschland, es fallen keine Zoll- und Importgeb\u00fchren an.<\/p>\n<p>Als einziger EU-weit legal zugelassener H\u00e4ndler von Resin-Statuen garantieren wir exklusive Qualit\u00e4t und Vertrauensw\u00fcrdigkeit, die ihr nirgendwo anders finden.<\/p>\n<p>Ihr kauft keine Katze im Sack \ud83d\ude42<\/p>\n<hr \/>\n<p>You are not prepared! \ud83d\ude42<\/p>","protected":false},"excerpt":{"rendered":"<p>Berserk &#8211; Guts &amp; Casca | 1:4 Resin Statue | von Prime 1 Studio EU Taxfree! I do ship EU-wide, please contact me, should questions arise. Tolle Statue des &#8222;Black Swordsman&#8220; und seiner entfremdeten Gef\u00e4hrtin. Wunderbar verarbeitete und sehr detaillierte Statue von Guts &amp; Casca in seiner Berserkerr\u00fcstung aus Polystone &#8211; k\u00fcnstlichem Stein-Harz-Gemisch. Besonderheiten: mit [&hellip;]<\/p>\n","protected":false},"featured_media":34245,"comment_status":"closed","ping_status":"closed","template":"","meta":[],"product_brand":[],"product_cat":[24,568,84],"product_tag":[612,666,717,640,658,962,963,956,959,958,957,964,479,147,251,383,553,955,960,961,795,154,255,136,137,554,379,381,552,380,382,547],"class_list":{"0":"post-34175","1":"product","2":"type-product","3":"status-publish","4":"has-post-thumbnail","6":"product_cat-action-figuren","7":"product_cat-preorder","8":"product_cat-statuen-anime-comic-universum","9":"product_tag-anime","10":"product_tag-anime-figuren-shop","11":"product_tag-anime-shop","12":"product_tag-anime-statuen","13":"product_tag-anime-toys","14":"product_tag-berserk","15":"product_tag-berserk-collectibles","16":"product_tag-berserk-guts","17":"product_tag-berserk-guts-figurine","18":"product_tag-berserk-guts-statue","19":"product_tag-berserk-guts-toy","20":"product_tag-berserk-statuen","21":"product_tag-collectible","22":"product_tag-collectibles","23":"product_tag-collectibles-kaufen","24":"product_tag-collector","25":"product_tag-figure-collector","26":"product_tag-guts-figurine","27":"product_tag-guts-toy","28":"product_tag-guts-toys","29":"product_tag-handsomecake","30":"product_tag-resin-collectibles","31":"product_tag-resin-collectibles-kaufen","32":"product_tag-resin-statuen","33":"product_tag-resin-statuen-kaufen","34":"product_tag-resin-statues","35":"product_tag-statue-collectible","36":"product_tag-statue-collectibles","37":"product_tag-statue-collector","38":"product_tag-statues-collectible","39":"product_tag-statues-collectibles","40":"product_tag-statues-collector","41":"pa_brand-prime-1-studio","42":"pa_scale-1_to_4","44":"first","45":"instock","46":"taxable","47":"shipping-taxable","48":"product-type-variable"},"_links":{"self":[{"href":"https:\/\/store.handsomecake.com\/en\/wp-json\/wp\/v2\/product\/34175","targetHints":{"allow":["GET"]}}],"collection":[{"href":"https:\/\/store.handsomecake.com\/en\/wp-json\/wp\/v2\/product"}],"about":[{"href":"https:\/\/store.handsomecake.com\/en\/wp-json\/wp\/v2\/types\/product"}],"replies":[{"embeddable":true,"href":"https:\/\/store.handsomecake.com\/en\/wp-json\/wp\/v2\/comments?post=34175"}],"wp:featuredmedia":[{"embeddable":true,"href":"https:\/\/store.handsomecake.com\/en\/wp-json\/wp\/v2\/media\/34245"}],"wp:attachment":[{"href":"https:\/\/store.handsomecake.com\/en\/wp-json\/wp\/v2\/media?parent=34175"}],"wp:term":[{"taxonomy":"product_brand","embeddable":true,"href":"https:\/\/store.handsomecake.com\/en\/wp-json\/wp\/v2\/product_brand?post=34175"},{"taxonomy":"product_cat","embeddable":true,"href":"https:\/\/store.handsomecake.com\/en\/wp-json\/wp\/v2\/product_cat?post=34175"},{"taxonomy":"product_tag","embeddable":true,"href":"https:\/\/store.handsomecake.com\/en\/wp-json\/wp\/v2\/product_tag?post=34175"}],"curies":[{"name":"wp","href":"https:\/\/api.w.org\/{rel}","templated":true}]}}