{"id":34080,"date":"2024-07-13T20:06:44","date_gmt":"2024-07-13T20:06:44","guid":{"rendered":"https:\/\/store.handsomecake.com\/product\/honkai-impact-3rd-raiden-mei-14-resin-statue-von-treasure-studio\/"},"modified":"2024-07-13T22:03:10","modified_gmt":"2024-07-13T22:03:10","slug":"honkai-impact-3rd-raiden-mei-14-resin-statue-von-treasure-studio","status":"publish","type":"product","link":"https:\/\/store.handsomecake.com\/en\/product\/honkai-impact-3rd-raiden-mei-14-resin-statue-von-treasure-studio\/","title":{"rendered":"Honkai Impact 3rd &#8211; Raiden Mei | 1:4 Resin Statue | von TreaSure Studio"},"content":{"rendered":"<p><strong>Honkai Impact 3rd &#8211; Raiden Mei | 1:4 Resin Statue | von TreaSure Studio<\/strong><\/p>\n<p>I do ship EU-wide, please contact me, should questions arise.<\/p>\n<p><span style=\"color: #ffffff;\"><em><span style=\"background-color: #2c3e50;\">\u00a0&#8220; I used to be afraid that the Herrscher might hurt more people&#8230; But I do not intend to hide any longer. I will use this power to protect people I love. &#8220; \u00a0<\/span><\/em><\/span><\/p>\n<p>Tolle Statue der wundersch\u00f6nen Tochter des prominenten Raiden Ryoma.<br \/>\nWunderbar verarbeitete und sehr detaillierte Raiden Mei Statue aus Polystone &#8211; k\u00fcnstlichem Stein-Harz-Gemisch.<\/p>\n<p><strong>Besonderheiten:<\/strong><\/p>\n<ul>\n<li>C Version: A + B<\/li>\n<li>A und B Versionen auch separat erh\u00e4ltlich<\/li>\n<li>bei B Version zur Auswahl: schwarze oder lila Seidenstr\u00fcmpfe<\/li>\n<li>Kleidung abnehmbar<\/li>\n<li>weltweit 198 St\u00fcck<\/li>\n<\/ul>\n<p><strong>Release-Status:<\/strong><\/p>\n<ul>\n<li>Preorder. Statue wird voraussichtlich am Ende Q2 2025 erscheinen und wir erwarten sie voraussichtlich Ende August 2025 im Warenlager.<\/li>\n<li>Diese Angabe ist ohne Gew\u00e4hr! Wir leiten nur die Sch\u00e4tzung vom Hersteller weiter.<\/li>\n<li>Falls das Datum \u00fcberschritten wurde und hier immer noch eine Sch\u00e4tzung aus der Vergangenheit steht, dann bedeutet das NICHT, dass die Figur bereits im Lager in Deutschland ist. Sie ist NUR dann auf Lager in Deutschland, wenn der Text dies entsprechend sagt und\/oder die Kategorie weiter oben &#8222;Lagernd vor Ort&#8220; hei\u00dft.<\/li>\n<\/ul>\n<hr \/>\n<p>Wie immer bei unseren Artikeln &#8211; s\u00e4mtliche Geb\u00fchren sind, im Gegensatz zu anderen Anbietern auf dem Markt, bereits inkludiert.<\/p>\n<p>Versand erfolgt ausschlie\u00dflich aus Deutschland, es fallen keine Zoll- und Importgeb\u00fchren an.<\/p>\n<p>Als einziger EU-weit legal zugelassener H\u00e4ndler von Resin-Statuen garantieren wir exklusive Qualit\u00e4t und Vertrauensw\u00fcrdigkeit, die ihr nirgendwo anders finden.<\/p>\n<p>Ihr kauft keine Katze im Sack \ud83d\ude42<\/p>\n<hr \/>\n<p>You are not prepared! \ud83d\ude42<\/p>","protected":false},"excerpt":{"rendered":"<p>Honkai Impact 3rd &#8211; Raiden Mei | 1:4 Resin Statue | von TreaSure Studio I do ship EU-wide, please contact me, should questions arise. \u00a0&#8220; I used to be afraid that the Herrscher might hurt more people&#8230; But I do not intend to hide any longer. I will use this power to protect people I [&hellip;]<\/p>\n","protected":false},"featured_media":34103,"comment_status":"closed","ping_status":"closed","template":"","meta":[],"product_brand":[],"product_cat":[24,568,81],"product_tag":[666,708,795,3204,3464,3465,3468,3467,3466,3469,3470,379,381,665,380,382,547],"class_list":{"0":"post-34080","1":"product","2":"type-product","3":"status-publish","4":"has-post-thumbnail","6":"product_cat-action-figuren","7":"product_cat-preorder","8":"product_cat-statuen-computerspieluniversum","9":"product_tag-anime-figuren-shop","10":"product_tag-anime-statuen-shop","11":"product_tag-handsomecake","12":"product_tag-honkai-impact-3rd","13":"product_tag-honkai-impact-3rd-raiden-mei","14":"product_tag-honkai-raiden-mei","15":"product_tag-mei","16":"product_tag-raiden","17":"product_tag-raiden-mei","18":"product_tag-raiden-mei-figure","19":"product_tag-raiden-mei-statue","20":"product_tag-statue-collectible","21":"product_tag-statue-collectibles","22":"product_tag-statuen-shop","23":"product_tag-statues-collectible","24":"product_tag-statues-collectibles","25":"product_tag-statues-collector","26":"pa_brand-treasure-studio","27":"pa_scale-1_to_4","29":"first","30":"instock","31":"taxable","32":"shipping-taxable","33":"product-type-variable"},"_links":{"self":[{"href":"https:\/\/store.handsomecake.com\/en\/wp-json\/wp\/v2\/product\/34080","targetHints":{"allow":["GET"]}}],"collection":[{"href":"https:\/\/store.handsomecake.com\/en\/wp-json\/wp\/v2\/product"}],"about":[{"href":"https:\/\/store.handsomecake.com\/en\/wp-json\/wp\/v2\/types\/product"}],"replies":[{"embeddable":true,"href":"https:\/\/store.handsomecake.com\/en\/wp-json\/wp\/v2\/comments?post=34080"}],"wp:featuredmedia":[{"embeddable":true,"href":"https:\/\/store.handsomecake.com\/en\/wp-json\/wp\/v2\/media\/34103"}],"wp:attachment":[{"href":"https:\/\/store.handsomecake.com\/en\/wp-json\/wp\/v2\/media?parent=34080"}],"wp:term":[{"taxonomy":"product_brand","embeddable":true,"href":"https:\/\/store.handsomecake.com\/en\/wp-json\/wp\/v2\/product_brand?post=34080"},{"taxonomy":"product_cat","embeddable":true,"href":"https:\/\/store.handsomecake.com\/en\/wp-json\/wp\/v2\/product_cat?post=34080"},{"taxonomy":"product_tag","embeddable":true,"href":"https:\/\/store.handsomecake.com\/en\/wp-json\/wp\/v2\/product_tag?post=34080"}],"curies":[{"name":"wp","href":"https:\/\/api.w.org\/{rel}","templated":true}]}}