{"id":34061,"date":"2024-07-13T20:03:09","date_gmt":"2024-07-13T20:03:09","guid":{"rendered":"https:\/\/store.handsomecake.com\/product\/spy-x-family-yor-forger-14-resin-statue-von-dt-ume-studios\/"},"modified":"2025-03-26T15:26:21","modified_gmt":"2025-03-26T15:26:21","slug":"spy-x-family-yor-forger-14-resin-statue-von-dt-ume-studios","status":"publish","type":"product","link":"https:\/\/store.handsomecake.com\/en\/product\/spy-x-family-yor-forger-14-resin-statue-von-dt-ume-studios\/","title":{"rendered":"SPY x FAMILY &#8211; Yor Forger | 1:4 Resin Statue | von DT &amp; UME Studios"},"content":{"rendered":"<p><strong>SPY x FAMILY &#8211; Yor Forger | 1:4 Resin Statue | von DT &amp; UME Studios<\/strong><\/p>\n<p>EU Taxfree! I do ship EU-wide, please contact me, should questions arise.<\/p>\n<p>Tolle Statue von &#8222;Thorn Princess&#8220;<br \/>\nWunderbar verarbeitete und sehr detaillierte Statue von Yor Forger aus Polystone &#8211; k\u00fcnstlichem Stein-Harz-Gemisch.<\/p>\n<p><strong>Besonderheiten:<\/strong><\/p>\n<ul>\n<li>weltweit nur 150 St\u00fcck<\/li>\n<li>Silikonk\u00f6rper<\/li>\n<li>schwarze Kleidung Version<\/li>\n<\/ul>\n<p><strong>Release-Status:<\/strong><\/p>\n<ul>\n<li>Released. Ab Bestellzeitpunkt in ca. 3-4 Monaten bei euch.<\/li>\n<\/ul>\n<hr \/>\n<p>Wie immer bei unseren Artikeln &#8211; s\u00e4mtliche Geb\u00fchren sind, im Gegensatz zu anderen Anbietern auf dem Markt, bereits inkludiert.<\/p>\n<p>Versand erfolgt ausschlie\u00dflich aus Deutschland, es fallen keine Zoll- und Importgeb\u00fchren an.<\/p>\n<p>Als einziger EU-weit legal zugelassener H\u00e4ndler von Resin-Statuen garantieren wir exklusive Qualit\u00e4t und Vertrauensw\u00fcrdigkeit, die ihr nirgendwo anders finden.<\/p>\n<p>Ihr kauft keine Katze im Sack \ud83d\ude42<\/p>\n<hr \/>\n<p>You are not prepared! \ud83d\ude42<\/p>","protected":false},"excerpt":{"rendered":"<p>SPY x FAMILY &#8211; Yor Forger | 1:4 Resin Statue | von DT &amp; UME Studios EU Taxfree! I do ship EU-wide, please contact me, should questions arise. Tolle Statue von &#8222;Thorn Princess&#8220; Wunderbar verarbeitete und sehr detaillierte Statue von Yor Forger aus Polystone &#8211; k\u00fcnstlichem Stein-Harz-Gemisch. Besonderheiten: weltweit nur 150 St\u00fcck Silikonk\u00f6rper schwarze Kleidung [&hellip;]<\/p>\n","protected":false},"featured_media":34102,"comment_status":"closed","ping_status":"closed","template":"","meta":[],"product_brand":[],"product_cat":[24,84,567],"product_tag":[612,666,717,794,662,640,658,479,147,251,795,154,255,136,137,1586,1588,1589,1587,379,381,552,665,380,382,1583,1584,1585],"class_list":{"0":"post-34061","1":"product","2":"type-product","3":"status-publish","4":"has-post-thumbnail","6":"product_cat-action-figuren","7":"product_cat-statuen-anime-comic-universum","8":"product_cat-in_stock_warehouse_china","9":"product_tag-anime","10":"product_tag-anime-figuren-shop","11":"product_tag-anime-shop","12":"product_tag-anime-statue","13":"product_tag-anime-statue-shop","14":"product_tag-anime-statuen","15":"product_tag-anime-toys","16":"product_tag-collectible","17":"product_tag-collectibles","18":"product_tag-collectibles-kaufen","19":"product_tag-handsomecake","20":"product_tag-resin-collectibles","21":"product_tag-resin-collectibles-kaufen","22":"product_tag-resin-statuen","23":"product_tag-resin-statuen-kaufen","24":"product_tag-spy-x-family-collectibles","25":"product_tag-spy-x-family-resin","26":"product_tag-spy-x-family-statue","27":"product_tag-spy-x-family-yor-forger","28":"product_tag-statue-collectible","29":"product_tag-statue-collectibles","30":"product_tag-statue-collector","31":"product_tag-statuen-shop","32":"product_tag-statues-collectible","33":"product_tag-statues-collectibles","34":"product_tag-yor-forger","35":"product_tag-yor-forger-collectible","36":"product_tag-yor-forger-statue","37":"pa_brand-dt-studio","38":"pa_scale-1_to_4","40":"first","41":"outofstock","42":"taxable","43":"shipping-taxable","44":"product-type-simple"},"_links":{"self":[{"href":"https:\/\/store.handsomecake.com\/en\/wp-json\/wp\/v2\/product\/34061","targetHints":{"allow":["GET"]}}],"collection":[{"href":"https:\/\/store.handsomecake.com\/en\/wp-json\/wp\/v2\/product"}],"about":[{"href":"https:\/\/store.handsomecake.com\/en\/wp-json\/wp\/v2\/types\/product"}],"replies":[{"embeddable":true,"href":"https:\/\/store.handsomecake.com\/en\/wp-json\/wp\/v2\/comments?post=34061"}],"wp:featuredmedia":[{"embeddable":true,"href":"https:\/\/store.handsomecake.com\/en\/wp-json\/wp\/v2\/media\/34102"}],"wp:attachment":[{"href":"https:\/\/store.handsomecake.com\/en\/wp-json\/wp\/v2\/media?parent=34061"}],"wp:term":[{"taxonomy":"product_brand","embeddable":true,"href":"https:\/\/store.handsomecake.com\/en\/wp-json\/wp\/v2\/product_brand?post=34061"},{"taxonomy":"product_cat","embeddable":true,"href":"https:\/\/store.handsomecake.com\/en\/wp-json\/wp\/v2\/product_cat?post=34061"},{"taxonomy":"product_tag","embeddable":true,"href":"https:\/\/store.handsomecake.com\/en\/wp-json\/wp\/v2\/product_tag?post=34061"}],"curies":[{"name":"wp","href":"https:\/\/api.w.org\/{rel}","templated":true}]}}