{"id":34045,"date":"2024-07-13T20:01:17","date_gmt":"2024-07-13T20:01:17","guid":{"rendered":"https:\/\/store.handsomecake.com\/product\/elden-ring-queen-marika-the-eternal-14-resin-statue-von-chikara-studio\/"},"modified":"2025-10-27T11:28:04","modified_gmt":"2025-10-27T11:28:04","slug":"elden-ring-queen-marika-the-eternal-14-resin-statue-von-chikara-studio","status":"publish","type":"product","link":"https:\/\/store.handsomecake.com\/en\/product\/elden-ring-queen-marika-the-eternal-14-resin-statue-von-chikara-studio\/","title":{"rendered":"Elden Ring &#8211; Queen Marika the Eternal | 1:4 Resin Statue | von Chikara Studio"},"content":{"rendered":"<p><strong>Elden Ring &#8211; Queen Marika the Eternal | 1:4 Resin Statue | von Chikara Studio<\/strong><\/p>\n<p>EU Taxfree! I do ship EU-wide, please contact me, should questions arise.<\/p>\n<p>Tolle Statue von K\u00f6nigin Marika die Ewige.<br \/>\nWunderbar verarbeitete und sehr detaillierte Statue von Marika aus Polystone &#8211; k\u00fcnstlichem Stein-Harz-Gemisch.<\/p>\n<p><strong>Besonderheiten:<\/strong><\/p>\n<ul>\n<li>weltweit auf 228 St\u00fcck begrenzt<\/li>\n<li>EX Version : A+B<\/li>\n<li>A (mit Kleid) und B (nackter K\u00f6rper + handgefertigte Spitzenunterw\u00e4sche) Versionen\u00a0 auch separat erh\u00e4ltlich<\/li>\n<\/ul>\n<p><strong>Release-Status:<\/strong><\/p>\n<ul>\n<li>Preorder. Statue wird voraussichtlich am Ende Q3 2025 erscheinen und wir erwarten sie voraussichtlich Ende Oktober 2025 im Warenlager.<\/li>\n<li>Diese Angabe ist ohne Gew\u00e4hr! Wir leiten nur die Sch\u00e4tzung vom Hersteller weiter.<\/li>\n<li>Falls das Datum \u00fcberschritten wurde und hier immer noch eine Sch\u00e4tzung aus der Vergangenheit steht, dann bedeutet das NICHT, dass die Figur bereits im Lager in Deutschland ist. Sie ist NUR dann auf Lager in Deutschland, wenn der Text dies entsprechend sagt und\/oder die Kategorie weiter oben &#8222;Lagernd vor Ort&#8220; hei\u00dft.<\/li>\n<\/ul>\n<hr \/>\n<p>Wie immer bei unseren Artikeln &#8211; s\u00e4mtliche Geb\u00fchren sind, im Gegensatz zu anderen Anbietern auf dem Markt, bereits inkludiert.<\/p>\n<p>Versand erfolgt ausschlie\u00dflich aus Deutschland, es fallen keine Zoll- und Importgeb\u00fchren an.<\/p>\n<p>Als einziger EU-weit legal zugelassener H\u00e4ndler von Resin-Statuen garantieren wir exklusive Qualit\u00e4t und Vertrauensw\u00fcrdigkeit, die ihr nirgendwo anders finden.<\/p>\n<p>Ihr kauft keine Katze im Sack \ud83d\ude42<\/p>\n<hr \/>\n<p>You are not prepared! \ud83d\ude42<\/p>","protected":false},"excerpt":{"rendered":"<p>Elden Ring &#8211; Queen Marika the Eternal | 1:4 Resin Statue | von Chikara Studio EU Taxfree! I do ship EU-wide, please contact me, should questions arise. Tolle Statue von K\u00f6nigin Marika die Ewige. Wunderbar verarbeitete und sehr detaillierte Statue von Marika aus Polystone &#8211; k\u00fcnstlichem Stein-Harz-Gemisch. Besonderheiten: weltweit auf 228 St\u00fcck begrenzt EX Version [&hellip;]<\/p>\n","protected":false},"featured_media":34100,"comment_status":"closed","ping_status":"closed","template":"","meta":[],"product_brand":[],"product_cat":[24,1775,568,81],"product_tag":[658,147,251,1332,1329,2489,1330,1331,2490,1333,795,3475,3476,3477,3478,154,136,137,379,381,665,380,382,718],"class_list":{"0":"post-34045","1":"product","2":"type-product","3":"status-publish","4":"has-post-thumbnail","6":"product_cat-action-figuren","7":"product_cat-elden-ring","8":"product_cat-preorder","9":"product_cat-statuen-computerspieluniversum","10":"product_tag-anime-toys","11":"product_tag-collectibles","12":"product_tag-collectibles-kaufen","13":"product_tag-elden-ring","14":"product_tag-elden-ring-collectibles","15":"product_tag-elden-ring-figur","16":"product_tag-elden-ring-resin","17":"product_tag-elden-ring-resin-statue","18":"product_tag-elden-ring-statue","19":"product_tag-elden-ring-statuen","20":"product_tag-handsomecake","21":"product_tag-queen-marika","22":"product_tag-queen-marika-collectible","23":"product_tag-queen-marika-statue","24":"product_tag-queen-marika-the-eternal","25":"product_tag-resin-collectibles","26":"product_tag-resin-statuen","27":"product_tag-resin-statuen-kaufen","28":"product_tag-statue-collectible","29":"product_tag-statue-collectibles","30":"product_tag-statuen-shop","31":"product_tag-statues-collectible","32":"product_tag-statues-collectibles","33":"product_tag-toys","34":"pa_brand-chikara-studio","35":"pa_scale-1_to_4","37":"first","38":"instock","39":"taxable","40":"shipping-taxable","41":"product-type-variable"},"_links":{"self":[{"href":"https:\/\/store.handsomecake.com\/en\/wp-json\/wp\/v2\/product\/34045","targetHints":{"allow":["GET"]}}],"collection":[{"href":"https:\/\/store.handsomecake.com\/en\/wp-json\/wp\/v2\/product"}],"about":[{"href":"https:\/\/store.handsomecake.com\/en\/wp-json\/wp\/v2\/types\/product"}],"replies":[{"embeddable":true,"href":"https:\/\/store.handsomecake.com\/en\/wp-json\/wp\/v2\/comments?post=34045"}],"wp:featuredmedia":[{"embeddable":true,"href":"https:\/\/store.handsomecake.com\/en\/wp-json\/wp\/v2\/media\/34100"}],"wp:attachment":[{"href":"https:\/\/store.handsomecake.com\/en\/wp-json\/wp\/v2\/media?parent=34045"}],"wp:term":[{"taxonomy":"product_brand","embeddable":true,"href":"https:\/\/store.handsomecake.com\/en\/wp-json\/wp\/v2\/product_brand?post=34045"},{"taxonomy":"product_cat","embeddable":true,"href":"https:\/\/store.handsomecake.com\/en\/wp-json\/wp\/v2\/product_cat?post=34045"},{"taxonomy":"product_tag","embeddable":true,"href":"https:\/\/store.handsomecake.com\/en\/wp-json\/wp\/v2\/product_tag?post=34045"}],"curies":[{"name":"wp","href":"https:\/\/api.w.org\/{rel}","templated":true}]}}