{"id":34035,"date":"2024-07-13T19:58:25","date_gmt":"2024-07-13T19:58:25","guid":{"rendered":"https:\/\/store.handsomecake.com\/product\/nikke-goddess-of-victory-scarlet-14-resin-statue-von-acy-studio\/"},"modified":"2024-07-13T21:30:13","modified_gmt":"2024-07-13T21:30:13","slug":"nikke-goddess-of-victory-scarlet-14-resin-statue-von-acy-studio","status":"publish","type":"product","link":"https:\/\/store.handsomecake.com\/en\/product\/nikke-goddess-of-victory-scarlet-14-resin-statue-von-acy-studio\/","title":{"rendered":"Nikke: Goddess of Victory &#8211; Scarlet | 1:4 Resin Statue | von Acy Studio"},"content":{"rendered":"<p><strong>Nikke: Goddess of Victory &#8211; Scarlet | 1:4 Resin Statue | von Acy Studio<\/strong><\/p>\n<p>I do ship EU-wide, please contact me, should questions arise.<\/p>\n<p>Tolle Statue von Nikke Scarlet.<br \/>\nWunderbar verarbeitete und sehr detaillierte Scarlet Statue aus Polystone &#8211; k\u00fcnstlichem Stein-Harz-Gemisch.<\/p>\n<p><strong>Besonderheiten:<\/strong><\/p>\n<ul>\n<li>Exclusive Version mit austauschbarem nacktem K\u00f6rper<\/li>\n<li>auch Regular Version verf\u00fcgbar<\/li>\n<li>weltweit auf 288 St\u00fcck begrenzt<\/li>\n<\/ul>\n<p><strong>Release-Status:<\/strong><\/p>\n<ul>\n<li>Preorder. Statue wird voraussichtlich am Ende Q3 2025 erscheinen und wir erwarten sie voraussichtlich Ende Oktober 2025 im Warenlager.<\/li>\n<li>Diese Angabe ist ohne Gew\u00e4hr! Wir leiten nur die Sch\u00e4tzung vom Hersteller weiter.<\/li>\n<li>\u00a0Falls das Datum \u00fcberschritten wurde und hier immer noch eine Sch\u00e4tzung aus der Vergangenheit steht, dann bedeutet das NICHT, dass die Figur bereits im Lager in Deutschland ist. Sie ist NUR dann auf Lager in Deutschland, wenn der Text dies entsprechend sagt und\/oder die Kategorie weiter oben &#8222;Lagernd vor Ort&#8220; hei\u00dft.<\/li>\n<\/ul>\n<hr \/>\n<p>Wie immer bei unseren Artikeln &#8211; s\u00e4mtliche Geb\u00fchren sind, im Gegensatz zu anderen Anbietern auf dem Markt, bereits inkludiert.<\/p>\n<p>Versand erfolgt ausschlie\u00dflich aus Deutschland, es fallen keine Zoll- und Importgeb\u00fchren an.<\/p>\n<p>Als einziger EU-weit legal zugelassener H\u00e4ndler von Resin-Statuen garantieren wir exklusive Qualit\u00e4t und Vertrauensw\u00fcrdigkeit, die ihr nirgendwo anders finden.<\/p>\n<p>Ihr kauft keine Katze im Sack \ud83d\ude42<\/p>\n<hr \/>\n<p>You are not prepared! \ud83d\ude42<\/p>","protected":false},"excerpt":{"rendered":"<p>Nikke: Goddess of Victory &#8211; Scarlet | 1:4 Resin Statue | von Acy Studio I do ship EU-wide, please contact me, should questions arise. Tolle Statue von Nikke Scarlet. Wunderbar verarbeitete und sehr detaillierte Scarlet Statue aus Polystone &#8211; k\u00fcnstlichem Stein-Harz-Gemisch. Besonderheiten: Exclusive Version mit austauschbarem nacktem K\u00f6rper auch Regular Version verf\u00fcgbar weltweit auf 288 [&hellip;]<\/p>\n","protected":false},"featured_media":34101,"comment_status":"closed","ping_status":"closed","template":"","meta":[],"product_brand":[],"product_cat":[24,568,81],"product_tag":[658,147,251,795,3479,3480,3481,3482,3483,3484,3486,3485,154,136,137,3487,3488,3489,3047,379,381,665,380,382,718],"class_list":{"0":"post-34035","1":"product","2":"type-product","3":"status-publish","4":"has-post-thumbnail","6":"product_cat-action-figuren","7":"product_cat-preorder","8":"product_cat-statuen-computerspieluniversum","9":"product_tag-anime-toys","10":"product_tag-collectibles","11":"product_tag-collectibles-kaufen","12":"product_tag-handsomecake","13":"product_tag-nikke","14":"product_tag-nikke-goddess-of-victory","15":"product_tag-nikke-goddess-of-victory-collectibles","16":"product_tag-nikke-goddess-of-victory-figur","17":"product_tag-nikke-goddess-of-victory-resin","18":"product_tag-nikke-goddess-of-victory-scarlet","19":"product_tag-nikke-goddess-of-victory-statue","20":"product_tag-nikke-scarlet","21":"product_tag-resin-collectibles","22":"product_tag-resin-statuen","23":"product_tag-resin-statuen-kaufen","24":"product_tag-scarlet","25":"product_tag-scarlet-collectible","26":"product_tag-scarlet-nikke","27":"product_tag-statue","28":"product_tag-statue-collectible","29":"product_tag-statue-collectibles","30":"product_tag-statuen-shop","31":"product_tag-statues-collectible","32":"product_tag-statues-collectibles","33":"product_tag-toys","34":"pa_brand-acy-studio","35":"pa_scale-1_to_4","37":"first","38":"instock","39":"taxable","40":"shipping-taxable","41":"product-type-variable"},"_links":{"self":[{"href":"https:\/\/store.handsomecake.com\/en\/wp-json\/wp\/v2\/product\/34035","targetHints":{"allow":["GET"]}}],"collection":[{"href":"https:\/\/store.handsomecake.com\/en\/wp-json\/wp\/v2\/product"}],"about":[{"href":"https:\/\/store.handsomecake.com\/en\/wp-json\/wp\/v2\/types\/product"}],"replies":[{"embeddable":true,"href":"https:\/\/store.handsomecake.com\/en\/wp-json\/wp\/v2\/comments?post=34035"}],"wp:featuredmedia":[{"embeddable":true,"href":"https:\/\/store.handsomecake.com\/en\/wp-json\/wp\/v2\/media\/34101"}],"wp:attachment":[{"href":"https:\/\/store.handsomecake.com\/en\/wp-json\/wp\/v2\/media?parent=34035"}],"wp:term":[{"taxonomy":"product_brand","embeddable":true,"href":"https:\/\/store.handsomecake.com\/en\/wp-json\/wp\/v2\/product_brand?post=34035"},{"taxonomy":"product_cat","embeddable":true,"href":"https:\/\/store.handsomecake.com\/en\/wp-json\/wp\/v2\/product_cat?post=34035"},{"taxonomy":"product_tag","embeddable":true,"href":"https:\/\/store.handsomecake.com\/en\/wp-json\/wp\/v2\/product_tag?post=34035"}],"curies":[{"name":"wp","href":"https:\/\/api.w.org\/{rel}","templated":true}]}}