{"id":34022,"date":"2024-07-13T19:56:21","date_gmt":"2024-07-13T19:56:21","guid":{"rendered":"https:\/\/store.handsomecake.com\/product\/azur-lane-ijn-owari-14-resin-statue-von-huben-studio\/"},"modified":"2024-07-13T21:28:20","modified_gmt":"2024-07-13T21:28:20","slug":"azur-lane-ijn-owari-14-resin-statue-von-huben-studio","status":"publish","type":"product","link":"https:\/\/store.handsomecake.com\/en\/product\/azur-lane-ijn-owari-14-resin-statue-von-huben-studio\/","title":{"rendered":"Azur Lane &#8211; IJN Owari | 1:4 Resin Statue | von Huben Studio"},"content":{"rendered":"<p><strong>Azur Lane &#8211; IJN Owari | 1:4 Resin Statue | von Huben Studio<\/strong><\/p>\n<p>EU Taxfree! I do ship EU-wide, please contact me, should questions arise.<\/p>\n<p>Tolle Statue einer der obersten Maids der Royal Navy<br \/>\nWunderbar verarbeitete und sehr detaillierte Statue von Sirius aus Polystone &#8211; k\u00fcnstlichem Stein-Harz-Gemisch.<\/p>\n<p><strong>Besonderheiten:<\/strong><\/p>\n<ul>\n<li>weltweit auf 199 St\u00fcck begrenzt<\/li>\n<li>2 austauschbare K\u00f6pfe<\/li>\n<li>Kleidung abnehmbar<\/li>\n<\/ul>\n<p><strong>Release-Status:<\/strong><\/p>\n<ul>\n<li>Preorder. Statue wird voraussichtlich am Ende Q1 2025 erscheinen und wir erwarten sie voraussichtlich Ende Mai 2025 im Warenlager.<\/li>\n<li>Diese Angabe ist ohne Gew\u00e4hr! Wir leiten nur die Sch\u00e4tzung vom Hersteller weiter.<\/li>\n<li>Falls das Datum \u00fcberschritten wurde und hier immer noch eine Sch\u00e4tzung aus der Vergangenheit steht, dann bedeutet das NICHT, dass die Figur bereits im Lager in Deutschland ist. Sie ist NUR dann auf Lager in Deutschland, wenn der Text dies entsprechend sagt und\/oder die Kategorie weiter oben &#8222;Lagernd vor Ort&#8220; hei\u00dft.<\/li>\n<\/ul>\n<hr \/>\n<p>Wie immer bei unseren Artikeln &#8211; s\u00e4mtliche Geb\u00fchren sind, im Gegensatz zu anderen Anbietern auf dem Markt, bereits inkludiert.<\/p>\n<p>Versand erfolgt ausschlie\u00dflich aus Deutschland, es fallen keine Zoll- und Importgeb\u00fchren an.<\/p>\n<p>Als einziger EU-weit legal zugelassener H\u00e4ndler von Resin-Statuen garantieren wir exklusive Qualit\u00e4t und Vertrauensw\u00fcrdigkeit, die ihr nirgendwo anders finden.<\/p>\n<p>Ihr kauft keine Katze im Sack \ud83d\ude42<\/p>\n<hr \/>\n<p>You are not prepared! \ud83d\ude42<\/p>","protected":false},"excerpt":{"rendered":"<p>Azur Lane &#8211; IJN Owari | 1:4 Resin Statue | von Huben Studio EU Taxfree! I do ship EU-wide, please contact me, should questions arise. Tolle Statue einer der obersten Maids der Royal Navy Wunderbar verarbeitete und sehr detaillierte Statue von Sirius aus Polystone &#8211; k\u00fcnstlichem Stein-Harz-Gemisch. Besonderheiten: weltweit auf 199 St\u00fcck begrenzt 2 austauschbare [&hellip;]<\/p>\n","protected":false},"featured_media":34099,"comment_status":"closed","ping_status":"closed","template":"","meta":[],"product_brand":[],"product_cat":[24,568,81],"product_tag":[612,2010,666,717,794,662,640,658,2015,2016,2017,479,147,251,795,3430,3428,3426,3427,3429,3431,154,255,136,137,379,381,552,380],"class_list":{"0":"post-34022","1":"product","2":"type-product","3":"status-publish","4":"has-post-thumbnail","6":"product_cat-action-figuren","7":"product_cat-preorder","8":"product_cat-statuen-computerspieluniversum","9":"product_tag-anime","10":"product_tag-anime-figuren-azur-lane","11":"product_tag-anime-figuren-shop","12":"product_tag-anime-shop","13":"product_tag-anime-statue","14":"product_tag-anime-statue-shop","15":"product_tag-anime-statuen","16":"product_tag-anime-toys","17":"product_tag-azur-lane-collectibles","18":"product_tag-azur-lane-resin","19":"product_tag-azur-lane-statue","20":"product_tag-collectible","21":"product_tag-collectibles","22":"product_tag-collectibles-kaufen","23":"product_tag-handsomecake","24":"product_tag-ijn","25":"product_tag-ijn-collectible","26":"product_tag-ijn-owari","27":"product_tag-ijn-owari-azur-lane","28":"product_tag-ijn-statue","29":"product_tag-owari","30":"product_tag-resin-collectibles","31":"product_tag-resin-collectibles-kaufen","32":"product_tag-resin-statuen","33":"product_tag-resin-statuen-kaufen","34":"product_tag-statue-collectible","35":"product_tag-statue-collectibles","36":"product_tag-statue-collector","37":"product_tag-statues-collectible","38":"pa_brand-huben-studio","39":"pa_scale-1_to_4","41":"first","42":"instock","43":"taxable","44":"shipping-taxable","45":"product-type-simple"},"_links":{"self":[{"href":"https:\/\/store.handsomecake.com\/en\/wp-json\/wp\/v2\/product\/34022","targetHints":{"allow":["GET"]}}],"collection":[{"href":"https:\/\/store.handsomecake.com\/en\/wp-json\/wp\/v2\/product"}],"about":[{"href":"https:\/\/store.handsomecake.com\/en\/wp-json\/wp\/v2\/types\/product"}],"replies":[{"embeddable":true,"href":"https:\/\/store.handsomecake.com\/en\/wp-json\/wp\/v2\/comments?post=34022"}],"wp:featuredmedia":[{"embeddable":true,"href":"https:\/\/store.handsomecake.com\/en\/wp-json\/wp\/v2\/media\/34099"}],"wp:attachment":[{"href":"https:\/\/store.handsomecake.com\/en\/wp-json\/wp\/v2\/media?parent=34022"}],"wp:term":[{"taxonomy":"product_brand","embeddable":true,"href":"https:\/\/store.handsomecake.com\/en\/wp-json\/wp\/v2\/product_brand?post=34022"},{"taxonomy":"product_cat","embeddable":true,"href":"https:\/\/store.handsomecake.com\/en\/wp-json\/wp\/v2\/product_cat?post=34022"},{"taxonomy":"product_tag","embeddable":true,"href":"https:\/\/store.handsomecake.com\/en\/wp-json\/wp\/v2\/product_tag?post=34022"}],"curies":[{"name":"wp","href":"https:\/\/api.w.org\/{rel}","templated":true}]}}