{"id":340,"date":"2020-08-16T21:33:00","date_gmt":"2020-08-16T21:33:00","guid":{"rendered":"https:\/\/store.handsomecake.com\/?post_type=product&#038;p=340"},"modified":"2024-06-12T14:27:22","modified_gmt":"2024-06-12T14:27:22","slug":"world-of-warcraft-varian-wrynn-bigfoot-studio-1-4","status":"publish","type":"product","link":"https:\/\/store.handsomecake.com\/en\/product\/world-of-warcraft-varian-wrynn-bigfoot-studio-1-4\/","title":{"rendered":"World of Warcraft &#8211; Varian Wrynn von Bigfoot Studio (1:5)"},"content":{"rendered":"<p>Ehrfurcht einfl\u00f6\u00dfende, ca. 57 cm (1:5 Variante) gro\u00dfe Figur vom K\u00f6nig der Allianz, Varian Wrynn.<\/p>\n<p>2 verschiedene Kopf- und 4 unterschiedliche Armausf\u00fchrungen sind dabei.<\/p>\n<p>Produktion der Statue wird voraussichtlich im 1 2021 stattfinden, somit rechnen wir Anfang Q2 2021 mit Wareneingang.<\/p>\n<p>Sichert euch die Statue im Pre-Order (es k\u00f6nnen mehr als 1 geliefert werden).<\/p>","protected":false},"excerpt":{"rendered":"<p>Ehrfurcht einfl\u00f6\u00dfende, ca. 57 cm (1:5 Variante) gro\u00dfe Figur vom K\u00f6nig der Allianz, Varian Wrynn. 2 verschiedene Kopf- und 4 unterschiedliche Armausf\u00fchrungen sind dabei. Produktion der Statue wird voraussichtlich im 1 2021 stattfinden, somit rechnen wir Anfang Q2 2021 mit Wareneingang. Sichert euch die Statue im Pre-Order (es k\u00f6nnen mehr als 1 geliefert werden).<\/p>","protected":false},"featured_media":331,"comment_status":"open","ping_status":"closed","template":"","meta":[],"product_brand":[],"product_cat":[81,85],"product_tag":[101,100,102,104,103],"class_list":{"0":"post-340","1":"product","2":"type-product","3":"status-publish","4":"has-post-thumbnail","6":"product_cat-statuen-computerspieluniversum","7":"product_cat-warcraft","8":"product_tag-king-varian-wrynn","9":"product_tag-varian-wrynn","10":"product_tag-varian-wrynn-statue","11":"product_tag-world-of-warcraft-statuen","12":"product_tag-wow-statuen","13":"pa_brand-bigfoot-studio","14":"pa_scale-1_to_5","16":"first","17":"onbackorder","18":"taxable","19":"shipping-taxable","20":"product-type-simple"},"_links":{"self":[{"href":"https:\/\/store.handsomecake.com\/en\/wp-json\/wp\/v2\/product\/340","targetHints":{"allow":["GET"]}}],"collection":[{"href":"https:\/\/store.handsomecake.com\/en\/wp-json\/wp\/v2\/product"}],"about":[{"href":"https:\/\/store.handsomecake.com\/en\/wp-json\/wp\/v2\/types\/product"}],"replies":[{"embeddable":true,"href":"https:\/\/store.handsomecake.com\/en\/wp-json\/wp\/v2\/comments?post=340"}],"wp:featuredmedia":[{"embeddable":true,"href":"https:\/\/store.handsomecake.com\/en\/wp-json\/wp\/v2\/media\/331"}],"wp:attachment":[{"href":"https:\/\/store.handsomecake.com\/en\/wp-json\/wp\/v2\/media?parent=340"}],"wp:term":[{"taxonomy":"product_brand","embeddable":true,"href":"https:\/\/store.handsomecake.com\/en\/wp-json\/wp\/v2\/product_brand?post=340"},{"taxonomy":"product_cat","embeddable":true,"href":"https:\/\/store.handsomecake.com\/en\/wp-json\/wp\/v2\/product_cat?post=340"},{"taxonomy":"product_tag","embeddable":true,"href":"https:\/\/store.handsomecake.com\/en\/wp-json\/wp\/v2\/product_tag?post=340"}],"curies":[{"name":"wp","href":"https:\/\/api.w.org\/{rel}","templated":true}]}}