{"id":33978,"date":"2024-07-09T11:52:15","date_gmt":"2024-07-09T11:52:15","guid":{"rendered":"https:\/\/store.handsomecake.com\/product\/blue-archive-nozomi-hikari-tachibana-16-resin-statue-von-absinthe-studio\/"},"modified":"2025-10-27T11:28:04","modified_gmt":"2025-10-27T11:28:04","slug":"blue-archive-nozomi-hikari-tachibana-16-resin-statue-von-absinthe-studio","status":"publish","type":"product","link":"https:\/\/store.handsomecake.com\/en\/product\/blue-archive-nozomi-hikari-tachibana-16-resin-statue-von-absinthe-studio\/","title":{"rendered":"Blue Archive &#8211; Nozomi &amp; Hikari Tachibana | 1:6 Resin Statue | von ABsinthe Studio"},"content":{"rendered":"<p><strong>Blue Archive &#8211; Nozomi &amp; Hikari Tachibana | 1:6 Resin Statue | von ABsinthe Studio<\/strong><\/p>\n<p>I do ship EU-wide, please contact me, should questions arise.<\/p>\n<p>Tolle Statue der beiden Zwillingsschwestern Tachibana.<br \/>\nWunderbar verarbeitete und sehr detaillierte Nozomi &amp; Hikari\u00a0 Statue aus Polystone &#8211; k\u00fcnstlichem Stein-Harz-Gemisch.<\/p>\n<p><strong>Besonderheiten:<\/strong><\/p>\n<ul>\n<li>A Version<\/li>\n<li>auch nackte B Version ist verf\u00fcgbar<\/li>\n<li>weltweit auf 280 St\u00fcck begrenzt<\/li>\n<\/ul>\n<p><strong>Release-Status:<\/strong><\/p>\n<ul>\n<li>Preorder. Statue wird voraussichtlich am Ende Q3 2025 erscheinen und wir erwarten sie voraussichtlich Ende Oktober 2025 im Warenlager.<\/li>\n<li>Diese Angabe ist ohne Gew\u00e4hr! Wir leiten nur die Sch\u00e4tzung vom Hersteller weiter.<\/li>\n<li>Falls das Datum \u00fcberschritten wurde und hier immer noch eine Sch\u00e4tzung aus der Vergangenheit steht, dann bedeutet das NICHT, dass die Figur bereits im Lager in Deutschland ist. Sie ist NUR dann auf Lager in Deutschland, wenn der Text dies entsprechend sagt und\/oder die Kategorie weiter oben &#8222;Lagernd vor Ort&#8220; hei\u00dft.<\/li>\n<\/ul>\n<hr \/>\n<p>Wie immer bei unseren Artikeln &#8211; s\u00e4mtliche Geb\u00fchren sind, im Gegensatz zu anderen Anbietern auf dem Markt, bereits inkludiert.<\/p>\n<p>Versand erfolgt ausschlie\u00dflich aus Deutschland, es fallen keine Zoll- und Importgeb\u00fchren an.<\/p>\n<p>Als einziger EU-weit legal zugelassener H\u00e4ndler von Resin-Statuen garantieren wir exklusive Qualit\u00e4t und Vertrauensw\u00fcrdigkeit, die ihr nirgendwo anders finden.<\/p>\n<p>Ihr kauft keine Katze im Sack \ud83d\ude42<\/p>\n<hr \/>\n<p>You are not prepared! \ud83d\ude42<\/p>","protected":false},"excerpt":{"rendered":"<p>Blue Archive &#8211; Nozomi &amp; Hikari Tachibana | 1:6 Resin Statue | von ABsinthe Studio I do ship EU-wide, please contact me, should questions arise. Tolle Statue der beiden Zwillingsschwestern Tachibana. Wunderbar verarbeitete und sehr detaillierte Nozomi &amp; Hikari\u00a0 Statue aus Polystone &#8211; k\u00fcnstlichem Stein-Harz-Gemisch. Besonderheiten: A Version auch nackte B Version ist verf\u00fcgbar weltweit [&hellip;]<\/p>\n","protected":false},"featured_media":33993,"comment_status":"closed","ping_status":"closed","template":"","meta":[],"product_brand":[],"product_cat":[24,568,81],"product_tag":[612,666,717,794,662,640,658,3408,3409,3410,479,147,251,795,3458,3459,154,255,136,137,379,381,552,665,380,382,547,3460,718],"class_list":{"0":"post-33978","1":"product","2":"type-product","3":"status-publish","4":"has-post-thumbnail","6":"product_cat-action-figuren","7":"product_cat-preorder","8":"product_cat-statuen-computerspieluniversum","9":"product_tag-anime","10":"product_tag-anime-figuren-shop","11":"product_tag-anime-shop","12":"product_tag-anime-statue","13":"product_tag-anime-statue-shop","14":"product_tag-anime-statuen","15":"product_tag-anime-toys","16":"product_tag-blue-archive-collectibles","17":"product_tag-blue-archive-resin","18":"product_tag-blue-archive-statue","19":"product_tag-collectible","20":"product_tag-collectibles","21":"product_tag-collectibles-kaufen","22":"product_tag-handsomecake","23":"product_tag-hikari-tachibana","24":"product_tag-nozomi-tachibana","25":"product_tag-resin-collectibles","26":"product_tag-resin-collectibles-kaufen","27":"product_tag-resin-statuen","28":"product_tag-resin-statuen-kaufen","29":"product_tag-statue-collectible","30":"product_tag-statue-collectibles","31":"product_tag-statue-collector","32":"product_tag-statuen-shop","33":"product_tag-statues-collectible","34":"product_tag-statues-collectibles","35":"product_tag-statues-collector","36":"product_tag-tachibana-twins","37":"product_tag-toys","38":"pa_brand-absinthe-studio","39":"pa_scale-1_to_6","41":"first","42":"instock","43":"taxable","44":"shipping-taxable","45":"product-type-variable"},"_links":{"self":[{"href":"https:\/\/store.handsomecake.com\/en\/wp-json\/wp\/v2\/product\/33978","targetHints":{"allow":["GET"]}}],"collection":[{"href":"https:\/\/store.handsomecake.com\/en\/wp-json\/wp\/v2\/product"}],"about":[{"href":"https:\/\/store.handsomecake.com\/en\/wp-json\/wp\/v2\/types\/product"}],"replies":[{"embeddable":true,"href":"https:\/\/store.handsomecake.com\/en\/wp-json\/wp\/v2\/comments?post=33978"}],"wp:featuredmedia":[{"embeddable":true,"href":"https:\/\/store.handsomecake.com\/en\/wp-json\/wp\/v2\/media\/33993"}],"wp:attachment":[{"href":"https:\/\/store.handsomecake.com\/en\/wp-json\/wp\/v2\/media?parent=33978"}],"wp:term":[{"taxonomy":"product_brand","embeddable":true,"href":"https:\/\/store.handsomecake.com\/en\/wp-json\/wp\/v2\/product_brand?post=33978"},{"taxonomy":"product_cat","embeddable":true,"href":"https:\/\/store.handsomecake.com\/en\/wp-json\/wp\/v2\/product_cat?post=33978"},{"taxonomy":"product_tag","embeddable":true,"href":"https:\/\/store.handsomecake.com\/en\/wp-json\/wp\/v2\/product_tag?post=33978"}],"curies":[{"name":"wp","href":"https:\/\/api.w.org\/{rel}","templated":true}]}}