{"id":33950,"date":"2024-07-09T11:29:22","date_gmt":"2024-07-09T11:29:22","guid":{"rendered":"https:\/\/store.handsomecake.com\/product\/my-dress-up-darling-kitagawa-marin-16-resin-statue-von-laimi-studio\/"},"modified":"2025-05-03T19:26:33","modified_gmt":"2025-05-03T19:26:33","slug":"my-dress-up-darling-kitagawa-marin-16-resin-statue-von-laimi-studio","status":"publish","type":"product","link":"https:\/\/store.handsomecake.com\/en\/product\/my-dress-up-darling-kitagawa-marin-16-resin-statue-von-laimi-studio\/","title":{"rendered":"My Dress-Up Darling &#8211; Kitagawa Marin | 1:6 Resin Statue | von LaiMi Studio"},"content":{"rendered":"<p><strong>My Dress-Up Darling &#8211; Kitagawa Marin | 1:6 Resin Statue | von LaiMi Studio<\/strong><\/p>\n<p>EU Taxfree! I do ship EU-wide, please contact me, should questions arise.<\/p>\n<p><em><span style=\"color: #ffffff;\"><span style=\"background-color: #2c3e50;\">\u00a0 &#8220;\u00a0 Does being a girl or a boy matter when you really like something?\u00a0 &#8220;\u00a0 <\/span><\/span><\/em><\/p>\n<p>Tolle Statue von Sono Bisque Doll wa Koi wo suru.<br \/>\nWunderbar verarbeitete und sehr detaillierte Statue von Marin Kitagawa aus Polystone &#8211; k\u00fcnstlichem Stein-Harz-Gemisch.<\/p>\n<p><strong>Besonderheiten:<\/strong><\/p>\n<ul>\n<li>Kleidung abnehmbar<\/li>\n<li>weltweit 188 St\u00fcck<\/li>\n<\/ul>\n<p><strong>Release-Status:<\/strong><\/p>\n<ul>\n<li>Preorder. Statue wird voraussichtlich am Ende Q1 2025 erscheinen und wir erwarten sie voraussichtlich Ende Mai2025 im Warenlager.Diese Angabe ist ohne Gew\u00e4hr! Wir leiten nur die Sch\u00e4tzung vom Hersteller weiter.<\/li>\n<li>Falls das Datum \u00fcberschritten wurde und hier immer noch eine Sch\u00e4tzung aus der Vergangenheit steht, dann bedeutet das NICHT, dass die Figur bereits im Lager in Deutschland ist.<\/li>\n<li>Sie ist NUR dann auf Lager in Deutschland, wenn der Text dies entsprechend sagt und\/oder die Kategorie weiter oben &#8222;Lagernd vor Ort&#8220; hei\u00dft.<\/li>\n<\/ul>\n<hr \/>\n<p>Wie immer bei unseren Artikeln &#8211; s\u00e4mtliche Geb\u00fchren sind, im Gegensatz zu anderen Anbietern auf dem Markt, bereits inkludiert.<\/p>\n<p>Versand erfolgt ausschlie\u00dflich aus Deutschland, es fallen keine Zoll- und Importgeb\u00fchren an.<\/p>\n<p>Als einziger EU-weit legal zugelassener H\u00e4ndler von Resin-Statuen garantieren wir exklusive Qualit\u00e4t und Vertrauensw\u00fcrdigkeit, die ihr nirgendwo anders finden.<\/p>\n<p>Ihr kauft keine Katze im Sack \ud83d\ude42<\/p>\n<hr \/>\n<p>You are not prepared! \ud83d\ude42<\/p>","protected":false},"excerpt":{"rendered":"<p>My Dress-Up Darling &#8211; Kitagawa Marin | 1:6 Resin Statue | von LaiMi Studio EU Taxfree! I do ship EU-wide, please contact me, should questions arise. \u00a0 &#8220;\u00a0 Does being a girl or a boy matter when you really like something?\u00a0 &#8220;\u00a0 Tolle Statue von Sono Bisque Doll wa Koi wo suru. Wunderbar verarbeitete und [&hellip;]<\/p>\n","protected":false},"featured_media":33994,"comment_status":"closed","ping_status":"closed","template":"","meta":[],"product_brand":[],"product_cat":[24,568,84],"product_tag":[612,656,659,1344,657,640,658,147,251,1348,795,1346,1345,1349,1347,154,136,137,1350],"class_list":{"0":"post-33950","1":"product","2":"type-product","3":"status-publish","4":"has-post-thumbnail","6":"product_cat-action-figuren","7":"product_cat-preorder","8":"product_cat-statuen-anime-comic-universum","9":"product_tag-anime","10":"product_tag-anime-collectibles","11":"product_tag-anime-figuren","12":"product_tag-anime-figuren-kitagawa","13":"product_tag-anime-figures","14":"product_tag-anime-statuen","15":"product_tag-anime-toys","16":"product_tag-collectibles","17":"product_tag-collectibles-kaufen","18":"product_tag-dress-up-darling-collectibles","19":"product_tag-handsomecake","20":"product_tag-kitagawa","21":"product_tag-marin-kitagawa","22":"product_tag-marin-kitagawa-kaufen","23":"product_tag-my-dress-up-darling-anime","24":"product_tag-resin-collectibles","25":"product_tag-resin-statuen","26":"product_tag-resin-statuen-kaufen","27":"product_tag-sono-bisque-doll-wa-koi-wo-suru","28":"pa_brand-laimi-studio","29":"pa_scale-1_to_6","31":"first","32":"instock","33":"taxable","34":"shipping-taxable","35":"product-type-simple"},"_links":{"self":[{"href":"https:\/\/store.handsomecake.com\/en\/wp-json\/wp\/v2\/product\/33950","targetHints":{"allow":["GET"]}}],"collection":[{"href":"https:\/\/store.handsomecake.com\/en\/wp-json\/wp\/v2\/product"}],"about":[{"href":"https:\/\/store.handsomecake.com\/en\/wp-json\/wp\/v2\/types\/product"}],"replies":[{"embeddable":true,"href":"https:\/\/store.handsomecake.com\/en\/wp-json\/wp\/v2\/comments?post=33950"}],"wp:featuredmedia":[{"embeddable":true,"href":"https:\/\/store.handsomecake.com\/en\/wp-json\/wp\/v2\/media\/33994"}],"wp:attachment":[{"href":"https:\/\/store.handsomecake.com\/en\/wp-json\/wp\/v2\/media?parent=33950"}],"wp:term":[{"taxonomy":"product_brand","embeddable":true,"href":"https:\/\/store.handsomecake.com\/en\/wp-json\/wp\/v2\/product_brand?post=33950"},{"taxonomy":"product_cat","embeddable":true,"href":"https:\/\/store.handsomecake.com\/en\/wp-json\/wp\/v2\/product_cat?post=33950"},{"taxonomy":"product_tag","embeddable":true,"href":"https:\/\/store.handsomecake.com\/en\/wp-json\/wp\/v2\/product_tag?post=33950"}],"curies":[{"name":"wp","href":"https:\/\/api.w.org\/{rel}","templated":true}]}}