{"id":33736,"date":"2024-07-02T23:17:03","date_gmt":"2024-07-02T23:17:03","guid":{"rendered":"https:\/\/store.handsomecake.com\/product\/genshin-impact-shenhe-14-resin-statue-von-chaos-studio\/"},"modified":"2024-07-04T13:47:08","modified_gmt":"2024-07-04T13:47:08","slug":"genshin-impact-shenhe-14-resin-statue-von-chaos-studio","status":"publish","type":"product","link":"https:\/\/store.handsomecake.com\/en\/product\/genshin-impact-shenhe-14-resin-statue-von-chaos-studio\/","title":{"rendered":"Genshin Impact &#8211; Shenhe | 1:4 Resin Statue | von Chaos Studio"},"content":{"rendered":"<p><strong>Genshin Impact &#8211; Shenhe | 1:4 Resin Statue | von Chaos Studio<\/strong><\/p>\n<p>EU Taxfree! I do ship EU-wide, please contact me, should questions arise.<\/p>\n<p><span style=\"color: #ffffff;\"><em><span style=\"background-color: #2c3e50;\">\u00a0&#8220;\u00a0\u00a0 Eine adeptische Sch\u00fclerin mit einer \u00fcbernat\u00fcrlichen Aura, die ihr das langj\u00e4hrige eremitenhafte Leben in den Bergen von Liyue verleiht. Ihr Charakter ist von dem Gleichmut und der Distanzierung der Adepten zutiefst gepr\u00e4gt\u00a0\u00a0 &#8220;\u00a0 <\/span><\/em><\/span><\/p>\n<p>Tolle Statue von &#8222;Unsterblicher Kranich&#8220; aus Liyue.<br \/>\nWunderbar verarbeitete und sehr detaillierte Shenhe Statue aus Polystone &#8211; k\u00fcnstlichem Stein-Harz-Gemisch.<\/p>\n<p><strong>Besonderheiten:<\/strong><\/p>\n<ul>\n<li>weltweit 188 St\u00fcck<\/li>\n<li>Exclusive Version (A+B)<\/li>\n<li>A Version (Stehende Pose) und B Version\u00a0 (Sitzende Pose, Kleidung abnehmbar)\u00a0 sind auch\u00a0 separat erh\u00e4ltlich<\/li>\n<\/ul>\n<p><strong>Release-Status:<\/strong><\/p>\n<ul>\n<li>Preorder. Statue wird voraussichtlich am Ende Q1 2025 erscheinen und wir erwarten sie voraussichtlich Ende Mai2025 im Warenlager.<\/li>\n<li>Diese Angabe ist ohne Gew\u00e4hr! Wir leiten nur die Sch\u00e4tzung vom Hersteller weiter.<\/li>\n<li>Falls das Datum \u00fcberschritten wurde und hier immer noch eine Sch\u00e4tzung aus der Vergangenheit steht, dann bedeutet das NICHT, dass die Figur bereits im Lager in Deutschland ist. Sie ist NUR dann auf Lager in Deutschland, wenn der Text dies entsprechend sagt und\/oder die Kategorie weiter oben &#8222;Lagernd vor Ort&#8220; hei\u00dft.<\/li>\n<\/ul>\n<hr \/>\n<p>Wie immer bei unseren Artikeln &#8211; s\u00e4mtliche Geb\u00fchren sind, im Gegensatz zu anderen Anbietern auf dem Markt, bereits inkludiert.<\/p>\n<p>Versand erfolgt ausschlie\u00dflich aus Deutschland, es fallen keine Zoll- und Importgeb\u00fchren an.<\/p>\n<p>Als einziger EU-weit legal zugelassener H\u00e4ndler von Resin-Statuen garantieren wir exklusive Qualit\u00e4t und Vertrauensw\u00fcrdigkeit, die ihr nirgendwo anders finden.<\/p>\n<p>Ihr kauft keine Katze im Sack \ud83d\ude42<\/p>\n<hr \/>\n<p>You are not prepared! \ud83d\ude42<\/p>","protected":false},"excerpt":{"rendered":"<p>Genshin Impact &#8211; Shenhe | 1:4 Resin Statue | von Chaos Studio EU Taxfree! I do ship EU-wide, please contact me, should questions arise. \u00a0&#8220;\u00a0\u00a0 Eine adeptische Sch\u00fclerin mit einer \u00fcbernat\u00fcrlichen Aura, die ihr das langj\u00e4hrige eremitenhafte Leben in den Bergen von Liyue verleiht. Ihr Charakter ist von dem Gleichmut und der Distanzierung der Adepten [&hellip;]<\/p>\n","protected":false},"featured_media":33755,"comment_status":"closed","ping_status":"closed","template":"","meta":[],"product_brand":[],"product_cat":[24,568,81],"product_tag":[612,663,664,666,717,794,662,640,658,479,147,251,2347,2350,2346,2351,2979,2352,2353,795,154,255,136,137,2980,2981,379,381,552,665,380,382,547,718],"class_list":{"0":"post-33736","1":"product","2":"type-product","3":"status-publish","4":"has-post-thumbnail","6":"product_cat-action-figuren","7":"product_cat-preorder","8":"product_cat-statuen-computerspieluniversum","9":"product_tag-anime","10":"product_tag-anime-figur-shop","11":"product_tag-anime-figuren-one-piece","12":"product_tag-anime-figuren-shop","13":"product_tag-anime-shop","14":"product_tag-anime-statue","15":"product_tag-anime-statue-shop","16":"product_tag-anime-statuen","17":"product_tag-anime-toys","18":"product_tag-collectible","19":"product_tag-collectibles","20":"product_tag-collectibles-kaufen","21":"product_tag-genshin-impact","22":"product_tag-genshin-impact-collectibles","23":"product_tag-genshin-impact-figurine","24":"product_tag-genshin-impact-resin","25":"product_tag-genshin-impact-shenhe","26":"product_tag-genshin-impact-statue","27":"product_tag-genshin-impact-statuen","28":"product_tag-handsomecake","29":"product_tag-resin-collectibles","30":"product_tag-resin-collectibles-kaufen","31":"product_tag-resin-statuen","32":"product_tag-resin-statuen-kaufen","33":"product_tag-shenhe-collectible","34":"product_tag-shenhe-figur","35":"product_tag-statue-collectible","36":"product_tag-statue-collectibles","37":"product_tag-statue-collector","38":"product_tag-statuen-shop","39":"product_tag-statues-collectible","40":"product_tag-statues-collectibles","41":"product_tag-statues-collector","42":"product_tag-toys","43":"pa_brand-chaos-studio","44":"pa_scale-1_to_4","46":"first","47":"instock","48":"taxable","49":"shipping-taxable","50":"product-type-variable"},"_links":{"self":[{"href":"https:\/\/store.handsomecake.com\/en\/wp-json\/wp\/v2\/product\/33736","targetHints":{"allow":["GET"]}}],"collection":[{"href":"https:\/\/store.handsomecake.com\/en\/wp-json\/wp\/v2\/product"}],"about":[{"href":"https:\/\/store.handsomecake.com\/en\/wp-json\/wp\/v2\/types\/product"}],"replies":[{"embeddable":true,"href":"https:\/\/store.handsomecake.com\/en\/wp-json\/wp\/v2\/comments?post=33736"}],"wp:featuredmedia":[{"embeddable":true,"href":"https:\/\/store.handsomecake.com\/en\/wp-json\/wp\/v2\/media\/33755"}],"wp:attachment":[{"href":"https:\/\/store.handsomecake.com\/en\/wp-json\/wp\/v2\/media?parent=33736"}],"wp:term":[{"taxonomy":"product_brand","embeddable":true,"href":"https:\/\/store.handsomecake.com\/en\/wp-json\/wp\/v2\/product_brand?post=33736"},{"taxonomy":"product_cat","embeddable":true,"href":"https:\/\/store.handsomecake.com\/en\/wp-json\/wp\/v2\/product_cat?post=33736"},{"taxonomy":"product_tag","embeddable":true,"href":"https:\/\/store.handsomecake.com\/en\/wp-json\/wp\/v2\/product_tag?post=33736"}],"curies":[{"name":"wp","href":"https:\/\/api.w.org\/{rel}","templated":true}]}}