{"id":33720,"date":"2024-07-02T23:14:42","date_gmt":"2024-07-02T23:14:42","guid":{"rendered":"https:\/\/store.handsomecake.com\/product\/neo-genesis-evangelion-ayanami-rei-14-resin-statue-von-fallen-angel-studio\/"},"modified":"2025-01-12T12:26:21","modified_gmt":"2025-01-12T12:26:21","slug":"neo-genesis-evangelion-ayanami-rei-14-resin-statue-von-fallen-angel-studio","status":"publish","type":"product","link":"https:\/\/store.handsomecake.com\/en\/product\/neo-genesis-evangelion-ayanami-rei-14-resin-statue-von-fallen-angel-studio\/","title":{"rendered":"Neo Genesis Evangelion &#8211; Ayanami Rei | 1:4 Resin Statue | von Fallen Angel Studio"},"content":{"rendered":"<p><strong>Neo Genesis Evangelion &#8211; Ayanami Rei | 1:4 Resin Statue | von Fallen Angel Studio<\/strong><\/p>\n<p>I do ship EU-wide, please contact me, should questions arise.<\/p>\n<p>Tolle Statue der tapferen Mechpilotin.<br \/>\nWunderbar verarbeitete und sehr detaillierte Ayanami Rei Statue\u00a0 aus Polystone &#8211; k\u00fcnstlichem Stein-Harz-Gemisch.<\/p>\n<p><strong>Besonderheiten:<\/strong><\/p>\n<ul>\n<li>weltweit auf 288 St\u00fcck begrenzt<\/li>\n<li>jede Version mit austauschbarem realistischem Kopf<\/li>\n<li>folgende Versionen und deren Kombinationen sind verf\u00fcgbar: A, B, A+C, B+C, A+B+C<\/li>\n<\/ul>\n<p><strong>Release-Status:<\/strong><\/p>\n<ul>\n<li>Preorder. Statue wird voraussichtlich am Ende Q2 2025 erscheinen und wir erwarten sie voraussichtlich Ende August 2025 im Warenlager.<\/li>\n<li>Diese Angabe ist ohne Gew\u00e4hr! Wir leiten nur die Sch\u00e4tzung vom Hersteller weiter.<\/li>\n<li>Falls das Datum \u00fcberschritten wurde und hier immer noch eine Sch\u00e4tzung aus der Vergangenheit steht, dann bedeutet das NICHT, dass die Figur bereits im Lager in Deutschland ist. Sie ist NUR dann auf Lager in Deutschland, wenn der Text dies entsprechend sagt und\/oder die Kategorie weiter oben &#8222;Lagernd vor Ort&#8220; hei\u00dft.<\/li>\n<\/ul>\n<hr \/>\n<p>Wie immer bei unseren Artikeln &#8211; s\u00e4mtliche Geb\u00fchren sind, im Gegensatz zu anderen Anbietern auf dem Markt, bereits inkludiert.<\/p>\n<p>Versand erfolgt ausschlie\u00dflich aus Deutschland, es fallen keine Zoll- und Importgeb\u00fchren an.<\/p>\n<p>Als einziger EU-weit legal zugelassener H\u00e4ndler von Resin-Statuen garantieren wir exklusive Qualit\u00e4t und Vertrauensw\u00fcrdigkeit, die ihr nirgendwo anders finden.<\/p>\n<p>Ihr kauft keine Katze im Sack \ud83d\ude42<\/p>\n<hr \/>\n<p>You are not prepared! \ud83d\ude42<\/p>","protected":false},"excerpt":{"rendered":"<p>Neo Genesis Evangelion &#8211; Ayanami Rei | 1:4 Resin Statue | von Fallen Angel Studio I do ship EU-wide, please contact me, should questions arise. Tolle Statue der tapferen Mechpilotin. Wunderbar verarbeitete und sehr detaillierte Ayanami Rei Statue\u00a0 aus Polystone &#8211; k\u00fcnstlichem Stein-Harz-Gemisch. Besonderheiten: weltweit auf 288 St\u00fcck begrenzt jede Version mit austauschbarem realistischem Kopf [&hellip;]<\/p>\n","protected":false},"featured_media":33778,"comment_status":"closed","ping_status":"closed","template":"","meta":[],"product_brand":[],"product_cat":[24,811,568,84],"product_tag":[612,656,666,708,1043,658,1455,479,147,251,383,795,1460,535,1459,1457,1458,1454,1456,154,255,136,137],"class_list":{"0":"post-33720","1":"product","2":"type-product","3":"status-publish","4":"has-post-thumbnail","6":"product_cat-action-figuren","7":"product_cat-neon-genesis-evangelion","8":"product_cat-preorder","9":"product_cat-statuen-anime-comic-universum","10":"product_tag-anime","11":"product_tag-anime-collectibles","12":"product_tag-anime-figuren-shop","13":"product_tag-anime-statuen-shop","14":"product_tag-anime-statues","15":"product_tag-anime-toys","16":"product_tag-ayanami-resin-statue","17":"product_tag-collectible","18":"product_tag-collectibles","19":"product_tag-collectibles-kaufen","20":"product_tag-collector","21":"product_tag-handsomecake","22":"product_tag-neo-genesis-ayanami-rei","23":"product_tag-neo-genesis-evangelion","24":"product_tag-neo-genesis-rei","25":"product_tag-rei","26":"product_tag-rei-ayanami-collectible","27":"product_tag-rei-ayanami-figure","28":"product_tag-rei-ayanami-statue","29":"product_tag-resin-collectibles","30":"product_tag-resin-collectibles-kaufen","31":"product_tag-resin-statuen","32":"product_tag-resin-statuen-kaufen","33":"pa_brand-fallen-angel-studio","34":"pa_scale-1_to_4","36":"first","37":"instock","38":"taxable","39":"shipping-taxable","40":"product-type-variable"},"_links":{"self":[{"href":"https:\/\/store.handsomecake.com\/en\/wp-json\/wp\/v2\/product\/33720","targetHints":{"allow":["GET"]}}],"collection":[{"href":"https:\/\/store.handsomecake.com\/en\/wp-json\/wp\/v2\/product"}],"about":[{"href":"https:\/\/store.handsomecake.com\/en\/wp-json\/wp\/v2\/types\/product"}],"replies":[{"embeddable":true,"href":"https:\/\/store.handsomecake.com\/en\/wp-json\/wp\/v2\/comments?post=33720"}],"wp:featuredmedia":[{"embeddable":true,"href":"https:\/\/store.handsomecake.com\/en\/wp-json\/wp\/v2\/media\/33778"}],"wp:attachment":[{"href":"https:\/\/store.handsomecake.com\/en\/wp-json\/wp\/v2\/media?parent=33720"}],"wp:term":[{"taxonomy":"product_brand","embeddable":true,"href":"https:\/\/store.handsomecake.com\/en\/wp-json\/wp\/v2\/product_brand?post=33720"},{"taxonomy":"product_cat","embeddable":true,"href":"https:\/\/store.handsomecake.com\/en\/wp-json\/wp\/v2\/product_cat?post=33720"},{"taxonomy":"product_tag","embeddable":true,"href":"https:\/\/store.handsomecake.com\/en\/wp-json\/wp\/v2\/product_tag?post=33720"}],"curies":[{"name":"wp","href":"https:\/\/api.w.org\/{rel}","templated":true}]}}