{"id":33601,"date":"2024-06-24T00:55:48","date_gmt":"2024-06-24T00:55:48","guid":{"rendered":"https:\/\/store.handsomecake.com\/product\/highschool-of-the-dead-busujima-saeko-14-resin-statue-von-acy-studio\/"},"modified":"2024-07-02T16:40:45","modified_gmt":"2024-07-02T16:40:45","slug":"highschool-of-the-dead-busujima-saeko-14-resin-statue-von-acy-studio","status":"publish","type":"product","link":"https:\/\/store.handsomecake.com\/en\/product\/highschool-of-the-dead-busujima-saeko-14-resin-statue-von-acy-studio\/","title":{"rendered":"Highschool of the Dead &#8211; Busujima Saeko | 1:4 Resin Statue | von Acy Studio"},"content":{"rendered":"<p><strong>Highschool of the Dead &#8211; Busujima Saeko | 1:4 Resin Statue | von Acy Studio<\/strong><\/p>\n<p>EU Taxfree! I do ship EU-wide, please contact me, should questions arise.<\/p>\n<p>Tolle Statue einer Sch\u00fclerin der Fujimi High School.<br \/>\nWunderbar verarbeitete und sehr detaillierte Statue von a student at Fujimi High School aus Polystone &#8211; k\u00fcnstlichem Stein-Harz-Gemisch.<\/p>\n<p><strong>Besonderheiten:<\/strong><\/p>\n<ul>\n<li>weltweit 150 St\u00fcck<\/li>\n<li>DX Version ( EX Version + einfacher Sockel + Saeko im Bikini )<\/li>\n<li>auch EX Version (Regular + austauschbarer nackter K\u00f6rper), Regular Version (Uniform) und Bunny Version (mit abnehmbarem magnetischem Accessoire) sind verf\u00fcgbar<\/li>\n<\/ul>\n<p><strong>Release-Status:<\/strong><\/p>\n<ul>\n<li>Preorder. Statue wird voraussichtlich am Ende Q3 2025 erscheinen und wir erwarten sie voraussichtlich Ende Oktober 2025 im Warenlager.<\/li>\n<li>Diese Angabe ist ohne Gew\u00e4hr! Wir leiten nur die Sch\u00e4tzung vom Hersteller weiter.<\/li>\n<li>Falls das Datum \u00fcberschritten wurde und hier immer noch eine Sch\u00e4tzung aus der Vergangenheit steht, dann bedeutet das NICHT, dass die Figur bereits im Lager in Deutschland ist. Sie ist NUR dann auf Lager in Deutschland, wenn der Text dies entsprechend sagt und\/oder die Kategorie weiter oben &#8222;Lagernd vor Ort&#8220; hei\u00dft.<\/li>\n<\/ul>\n<hr \/>\n<p>Wie immer bei unseren Artikeln &#8211; s\u00e4mtliche Geb\u00fchren sind, im Gegensatz zu anderen Anbietern auf dem Markt, bereits inkludiert.<\/p>\n<p>Versand erfolgt ausschlie\u00dflich aus Deutschland, es fallen keine Zoll- und Importgeb\u00fchren an.<\/p>\n<p>Als einziger EU-weit legal zugelassener H\u00e4ndler von Resin-Statuen garantieren wir exklusive Qualit\u00e4t und Vertrauensw\u00fcrdigkeit, die ihr nirgendwo anders finden.<\/p>\n<p>Ihr kauft keine Katze im Sack \ud83d\ude42<\/p>\n<hr \/>\n<p>You are not prepared! \ud83d\ude42<\/p>","protected":false},"excerpt":{"rendered":"<p>Highschool of the Dead &#8211; Busujima Saeko | 1:4 Resin Statue | von Acy Studio EU Taxfree! I do ship EU-wide, please contact me, should questions arise. Tolle Statue einer Sch\u00fclerin der Fujimi High School. Wunderbar verarbeitete und sehr detaillierte Statue von a student at Fujimi High School aus Polystone &#8211; k\u00fcnstlichem Stein-Harz-Gemisch. Besonderheiten: weltweit [&hellip;]<\/p>\n","protected":false},"featured_media":33626,"comment_status":"closed","ping_status":"closed","template":"","meta":[],"product_brand":[],"product_cat":[24,568,84],"product_tag":[612,664,666,717,794,662,640,658,3436,3435,479,147,251,795,3437,154,255,136,137,379,381,552,380],"class_list":{"0":"post-33601","1":"product","2":"type-product","3":"status-publish","4":"has-post-thumbnail","6":"product_cat-action-figuren","7":"product_cat-preorder","8":"product_cat-statuen-anime-comic-universum","9":"product_tag-anime","10":"product_tag-anime-figuren-one-piece","11":"product_tag-anime-figuren-shop","12":"product_tag-anime-shop","13":"product_tag-anime-statue","14":"product_tag-anime-statue-shop","15":"product_tag-anime-statuen","16":"product_tag-anime-toys","17":"product_tag-busujima","18":"product_tag-busujima-saeko","19":"product_tag-collectible","20":"product_tag-collectibles","21":"product_tag-collectibles-kaufen","22":"product_tag-handsomecake","23":"product_tag-highschool-of-the-dead","24":"product_tag-resin-collectibles","25":"product_tag-resin-collectibles-kaufen","26":"product_tag-resin-statuen","27":"product_tag-resin-statuen-kaufen","28":"product_tag-statue-collectible","29":"product_tag-statue-collectibles","30":"product_tag-statue-collector","31":"product_tag-statues-collectible","32":"pa_brand-acy-studio","33":"pa_scale-1_to_4","35":"first","36":"instock","37":"taxable","38":"shipping-taxable","39":"product-type-variable"},"_links":{"self":[{"href":"https:\/\/store.handsomecake.com\/en\/wp-json\/wp\/v2\/product\/33601","targetHints":{"allow":["GET"]}}],"collection":[{"href":"https:\/\/store.handsomecake.com\/en\/wp-json\/wp\/v2\/product"}],"about":[{"href":"https:\/\/store.handsomecake.com\/en\/wp-json\/wp\/v2\/types\/product"}],"replies":[{"embeddable":true,"href":"https:\/\/store.handsomecake.com\/en\/wp-json\/wp\/v2\/comments?post=33601"}],"wp:featuredmedia":[{"embeddable":true,"href":"https:\/\/store.handsomecake.com\/en\/wp-json\/wp\/v2\/media\/33626"}],"wp:attachment":[{"href":"https:\/\/store.handsomecake.com\/en\/wp-json\/wp\/v2\/media?parent=33601"}],"wp:term":[{"taxonomy":"product_brand","embeddable":true,"href":"https:\/\/store.handsomecake.com\/en\/wp-json\/wp\/v2\/product_brand?post=33601"},{"taxonomy":"product_cat","embeddable":true,"href":"https:\/\/store.handsomecake.com\/en\/wp-json\/wp\/v2\/product_cat?post=33601"},{"taxonomy":"product_tag","embeddable":true,"href":"https:\/\/store.handsomecake.com\/en\/wp-json\/wp\/v2\/product_tag?post=33601"}],"curies":[{"name":"wp","href":"https:\/\/api.w.org\/{rel}","templated":true}]}}