{"id":336,"date":"2020-08-16T21:09:02","date_gmt":"2020-08-16T21:09:02","guid":{"rendered":"https:\/\/store.handsomecake.com\/?post_type=product&#038;p=336"},"modified":"2024-06-12T14:27:26","modified_gmt":"2024-06-12T14:27:26","slug":"dragon-ball-z-vegeta-von-yw-studio-1-4","status":"publish","type":"product","link":"https:\/\/store.handsomecake.com\/en\/product\/dragon-ball-z-vegeta-von-yw-studio-1-4\/","title":{"rendered":"Dragon Ball Z &#8211; Vegeta SSJ |\u00a01:4 Resin Statue | von YW-Studio"},"content":{"rendered":"<p>Dragon Ball Z &#8211; Vegeta SSJ |\u00a01:4 Resin Statue | von YW-Studio<\/p>\n<div>\n<div>\n<div><span style=\"font-family: Verdana;\">\u00a0<\/span><\/div>\n<div><span style=\"font-family: Verdana;\"><b>EU Taxfree! I do ship EU-wide, please contact me, should questions arise.\u00a0<\/b><\/span><\/div>\n<div><span style=\"font-family: Verdana;\"><b>EU shipping costs are more an estimate and will be recalculated (and you will receive a refund, if shippings costs turn out to be lower in the end).<\/b><\/span><\/div>\n<div><span style=\"font-family: Verdana;\">Example &#8211; some statues are stated as 58cm width. Until they arrive we can&#8217;t guarantee if its the width WITH packaging or without. If it&#8217;s WITH, we fit under the 60cm rule and if the weight is under 31.5kg as well, shipping will be as low as 43.86\u20ac (current DHL price), if the statue is over 60cm with packaging, we will need to engage a hauling company&#8230;<\/span><\/div>\n<div><span style=\"font-family: Verdana;\">\u00a0<\/span><\/div>\n<div><span style=\"font-size: large;\"><span style=\"font-family: Verdana; font-size: large;\"><b><u>\u00a0<\/u><\/b><\/span><\/span><\/div>\n<p><b><u>52 cm (1:4 Variante) gro\u00dfe Figur vom Super Saiyajin Vegeta\u00a0<\/u><\/b><\/p>\n<\/div>\n<div>\n<div><span style=\"font-family: Verdana; font-size: large;\">\u00a0<\/span><\/div>\n<div><span style=\"font-family: Verdana; font-size: large;\">Wunderbar verarbeitete und sehr detaillierte Statue von Vegeta aus Polystone &#8211; k\u00fcnstlichem Stein-Harz-Gemisch.\u00a0<\/span><\/div>\n<div><span style=\"font-family: Verdana; font-size: large;\">\u00a0<\/span><\/div>\n<div><span style=\"font-family: Verdana; font-size: large;\"><b>Besonderheiten:<\/b><\/span><\/div>\n<div>\n<ul>\n<li><span style=\"font-family: Verdana;\">weltweit nur 200 St\u00fcck<\/span><\/li>\n<\/ul>\n<div><span style=\"font-family: Verdana;\"><b>Release-Status:<\/b><\/span><\/div>\n<div>\n<ul>\n<li>\n<div>Released und vor Ort lagernd.<\/div>\n<\/li>\n<\/ul>\n<\/div>\n<\/div>\n<div><\/div>\n<div><span style=\"font-family: Verdana; font-size: large;\">Wie immer bei meinen Artikeln &#8211; s\u00e4mtliche Geb\u00fchren sind, im Gegensatz zu anderen Angeboten, bereits inkludiert. Versand erfolgt ausschlie\u00dflich aus Deutschland, es fallen\u00a0<b>keine<\/b>\u00a0Zoll- und Importgeb\u00fchren an. Ihr kauft keine Katze im Sack \ud83d\ude42\u00a0<\/span><\/div>\n<div><span style=\"font-family: Verdana; font-size: large;\">\u00a0<\/span><\/div>\n<div><span style=\"font-family: Verdana; font-size: large;\"><b>Preis-Hinweis:<\/b><\/span><\/div>\n<div><span style=\"font-family: Verdana; font-size: large;\">Solltet ihr die Statue direkt \u00fcber unseren Online-Shop (einfach den Benutzernamen googeln) kaufen, so erhaltet ihr auf jeden Fall die\u00a0<b>Tiefstpreisgarantie<\/b>\u00a0&#8211; sollte beispielsweise der Versand, Zoll oder die Einfuhrumsatzsteuer am Ende, also wenn die Statue bei uns im Warenlager angekommen ist, geringer ausfallen,\u00a0<b>so leiten wir die Preisreduzierung 1:1 an euch weiter!\u00a0<\/b>Der Catfish Arthas war z.b. urspr\u00fcnglich f\u00fcr 1850\u20ac drin, Endpreis war 1569\u20ac.<\/span><\/div>\n<div><\/div>\n<div><\/div>\n<div><span style=\"font-family: Verdana; font-size: large;\">Ma\u00dfe der Statue:\u00a0<\/span><\/div>\n<div><span style=\"font-family: Arial, Helvetica, sans-serif;\"><b>Gr\u00f6\u00dfe: ca. 52cm x 35cm x 38cm (gesch\u00e4tzt)<\/b><\/span><\/div>\n<div><span style=\"font-family: Verdana; font-size: large;\">Gewicht: ca. 11kg (gesch\u00e4tzt)<\/span><\/div>\n<div><span style=\"font-family: Verdana; font-size: large;\">\u00a0<\/span><\/div>\n<div><b>You are not prepared! \ud83d\ude42<\/b><\/div>\n<div><\/div>\n<div><\/div>\n<\/div>\n<\/div>","protected":false},"excerpt":{"rendered":"<p>Dragon Ball Z &#8211; Vegeta SSJ |\u00a01:4 Resin Statue | von YW-Studio \u00a0 EU Taxfree! I do ship EU-wide, please contact me, should questions arise.\u00a0 EU shipping costs are more an estimate and will be recalculated (and you will receive a refund, if shippings costs turn out to be lower in the end). Example &#8211; [&hellip;]<\/p>\n","protected":false},"featured_media":332,"comment_status":"open","ping_status":"closed","template":"","meta":[],"product_brand":[],"product_cat":[84,87,567],"product_tag":[97,98,96,95],"class_list":{"0":"post-336","1":"product","2":"type-product","3":"status-publish","4":"has-post-thumbnail","6":"product_cat-statuen-anime-comic-universum","7":"product_cat-dragon-ball","8":"product_cat-in_stock_warehouse_china","9":"product_tag-dragon-ball-statue","10":"product_tag-dragon-ball-vegeta","11":"product_tag-vegeta","12":"product_tag-vegeta-statue","13":"pa_brand-yw-studio","14":"pa_scale-1_to_4","16":"first","17":"outofstock","18":"taxable","19":"shipping-taxable","20":"product-type-simple"},"_links":{"self":[{"href":"https:\/\/store.handsomecake.com\/en\/wp-json\/wp\/v2\/product\/336","targetHints":{"allow":["GET"]}}],"collection":[{"href":"https:\/\/store.handsomecake.com\/en\/wp-json\/wp\/v2\/product"}],"about":[{"href":"https:\/\/store.handsomecake.com\/en\/wp-json\/wp\/v2\/types\/product"}],"replies":[{"embeddable":true,"href":"https:\/\/store.handsomecake.com\/en\/wp-json\/wp\/v2\/comments?post=336"}],"wp:featuredmedia":[{"embeddable":true,"href":"https:\/\/store.handsomecake.com\/en\/wp-json\/wp\/v2\/media\/332"}],"wp:attachment":[{"href":"https:\/\/store.handsomecake.com\/en\/wp-json\/wp\/v2\/media?parent=336"}],"wp:term":[{"taxonomy":"product_brand","embeddable":true,"href":"https:\/\/store.handsomecake.com\/en\/wp-json\/wp\/v2\/product_brand?post=336"},{"taxonomy":"product_cat","embeddable":true,"href":"https:\/\/store.handsomecake.com\/en\/wp-json\/wp\/v2\/product_cat?post=336"},{"taxonomy":"product_tag","embeddable":true,"href":"https:\/\/store.handsomecake.com\/en\/wp-json\/wp\/v2\/product_tag?post=336"}],"curies":[{"name":"wp","href":"https:\/\/api.w.org\/{rel}","templated":true}]}}