{"id":33540,"date":"2024-06-24T00:46:17","date_gmt":"2024-06-24T00:46:17","guid":{"rendered":"https:\/\/store.handsomecake.com\/product\/dragon-ball-android-17-18-16-resin-statue-von-sunyata-studio\/"},"modified":"2024-06-24T01:38:58","modified_gmt":"2024-06-24T01:38:58","slug":"dragon-ball-android-17-18-16-resin-statue-von-sunyata-studio","status":"publish","type":"product","link":"https:\/\/store.handsomecake.com\/en\/product\/dragon-ball-android-17-18-16-resin-statue-von-sunyata-studio\/","title":{"rendered":"Dragon Ball &#8211; Android 17 &amp; 18 | 1:6 Resin Statue | von Sunyata Studio"},"content":{"rendered":"<p><strong>Dragon Ball &#8211; Android 17 &amp; 18 | 1:6 Resin Statue | von Sunyata Studio<\/strong><\/p>\n<p>I do ship EU-wide, please contact me, should questions arise.<\/p>\n<p>Tolle Statue von zwei Zwillingsschwestern.<br \/>\nWunderbar verarbeitete und sehr detaillierte Android\u00a0 17 und 18 Statue aus Polystone &#8211; k\u00fcnstlichem Stein-Harz-Gemisch.<\/p>\n<p><strong>Besonderheiten:<\/strong><\/p>\n<ul>\n<li>288 St\u00fcck weltweit<\/li>\n<\/ul>\n<p><strong>Release-Status:<\/strong><br \/>\nPreorder. Statue wird voraussichtlich am Ende Q1 2025 erscheinen und wir erwarten sie voraussichtlich Ende Mai 2025 im Warenlager.<br \/>\nDiese Angabe ist ohne Gew\u00e4hr! Wir leiten nur die Sch\u00e4tzung vom Hersteller weiter.<br \/>\nFalls das Datum \u00fcberschritten wurde und hier immer noch eine Sch\u00e4tzung aus der Vergangenheit steht, dann bedeutet das NICHT, dass die Figur bereits im Lager in Deutschland ist. Sie ist NUR dann auf Lager in Deutschland, wenn der Text dies entsprechend sagt und\/oder die Kategorie weiter oben &#8222;Lagernd vor Ort&#8220; hei\u00dft.<\/p>\n<hr \/>\n<p>Wie immer bei unseren Artikeln &#8211; s\u00e4mtliche Geb\u00fchren sind, im Gegensatz zu anderen Anbietern auf dem Markt, bereits inkludiert.<\/p>\n<p>Versand erfolgt ausschlie\u00dflich aus Deutschland, es fallen keine Zoll- und Importgeb\u00fchren an.<\/p>\n<p>Als einziger EU-weit legal zugelassener H\u00e4ndler von Resin-Statuen garantieren wir exklusive Qualit\u00e4t und Vertrauensw\u00fcrdigkeit, die ihr nirgendwo anders finden.<\/p>\n<p>Ihr kauft keine Katze im Sack \ud83d\ude42<\/p>\n<hr \/>\n<p>You are not prepared! \ud83d\ude42<\/p>","protected":false},"excerpt":{"rendered":"<p>Dragon Ball &#8211; Android 17 &amp; 18 | 1:6 Resin Statue | von Sunyata Studio I do ship EU-wide, please contact me, should questions arise. Tolle Statue von zwei Zwillingsschwestern. Wunderbar verarbeitete und sehr detaillierte Android\u00a0 17 und 18 Statue aus Polystone &#8211; k\u00fcnstlichem Stein-Harz-Gemisch. Besonderheiten: 288 St\u00fcck weltweit Release-Status: Preorder. Statue wird voraussichtlich am [&hellip;]<\/p>\n","protected":false},"featured_media":33622,"comment_status":"closed","ping_status":"closed","template":"","meta":[],"product_brand":[],"product_cat":[24,87,568,84],"product_tag":[259,261,920,922,612,663,666,717,794,662,640,658,479,147,251,738,918,190,191,97,795,154,136,137,379,381,552,380],"class_list":{"0":"post-33540","1":"product","2":"type-product","3":"status-publish","4":"has-post-thumbnail","6":"product_cat-action-figuren","7":"product_cat-dragon-ball","8":"product_cat-preorder","9":"product_cat-statuen-anime-comic-universum","10":"product_tag-android-18","11":"product_tag-android-18-collectible","12":"product_tag-android-18-figur","13":"product_tag-android-18-toys","14":"product_tag-anime","15":"product_tag-anime-figur-shop","16":"product_tag-anime-figuren-shop","17":"product_tag-anime-shop","18":"product_tag-anime-statue","19":"product_tag-anime-statue-shop","20":"product_tag-anime-statuen","21":"product_tag-anime-toys","22":"product_tag-collectible","23":"product_tag-collectibles","24":"product_tag-collectibles-kaufen","25":"product_tag-dragon-ball","26":"product_tag-dragon-ball-android-18","27":"product_tag-dragon-ball-collectibles","28":"product_tag-dragon-ball-resin","29":"product_tag-dragon-ball-statue","30":"product_tag-handsomecake","31":"product_tag-resin-collectibles","32":"product_tag-resin-statuen","33":"product_tag-resin-statuen-kaufen","34":"product_tag-statue-collectible","35":"product_tag-statue-collectibles","36":"product_tag-statue-collector","37":"product_tag-statues-collectible","38":"pa_brand-sunyata-studio","39":"pa_scale-1_to_6","41":"first","42":"instock","43":"taxable","44":"shipping-taxable","45":"product-type-simple"},"_links":{"self":[{"href":"https:\/\/store.handsomecake.com\/en\/wp-json\/wp\/v2\/product\/33540","targetHints":{"allow":["GET"]}}],"collection":[{"href":"https:\/\/store.handsomecake.com\/en\/wp-json\/wp\/v2\/product"}],"about":[{"href":"https:\/\/store.handsomecake.com\/en\/wp-json\/wp\/v2\/types\/product"}],"replies":[{"embeddable":true,"href":"https:\/\/store.handsomecake.com\/en\/wp-json\/wp\/v2\/comments?post=33540"}],"wp:featuredmedia":[{"embeddable":true,"href":"https:\/\/store.handsomecake.com\/en\/wp-json\/wp\/v2\/media\/33622"}],"wp:attachment":[{"href":"https:\/\/store.handsomecake.com\/en\/wp-json\/wp\/v2\/media?parent=33540"}],"wp:term":[{"taxonomy":"product_brand","embeddable":true,"href":"https:\/\/store.handsomecake.com\/en\/wp-json\/wp\/v2\/product_brand?post=33540"},{"taxonomy":"product_cat","embeddable":true,"href":"https:\/\/store.handsomecake.com\/en\/wp-json\/wp\/v2\/product_cat?post=33540"},{"taxonomy":"product_tag","embeddable":true,"href":"https:\/\/store.handsomecake.com\/en\/wp-json\/wp\/v2\/product_tag?post=33540"}],"curies":[{"name":"wp","href":"https:\/\/api.w.org\/{rel}","templated":true}]}}