{"id":33458,"date":"2024-06-20T16:37:20","date_gmt":"2024-06-20T16:37:20","guid":{"rendered":"https:\/\/store.handsomecake.com\/product\/legend-of-zelda-princess-zelda-dragon-14-resin-statue-von-wake-studio\/"},"modified":"2024-06-20T17:33:16","modified_gmt":"2024-06-20T17:33:16","slug":"legend-of-zelda-princess-zelda-dragon-14-resin-statue-von-wake-studio","status":"publish","type":"product","link":"https:\/\/store.handsomecake.com\/en\/product\/legend-of-zelda-princess-zelda-dragon-14-resin-statue-von-wake-studio\/","title":{"rendered":"Legend of Zelda &#8211; Princess Zelda &amp; Dragon | 1:4 Resin Statue | von Wake Studio"},"content":{"rendered":"<p><strong>Legend of Zelda &#8211; Princess Zelda &amp; Dragon | 1:4 Resin Statue | von Wake Studio<\/strong><\/p>\n<p>EU Taxfree! I do ship EU-wide, please contact me, should questions arise.<\/p>\n<p>Tolle Statue von der Kronprinzessin des K\u00f6nigreichs Hyrule.<br \/>\nWunderbar verarbeitete und sehr detaillierte\u00a0 Princess Zelda &amp; Dragon Statue aus Polystone &#8211; k\u00fcnstlichem Stein-Harz-Gemisch.<\/p>\n<p><strong>Besonderheiten:<\/strong><\/p>\n<ul>\n<li>weltweit weniger als 100 St\u00fcck<\/li>\n<li>auch in Gr\u00f6\u00dfe 1:6 verf\u00fcgbar (weltweit 199 St\u00fcck)<\/li>\n<\/ul>\n<p><strong>Release-Status:<\/strong><\/p>\n<ul>\n<li>Preorder. Statue wird voraussichtlich am Ende Q1 2025 erscheinen und wir erwarten sie voraussichtlich Ende Mai 2025 im Warenlager.<\/li>\n<li>Diese Angabe ist ohne Gew\u00e4hr! Wir leiten nur die Sch\u00e4tzung vom Hersteller weiter.<\/li>\n<li>Falls das Datum \u00fcberschritten wurde und hier immer noch eine Sch\u00e4tzung aus der Vergangenheit steht, dann bedeutet das NICHT, dass die Figur bereits im Lager in Deutschland ist. Sie ist NUR dann auf Lager in Deutschland, wenn der Text dies entsprechend sagt und\/oder die Kategorie weiter oben &#8222;Lagernd vor Ort&#8220; hei\u00dft.<\/li>\n<\/ul>\n<hr \/>\n<p>Wie immer bei unseren Artikeln &#8211; s\u00e4mtliche Geb\u00fchren sind, im Gegensatz zu anderen Anbietern auf dem Markt, bereits inkludiert.<\/p>\n<p>Versand erfolgt ausschlie\u00dflich aus Deutschland, es fallen keine Zoll- und Importgeb\u00fchren an.<\/p>\n<p>Als einziger EU-weit legal zugelassener H\u00e4ndler von Resin-Statuen garantieren wir exklusive Qualit\u00e4t und Vertrauensw\u00fcrdigkeit, die ihr nirgendwo anders finden.<\/p>\n<p>Ihr kauft keine Katze im Sack \ud83d\ude42<\/p>\n<hr \/>\n<p>You are not prepared! \ud83d\ude42<\/p>\n<p>&nbsp;<\/p>","protected":false},"excerpt":{"rendered":"<p>Legend of Zelda &#8211; Princess Zelda &amp; Dragon | 1:4 Resin Statue | von Wake Studio EU Taxfree! I do ship EU-wide, please contact me, should questions arise. Tolle Statue von der Kronprinzessin des K\u00f6nigreichs Hyrule. Wunderbar verarbeitete und sehr detaillierte\u00a0 Princess Zelda &amp; Dragon Statue aus Polystone &#8211; k\u00fcnstlichem Stein-Harz-Gemisch. Besonderheiten: weltweit weniger als [&hellip;]<\/p>\n","protected":false},"featured_media":33491,"comment_status":"closed","ping_status":"closed","template":"","meta":[],"product_brand":[],"product_cat":[24,1207,568,81],"product_tag":[612,659,666,658,147,251,383,553,795,1215,154,136,554,379,381,552,547,1216,1214,1218,3402,1217],"class_list":{"0":"post-33458","1":"product","2":"type-product","3":"status-publish","4":"has-post-thumbnail","6":"product_cat-action-figuren","7":"product_cat-legend-of-zelda","8":"product_cat-preorder","9":"product_cat-statuen-computerspieluniversum","10":"product_tag-anime","11":"product_tag-anime-figuren","12":"product_tag-anime-figuren-shop","13":"product_tag-anime-toys","14":"product_tag-collectibles","15":"product_tag-collectibles-kaufen","16":"product_tag-collector","17":"product_tag-figure-collector","18":"product_tag-handsomecake","19":"product_tag-legend-of-zelda","20":"product_tag-resin-collectibles","21":"product_tag-resin-statuen","22":"product_tag-resin-statues","23":"product_tag-statue-collectible","24":"product_tag-statue-collectibles","25":"product_tag-statue-collector","26":"product_tag-statues-collector","27":"product_tag-the-legend-of-zelda","28":"product_tag-zelda","29":"product_tag-zelda-collectibles","30":"product_tag-zelda-statue","31":"product_tag-zelda-toys","32":"pa_brand-wake-studio","34":"first","35":"instock","36":"taxable","37":"shipping-taxable","38":"product-type-variable"},"_links":{"self":[{"href":"https:\/\/store.handsomecake.com\/en\/wp-json\/wp\/v2\/product\/33458","targetHints":{"allow":["GET"]}}],"collection":[{"href":"https:\/\/store.handsomecake.com\/en\/wp-json\/wp\/v2\/product"}],"about":[{"href":"https:\/\/store.handsomecake.com\/en\/wp-json\/wp\/v2\/types\/product"}],"replies":[{"embeddable":true,"href":"https:\/\/store.handsomecake.com\/en\/wp-json\/wp\/v2\/comments?post=33458"}],"wp:featuredmedia":[{"embeddable":true,"href":"https:\/\/store.handsomecake.com\/en\/wp-json\/wp\/v2\/media\/33491"}],"wp:attachment":[{"href":"https:\/\/store.handsomecake.com\/en\/wp-json\/wp\/v2\/media?parent=33458"}],"wp:term":[{"taxonomy":"product_brand","embeddable":true,"href":"https:\/\/store.handsomecake.com\/en\/wp-json\/wp\/v2\/product_brand?post=33458"},{"taxonomy":"product_cat","embeddable":true,"href":"https:\/\/store.handsomecake.com\/en\/wp-json\/wp\/v2\/product_cat?post=33458"},{"taxonomy":"product_tag","embeddable":true,"href":"https:\/\/store.handsomecake.com\/en\/wp-json\/wp\/v2\/product_tag?post=33458"}],"curies":[{"name":"wp","href":"https:\/\/api.w.org\/{rel}","templated":true}]}}