{"id":33375,"date":"2024-06-13T14:10:34","date_gmt":"2024-06-13T14:10:34","guid":{"rendered":"https:\/\/store.handsomecake.com\/product\/azur-lane-ijn-owari-16-resin-statue-von-fws-zzdd-studios\/"},"modified":"2024-09-18T12:33:16","modified_gmt":"2024-09-18T12:33:16","slug":"azur-lane-ijn-owari-16-resin-statue-von-fws-zzdd-studios","status":"publish","type":"product","link":"https:\/\/store.handsomecake.com\/en\/product\/azur-lane-ijn-owari-16-resin-statue-von-fws-zzdd-studios\/","title":{"rendered":"Azur Lane &#8211; IJN Owari | 1:6 Resin Statue | von FWS &amp; ZZDD Studios"},"content":{"rendered":"<p><strong>Azur Lane &#8211; IJN Owari | 1:6 Resin Statue | von FWS &amp; ZZDD Studios<\/strong><\/p>\n<p>EU Taxfree! I do ship EU-wide, please contact me, should questions arise.<\/p>\n<p>Tolle Statue einer der obersten Maids der Royal Navy<br \/>\nWunderbar verarbeitete und sehr detaillierte Statue von Sirius aus Polystone &#8211; k\u00fcnstlichem Stein-Harz-Gemisch.<\/p>\n<p><strong>Besonderheiten:<\/strong><\/p>\n<ul>\n<li>weltweit auf 188 St\u00fcck begrenzt<\/li>\n<li>austauschbarer nackter K\u00f6rper<\/li>\n<\/ul>\n<p><strong>Release-Status:<\/strong><\/p>\n<ul>\n<li>Released und in ca. 3-4 Monaten ab Bestellzeitpunkt bei euch.<\/li>\n<\/ul>\n<hr \/>\n<p>Wie immer bei unseren Artikeln &#8211; s\u00e4mtliche Geb\u00fchren sind, im Gegensatz zu anderen Anbietern auf dem Markt, bereits inkludiert.<\/p>\n<p>Versand erfolgt ausschlie\u00dflich aus Deutschland, es fallen keine Zoll- und Importgeb\u00fchren an.<\/p>\n<p>Als einziger EU-weit legal zugelassener H\u00e4ndler von Resin-Statuen garantieren wir exklusive Qualit\u00e4t und Vertrauensw\u00fcrdigkeit, die ihr nirgendwo anders finden.<\/p>\n<p>Ihr kauft keine Katze im Sack \ud83d\ude42<\/p>\n<hr \/>\n<p>You are not prepared! \ud83d\ude42<\/p>","protected":false},"excerpt":{"rendered":"<p>Azur Lane &#8211; IJN Owari | 1:6 Resin Statue | von FWS &amp; ZZDD Studios EU Taxfree! I do ship EU-wide, please contact me, should questions arise. Tolle Statue einer der obersten Maids der Royal Navy Wunderbar verarbeitete und sehr detaillierte Statue von Sirius aus Polystone &#8211; k\u00fcnstlichem Stein-Harz-Gemisch. Besonderheiten: weltweit auf 188 St\u00fcck begrenzt [&hellip;]<\/p>\n","protected":false},"featured_media":33378,"comment_status":"closed","ping_status":"closed","template":"","meta":[],"product_brand":[],"product_cat":[24,81,567],"product_tag":[612,2010,666,717,794,662,640,658,2015,2016,2017,479,147,251,795,3430,3428,3426,3427,3429,3431,154,255,136,137,379,381,552,380],"class_list":{"0":"post-33375","1":"product","2":"type-product","3":"status-publish","4":"has-post-thumbnail","6":"product_cat-action-figuren","7":"product_cat-statuen-computerspieluniversum","8":"product_cat-in_stock_warehouse_china","9":"product_tag-anime","10":"product_tag-anime-figuren-azur-lane","11":"product_tag-anime-figuren-shop","12":"product_tag-anime-shop","13":"product_tag-anime-statue","14":"product_tag-anime-statue-shop","15":"product_tag-anime-statuen","16":"product_tag-anime-toys","17":"product_tag-azur-lane-collectibles","18":"product_tag-azur-lane-resin","19":"product_tag-azur-lane-statue","20":"product_tag-collectible","21":"product_tag-collectibles","22":"product_tag-collectibles-kaufen","23":"product_tag-handsomecake","24":"product_tag-ijn","25":"product_tag-ijn-collectible","26":"product_tag-ijn-owari","27":"product_tag-ijn-owari-azur-lane","28":"product_tag-ijn-statue","29":"product_tag-owari","30":"product_tag-resin-collectibles","31":"product_tag-resin-collectibles-kaufen","32":"product_tag-resin-statuen","33":"product_tag-resin-statuen-kaufen","34":"product_tag-statue-collectible","35":"product_tag-statue-collectibles","36":"product_tag-statue-collector","37":"product_tag-statues-collectible","38":"pa_brand-zzdd-studio","39":"pa_scale-1_to_6","41":"first","42":"instock","43":"taxable","44":"shipping-taxable","45":"product-type-simple"},"_links":{"self":[{"href":"https:\/\/store.handsomecake.com\/en\/wp-json\/wp\/v2\/product\/33375","targetHints":{"allow":["GET"]}}],"collection":[{"href":"https:\/\/store.handsomecake.com\/en\/wp-json\/wp\/v2\/product"}],"about":[{"href":"https:\/\/store.handsomecake.com\/en\/wp-json\/wp\/v2\/types\/product"}],"replies":[{"embeddable":true,"href":"https:\/\/store.handsomecake.com\/en\/wp-json\/wp\/v2\/comments?post=33375"}],"wp:featuredmedia":[{"embeddable":true,"href":"https:\/\/store.handsomecake.com\/en\/wp-json\/wp\/v2\/media\/33378"}],"wp:attachment":[{"href":"https:\/\/store.handsomecake.com\/en\/wp-json\/wp\/v2\/media?parent=33375"}],"wp:term":[{"taxonomy":"product_brand","embeddable":true,"href":"https:\/\/store.handsomecake.com\/en\/wp-json\/wp\/v2\/product_brand?post=33375"},{"taxonomy":"product_cat","embeddable":true,"href":"https:\/\/store.handsomecake.com\/en\/wp-json\/wp\/v2\/product_cat?post=33375"},{"taxonomy":"product_tag","embeddable":true,"href":"https:\/\/store.handsomecake.com\/en\/wp-json\/wp\/v2\/product_tag?post=33375"}],"curies":[{"name":"wp","href":"https:\/\/api.w.org\/{rel}","templated":true}]}}