{"id":33363,"date":"2024-06-13T14:09:12","date_gmt":"2024-06-13T14:09:12","guid":{"rendered":"https:\/\/store.handsomecake.com\/product\/baldurs-gate-3-astarion-14-resin-statue-von-god-pan-studio\/"},"modified":"2025-04-09T19:31:26","modified_gmt":"2025-04-09T19:31:26","slug":"baldurs-gate-3-astarion-14-resin-statue-von-god-pan-studio","status":"publish","type":"product","link":"https:\/\/store.handsomecake.com\/en\/product\/baldurs-gate-3-astarion-14-resin-statue-von-god-pan-studio\/","title":{"rendered":"Baldur&#8217;s Gate 3 &#8211; Astarion | 1:4 Resin Statue | von God Pan Studio"},"content":{"rendered":"<p><strong>Baldur&#8217;s Gate 3 &#8211; Astarion | 1:4 Resin Statue | von God Pan Studio<\/strong><\/p>\n<p>I do ship EU-wide, please contact me, should questions arise.<\/p>\n<p><em><span style=\"color: #ffffff;\"><span style=\"background-color: #2c3e50;\">&#8220; And to think I was ready to decorate the ground with your innards. Apologies. &#8222;<\/span><\/span><\/em><\/p>\n<p>Tolle Statue von Hochelf Astarion Ancun\u00edn.<br \/>\nWunderbar verarbeitete und sehr detaillierte Astarion Statue aus Polystone &#8211; k\u00fcnstlichem Stein-Harz-Gemisch.<\/p>\n<p><strong>Besonderheiten:<\/strong><\/p>\n<ul>\n<li>Basis-Szene + Luxus-Szene<\/li>\n<li>2 Oberk\u00f6rper<\/li>\n<li>3 Unterk\u00f6rper<\/li>\n<li>3 austauschbare Arme und weitere unterst\u00fctzende Requisiten<\/li>\n<li>Katze &#8222;Myshka&#8220; als Geschenk<\/li>\n<\/ul>\n<p><strong>Release-Status:<\/strong><\/p>\n<ul>\n<li>Preorder. Statue wird voraussichtlich in Q3 2024 released und wir erwarten sie sch\u00e4tzungsweise Ende November 2024 bei uns im Warenlager.<\/li>\n<li>Diese Angabe ist ohne Gew\u00e4hr! Wir leiten nur die Sch\u00e4tzung vom Hersteller weiter.<\/li>\n<li>Falls das Datum \u00fcberschritten wurde und hier immer noch eine Sch\u00e4tzung aus der Vergangenheit steht, dann bedeutet das NICHT, dass die Figur bereits im Lager in Deutschland ist. Sie ist NUR dann auf Lager in Deutschland, wenn der Text dies entsprechend sagt und\/oder die Kategorie weiter oben &#8222;Lagernd vor Ort&#8220; hei\u00dft.<\/li>\n<\/ul>\n<hr \/>\n<p>Wie immer bei unseren Artikeln &#8211; s\u00e4mtliche Geb\u00fchren sind, im Gegensatz zu anderen Anbietern auf dem Markt, bereits inkludiert.<\/p>\n<p>Versand erfolgt ausschlie\u00dflich aus Deutschland, es fallen keine Zoll- und Importgeb\u00fchren an.<\/p>\n<p>Als einziger EU-weit legal zugelassener H\u00e4ndler von Resin-Statuen garantieren wir exklusive Qualit\u00e4t und Vertrauensw\u00fcrdigkeit, die ihr nirgendwo anders finden.<\/p>\n<p>Ihr kauft keine Katze im Sack \ud83d\ude42<\/p>\n<hr \/>\n<p>You are not prepared! \ud83d\ude42<\/p>","protected":false},"excerpt":{"rendered":"<p>Baldur&#8217;s Gate 3 &#8211; Astarion | 1:4 Resin Statue | von God Pan Studio I do ship EU-wide, please contact me, should questions arise. &#8220; And to think I was ready to decorate the ground with your innards. Apologies. &#8222; Tolle Statue von Hochelf Astarion Ancun\u00edn. Wunderbar verarbeitete und sehr detaillierte Astarion Statue aus Polystone [&hellip;]<\/p>\n","protected":false},"featured_media":33403,"comment_status":"closed","ping_status":"closed","template":"","meta":[],"product_brand":[],"product_cat":[24,2196,568,81],"product_tag":[612,666,794,662,640,658,3346,3175,3176,3345,147,251,795,154,136,137,380,382,718],"class_list":{"0":"post-33363","1":"product","2":"type-product","3":"status-publish","4":"has-post-thumbnail","6":"product_cat-action-figuren","7":"product_cat-hadaka-matsuri","8":"product_cat-preorder","9":"product_cat-statuen-computerspieluniversum","10":"product_tag-anime","11":"product_tag-anime-figuren-shop","12":"product_tag-anime-statue","13":"product_tag-anime-statue-shop","14":"product_tag-anime-statuen","15":"product_tag-anime-toys","16":"product_tag-astarion","17":"product_tag-baldurs-gate","18":"product_tag-baldurs-gate-3","19":"product_tag-baldurs-gate-astarion","20":"product_tag-collectibles","21":"product_tag-collectibles-kaufen","22":"product_tag-handsomecake","23":"product_tag-resin-collectibles","24":"product_tag-resin-statuen","25":"product_tag-resin-statuen-kaufen","26":"product_tag-statues-collectible","27":"product_tag-statues-collectibles","28":"product_tag-toys","29":"pa_brand-god-pan-studio","30":"pa_scale-1_to_4","32":"first","33":"outofstock","34":"taxable","35":"shipping-taxable","36":"product-type-simple"},"_links":{"self":[{"href":"https:\/\/store.handsomecake.com\/en\/wp-json\/wp\/v2\/product\/33363","targetHints":{"allow":["GET"]}}],"collection":[{"href":"https:\/\/store.handsomecake.com\/en\/wp-json\/wp\/v2\/product"}],"about":[{"href":"https:\/\/store.handsomecake.com\/en\/wp-json\/wp\/v2\/types\/product"}],"replies":[{"embeddable":true,"href":"https:\/\/store.handsomecake.com\/en\/wp-json\/wp\/v2\/comments?post=33363"}],"wp:featuredmedia":[{"embeddable":true,"href":"https:\/\/store.handsomecake.com\/en\/wp-json\/wp\/v2\/media\/33403"}],"wp:attachment":[{"href":"https:\/\/store.handsomecake.com\/en\/wp-json\/wp\/v2\/media?parent=33363"}],"wp:term":[{"taxonomy":"product_brand","embeddable":true,"href":"https:\/\/store.handsomecake.com\/en\/wp-json\/wp\/v2\/product_brand?post=33363"},{"taxonomy":"product_cat","embeddable":true,"href":"https:\/\/store.handsomecake.com\/en\/wp-json\/wp\/v2\/product_cat?post=33363"},{"taxonomy":"product_tag","embeddable":true,"href":"https:\/\/store.handsomecake.com\/en\/wp-json\/wp\/v2\/product_tag?post=33363"}],"curies":[{"name":"wp","href":"https:\/\/api.w.org\/{rel}","templated":true}]}}