{"id":33264,"date":"2024-06-09T16:20:40","date_gmt":"2024-06-09T16:20:40","guid":{"rendered":"https:\/\/store.handsomecake.com\/product\/slam-dunk-rukawa-kaede-14-resin-statue-von-infinite-studio\/"},"modified":"2024-06-12T16:45:35","modified_gmt":"2024-06-12T16:45:35","slug":"slam-dunk-rukawa-kaede-14-resin-statue-von-infinite-studio","status":"publish","type":"product","link":"https:\/\/store.handsomecake.com\/en\/product\/slam-dunk-rukawa-kaede-14-resin-statue-von-infinite-studio\/","title":{"rendered":"Slam Dunk &#8211; Rukawa Kaede | 1:4 Resin Statue | von Infinite Studio"},"content":{"rendered":"<p><strong>Slam Dunk &#8211; Rukawa Kaede | 1:4 Resin Statue | von Infinite Studio<\/strong><\/p>\n<p>EU Taxfree! I do ship EU-wide, please contact me, should questions arise.<\/p>\n<p>Tolle Statue von dem talentierten Shooting Guard der Shohoku-Mannschaft<\/p>\n<p><em><span style=\"color: #ffffff;\"><span style=\"background-color: #2c3e50;\">\u00a0&#8220; I am the only #1 and always will be\u00a0 &#8220;\u00a0 <\/span><\/span><\/em><\/p>\n<p>Wunderbar verarbeitete und sehr detaillierte Rukawa Kaede Lifesize Statue\u00a0 aus Polystone &#8211; k\u00fcnstlichem Stein-Harz-Gemisch.<\/p>\n<p><strong>Besonderheiten:<\/strong><\/p>\n<ul>\n<li>wei\u00dfe und rote Versionen sind verf\u00fcgbar<\/li>\n<li>beide Versionen sind auch in Gr\u00f6\u00dfe 1:6 erh\u00e4ltlich<\/li>\n<\/ul>\n<p><strong>Release-Status:<\/strong><\/p>\n<ul>\n<li>Preorder. Statue wird voraussichtlich am Ende Q1 2025 erscheinen und wir erwarten sie voraussichtlich Ende Mai 2025 im Warenlager.<\/li>\n<li>Diese Angabe ist ohne Gew\u00e4hr! Wir leiten nur die Sch\u00e4tzung vom Hersteller weiter.<\/li>\n<li>Falls das Datum \u00fcberschritten wurde und hier immer noch eine Sch\u00e4tzung aus der Vergangenheit steht, dann bedeutet das NICHT, dass die Figur bereits im Lager in Deutschland ist. Sie ist NUR dann auf Lager in Deutschland, wenn der Text dies entsprechend sagt und\/oder die Kategorie weiter oben &#8222;Lagernd vor Ort&#8220; hei\u00dft.<\/li>\n<\/ul>\n<hr \/>\n<p>Wie immer bei unseren Artikeln &#8211; s\u00e4mtliche Geb\u00fchren sind, im Gegensatz zu anderen Anbietern auf dem Markt, bereits inkludiert.<\/p>\n<p>Versand erfolgt ausschlie\u00dflich aus Deutschland, es fallen keine Zoll- und Importgeb\u00fchren an.<\/p>\n<p>Als einziger EU-weit legal zugelassener H\u00e4ndler von Resin-Statuen garantieren wir exklusive Qualit\u00e4t und Vertrauensw\u00fcrdigkeit, die ihr nirgendwo anders finden.<\/p>\n<p>Ihr kauft keine Katze im Sack \ud83d\ude42<\/p>\n<hr \/>\n<p>You are not prepared! \ud83d\ude42<\/p>","protected":false},"excerpt":{"rendered":"<p>Slam Dunk &#8211; Rukawa Kaede | 1:4 Resin Statue | von Infinite Studio EU Taxfree! I do ship EU-wide, please contact me, should questions arise. Tolle Statue von dem talentierten Shooting Guard der Shohoku-Mannschaft \u00a0&#8220; I am the only #1 and always will be\u00a0 &#8220;\u00a0 Wunderbar verarbeitete und sehr detaillierte Rukawa Kaede Lifesize Statue\u00a0 aus [&hellip;]<\/p>\n","protected":false},"featured_media":33288,"comment_status":"closed","ping_status":"closed","template":"","meta":[],"product_brand":[],"product_cat":[24,568,84],"product_tag":[612,659,666,717,147,795,154,136,137,2615,2616,2617,2618,2619,2620,2622,2621,379,381,380,382,718],"class_list":{"0":"post-33264","1":"product","2":"type-product","3":"status-publish","4":"has-post-thumbnail","6":"product_cat-action-figuren","7":"product_cat-preorder","8":"product_cat-statuen-anime-comic-universum","9":"product_tag-anime","10":"product_tag-anime-figuren","11":"product_tag-anime-figuren-shop","12":"product_tag-anime-shop","13":"product_tag-collectibles","14":"product_tag-handsomecake","15":"product_tag-resin-collectibles","16":"product_tag-resin-statuen","17":"product_tag-resin-statuen-kaufen","18":"product_tag-rukawa-kaede","19":"product_tag-rukawa-kaede-collectible","20":"product_tag-rukawa-kaede-resin-statue","21":"product_tag-rukawa-kaede-statue","22":"product_tag-slam-dunk","23":"product_tag-slam-dunk-collectibles","24":"product_tag-slam-dunk-rukawa-kaede","25":"product_tag-slam-dunk-statue","26":"product_tag-statue-collectible","27":"product_tag-statue-collectibles","28":"product_tag-statues-collectible","29":"product_tag-statues-collectibles","30":"product_tag-toys","31":"pa_brand-infinite-studio","33":"first","34":"instock","35":"taxable","36":"shipping-taxable","37":"product-type-variable"},"_links":{"self":[{"href":"https:\/\/store.handsomecake.com\/en\/wp-json\/wp\/v2\/product\/33264","targetHints":{"allow":["GET"]}}],"collection":[{"href":"https:\/\/store.handsomecake.com\/en\/wp-json\/wp\/v2\/product"}],"about":[{"href":"https:\/\/store.handsomecake.com\/en\/wp-json\/wp\/v2\/types\/product"}],"replies":[{"embeddable":true,"href":"https:\/\/store.handsomecake.com\/en\/wp-json\/wp\/v2\/comments?post=33264"}],"wp:featuredmedia":[{"embeddable":true,"href":"https:\/\/store.handsomecake.com\/en\/wp-json\/wp\/v2\/media\/33288"}],"wp:attachment":[{"href":"https:\/\/store.handsomecake.com\/en\/wp-json\/wp\/v2\/media?parent=33264"}],"wp:term":[{"taxonomy":"product_brand","embeddable":true,"href":"https:\/\/store.handsomecake.com\/en\/wp-json\/wp\/v2\/product_brand?post=33264"},{"taxonomy":"product_cat","embeddable":true,"href":"https:\/\/store.handsomecake.com\/en\/wp-json\/wp\/v2\/product_cat?post=33264"},{"taxonomy":"product_tag","embeddable":true,"href":"https:\/\/store.handsomecake.com\/en\/wp-json\/wp\/v2\/product_tag?post=33264"}],"curies":[{"name":"wp","href":"https:\/\/api.w.org\/{rel}","templated":true}]}}