{"id":3326,"date":"2021-06-05T20:13:10","date_gmt":"2021-06-05T20:13:10","guid":{"rendered":"https:\/\/store.handsomecake.com\/product\/dragon-ball-z-vegeta-lifesize-11-resin-statue-vo-lx-studio\/"},"modified":"2025-04-09T00:25:47","modified_gmt":"2025-04-09T00:25:47","slug":"dragon-ball-z-vegeta-lifesize-11-resin-statue-von-lx-studio","status":"publish","type":"product","link":"https:\/\/store.handsomecake.com\/en\/product\/dragon-ball-z-vegeta-lifesize-11-resin-statue-von-lx-studio\/","title":{"rendered":"Dragon Ball Z &#8211; Vegeta Lifesize | 1:1 Resin Statue | von LX Studio"},"content":{"rendered":"<p>Dragon Ball Z &#8211; Vegeta Lifesize &#8218; 1:1 Resin Statue &#8218; vo LX Studio<br \/>\nEU Taxfree! I do ship EU-wide, please contact me, should questions arise.<\/p>\n<p>220 cm gro\u00dfe Statue (Lifesize) des charismatischen Rivalen von Goku<br \/>\nWunderbar verarbeitete und sehr detaillierte lifesize Statue von Vegeta aus Polystone &#8211; k\u00fcnstlichem Stein-Harz-Gemisch.<\/p>\n<p>Besonderheiten:<\/p>\n<ul>\n<li>Lifesize Statue kommt mit einer extra B\u00fcste, so dass man den Oberk\u00f6rper austauschen kann<\/li>\n<li>Wahl aus: Base, Super Saiyan oder SSGSS aka Super Saiyan Blue B\u00fcste!<\/li>\n<li>Eine Extrab\u00fcste kann f\u00fcr 1100\u20ac hinzugebucht werden, somit h\u00e4tte man alle 3 austauschbaren Optionen<\/li>\n<li>weltweit nur 88 St\u00fcck<\/li>\n<\/ul>\n<p>Release-Status:<\/p>\n<ul>\n<li>In Stock<\/li>\n<\/ul>\n<p>Wie immer bei meinen Artikeln &#8211; s\u00e4mtliche Geb\u00fchren sind, im Gegensatz zu anderen Angeboten, bereits inkludiert. Versand erfolgt ausschlie\u00dflich aus Deutschland, es fallen keine Zoll- und Importgeb\u00fchren an. Ihr kauft keine Katze im Sack \ud83d\ude42<\/p>\n<p>Ma\u00dfe der Statue:<br \/>\nGr\u00f6\u00dfe: ca. 250cm x 120cm x 120cm (gesch\u00e4tzt)<br \/>\nGewicht: \u00fcber 100kg (gesch\u00e4tzt)<\/p>\n<p>You are not prepared! \ud83d\ude42<\/p>","protected":false},"excerpt":{"rendered":"<p>Dragon Ball Z &#8211; Vegeta Lifesize &#8218; 1:1 Resin Statue &#8218; vo LX Studio EU Taxfree! I do ship EU-wide, please contact me, should questions arise. 220 cm gro\u00dfe Statue (Lifesize) des charismatischen Rivalen von Goku Wunderbar verarbeitete und sehr detaillierte lifesize Statue von Vegeta aus Polystone &#8211; k\u00fcnstlichem Stein-Harz-Gemisch. Besonderheiten: Lifesize Statue kommt mit [&hellip;]<\/p>\n","protected":false},"featured_media":3327,"comment_status":"closed","ping_status":"closed","template":"","meta":[],"product_brand":[],"product_cat":[87,826,84,567],"product_tag":[147,251,190,471,191,171,346,97,98,674,514,469,470,154,136,137,472,379,381,380,382,96,675,95],"class_list":{"0":"post-3326","1":"product","2":"type-product","3":"status-publish","4":"has-post-thumbnail","6":"product_cat-dragon-ball","7":"product_cat-lagernd-vor-ort","8":"product_cat-statuen-anime-comic-universum","9":"product_cat-in_stock_warehouse_china","10":"product_tag-collectibles","11":"product_tag-collectibles-kaufen","12":"product_tag-dragon-ball-collectibles","13":"product_tag-dragon-ball-lifesize","14":"product_tag-dragon-ball-resin","15":"product_tag-dragon-ball-son-goku","16":"product_tag-dragon-ball-son-goku-collectible","17":"product_tag-dragon-ball-statue","18":"product_tag-dragon-ball-vegeta","19":"product_tag-dragon-ball-z-vegeta","20":"product_tag-lifesize","21":"product_tag-lifesize-collectibles","22":"product_tag-lifesize-statuen","23":"product_tag-resin-collectibles","24":"product_tag-resin-statuen","25":"product_tag-resin-statuen-kaufen","26":"product_tag-son-goku-statue","27":"product_tag-statue-collectible","28":"product_tag-statue-collectibles","29":"product_tag-statues-collectible","30":"product_tag-statues-collectibles","31":"product_tag-vegeta","32":"product_tag-vegeta-collectible","33":"product_tag-vegeta-statue","34":"pa_brand-lx-studio","35":"pa_scale-1_to_1","37":"first","38":"instock","39":"taxable","40":"shipping-taxable","41":"product-type-simple"},"_links":{"self":[{"href":"https:\/\/store.handsomecake.com\/en\/wp-json\/wp\/v2\/product\/3326","targetHints":{"allow":["GET"]}}],"collection":[{"href":"https:\/\/store.handsomecake.com\/en\/wp-json\/wp\/v2\/product"}],"about":[{"href":"https:\/\/store.handsomecake.com\/en\/wp-json\/wp\/v2\/types\/product"}],"replies":[{"embeddable":true,"href":"https:\/\/store.handsomecake.com\/en\/wp-json\/wp\/v2\/comments?post=3326"}],"wp:featuredmedia":[{"embeddable":true,"href":"https:\/\/store.handsomecake.com\/en\/wp-json\/wp\/v2\/media\/3327"}],"wp:attachment":[{"href":"https:\/\/store.handsomecake.com\/en\/wp-json\/wp\/v2\/media?parent=3326"}],"wp:term":[{"taxonomy":"product_brand","embeddable":true,"href":"https:\/\/store.handsomecake.com\/en\/wp-json\/wp\/v2\/product_brand?post=3326"},{"taxonomy":"product_cat","embeddable":true,"href":"https:\/\/store.handsomecake.com\/en\/wp-json\/wp\/v2\/product_cat?post=3326"},{"taxonomy":"product_tag","embeddable":true,"href":"https:\/\/store.handsomecake.com\/en\/wp-json\/wp\/v2\/product_tag?post=3326"}],"curies":[{"name":"wp","href":"https:\/\/api.w.org\/{rel}","templated":true}]}}