{"id":3315,"date":"2021-06-05T20:12:47","date_gmt":"2021-06-05T20:12:47","guid":{"rendered":"https:\/\/store.handsomecake.com\/product\/nier-automata-yorha-no-2-type-b-14-resin-statue-von-bolomo-studio\/"},"modified":"2025-09-06T11:27:28","modified_gmt":"2025-09-06T11:27:28","slug":"nier-automata-yorha-no-2-type-b-14-resin-statue-von-bolomo-studio","status":"publish","type":"product","link":"https:\/\/store.handsomecake.com\/en\/product\/nier-automata-yorha-no-2-type-b-14-resin-statue-von-bolomo-studio\/","title":{"rendered":"Nier Automata &#8211; YoRHa No.2 Type B | 1:4 Resin Statue | von Bolomo Studio |\u00a0schwarze Version"},"content":{"rendered":"<p>Nier Automata &#8211; YoRHa No.2 Type B &#8218; 1:4 Resin Statue &#8218; von Bolomo Studio<\/p>\n<p>EU Taxfree! I do ship EU-wide, please contact me, should questions arise.<br \/>\nEU shipping costs are more an estimate and will be recalculated (and you will receive a refund, if shippings costs turn out to be lower in the end).<br \/>\nExample &#8211; some statues are stated as 58cm width. Until they arrive we can&#8217;t guarantee if its the width WITH packaging or without. If it&#8217;s WITH, we fit under the 60cm rule and if the weight is under 31.5kg as well, shipping will be as low as 43.86\u20ac (current DHL price), if the statue is over 60cm with packaging, we will need to engage a hauling company&#8230;<\/p>\n<p>Tolle Statue unserer geliebten Androidk\u00e4mpferin<\/p>\n<p>Wunderbar verarbeitete und sehr detaillierte Statue von YoRHa No.2 Type B aus Polystone &#8211; k\u00fcnstlichem Stein-Harz-Gemisch.<\/p>\n<p>Besonderheiten:<\/p>\n<ul>\n<li>bitte bei der Bestellung mit angeben, ob die wei\u00dfe oder schwarze Variante gew\u00fcnscht ist<\/li>\n<li>400 St\u00fcck (schwarz) \/ 100 St\u00fcck (wei\u00df)<\/li>\n<\/ul>\n<p>Release-Status:<\/p>\n<ul>\n<li>Preorder. Statue wird voraussichtlich Q1 2022 released. Bei uns im Lager sch\u00e4tzungsweise Ende Mai 2022.<\/li>\n<li>Update 21.03.2022 &#8211; nur noch eine <strong>schwarze<\/strong> Version verf\u00fcgbar!<\/li>\n<\/ul>\n<p>Wie immer bei meinen Aktionen &#8211; s\u00e4mtliche Geb\u00fchren sind, im Gegensatz zu anderen Angeboten, bereits inkludiert. Versand erfolgt ausschlie\u00dflich aus Deutschland, es fallen keine Zoll- und Importgeb\u00fchren an. Ihr kauft keine Katze im Sack \ud83d\ude42<\/p>\n<p>Preis-Hinweis:<br \/>\nSolltet ihr die Statue direkt \u00fcber unseren Online-Shop (einfach den Benutzernamen googeln) kaufen, so erhaltet ihr auf jeden Fall die Tiefstpreisgarantie &#8211; sollte beispielsweise der Versand, Zoll oder die Einfuhrumsatzsteuer am Ende, also wenn die Statue bei uns im Warenlager angekommen ist, geringer ausfallen, so leiten wir die Preisreduzierung 1:1 an euch weiter! Der Catfish Arthas war z.b. urspr\u00fcnglich f\u00fcr 1850\u20ac drin, Endpreis war 1569\u20ac.<\/p>\n<p>Ma\u00dfe der Statue:<br \/>\nGr\u00f6\u00dfe: H46cm x 28cm x 28cm<br \/>\nGewicht: TBA, gesch\u00e4tzt ca. 12 kg<\/p>\n<p>You are not prepared! \ud83d\ude42<\/p>","protected":false},"excerpt":{"rendered":"<p>Nier Automata &#8211; YoRHa No.2 Type B &#8218; 1:4 Resin Statue &#8218; von Bolomo Studio EU Taxfree! I do ship EU-wide, please contact me, should questions arise. EU shipping costs are more an estimate and will be recalculated (and you will receive a refund, if shippings costs turn out to be lower in the end). [&hellip;]<\/p>\n","protected":false},"featured_media":3316,"comment_status":"closed","ping_status":"closed","template":"","meta":[],"product_brand":[],"product_cat":[641,568,81],"product_tag":[666,717,640,658,479,147,251,795,763,252,253,764,254,765,154,255,136,137,379,381,552,380,382,547,718,768,770,771,767,769,766],"class_list":{"0":"post-3315","1":"product","2":"type-product","3":"status-publish","4":"has-post-thumbnail","6":"product_cat-nier-automata","7":"product_cat-preorder","8":"product_cat-statuen-computerspieluniversum","9":"product_tag-anime-figuren-shop","10":"product_tag-anime-shop","11":"product_tag-anime-statuen","12":"product_tag-anime-toys","13":"product_tag-collectible","14":"product_tag-collectibles","15":"product_tag-collectibles-kaufen","16":"product_tag-handsomecake","17":"product_tag-nier","18":"product_tag-nier-automata","19":"product_tag-nier-automata-collectibles","20":"product_tag-nier-automata-collectibles-kaufen","21":"product_tag-nier-automata-statuen","22":"product_tag-nier-automata-statuen-kaufen","23":"product_tag-resin-collectibles","24":"product_tag-resin-collectibles-kaufen","25":"product_tag-resin-statuen","26":"product_tag-resin-statuen-kaufen","27":"product_tag-statue-collectible","28":"product_tag-statue-collectibles","29":"product_tag-statue-collector","30":"product_tag-statues-collectible","31":"product_tag-statues-collectibles","32":"product_tag-statues-collector","33":"product_tag-toys","34":"product_tag-yorha-collectible","35":"product_tag-yorha-figure","36":"product_tag-yorha-figurine","37":"product_tag-yorha-statue","38":"product_tag-yorha-toy","39":"product_tag-yorha-type-b","40":"pa_brand-bolomo-studio","41":"pa_scale-1_to_4","43":"first","44":"instock","45":"taxable","46":"shipping-taxable","47":"product-type-variable"},"_links":{"self":[{"href":"https:\/\/store.handsomecake.com\/en\/wp-json\/wp\/v2\/product\/3315","targetHints":{"allow":["GET"]}}],"collection":[{"href":"https:\/\/store.handsomecake.com\/en\/wp-json\/wp\/v2\/product"}],"about":[{"href":"https:\/\/store.handsomecake.com\/en\/wp-json\/wp\/v2\/types\/product"}],"replies":[{"embeddable":true,"href":"https:\/\/store.handsomecake.com\/en\/wp-json\/wp\/v2\/comments?post=3315"}],"wp:featuredmedia":[{"embeddable":true,"href":"https:\/\/store.handsomecake.com\/en\/wp-json\/wp\/v2\/media\/3316"}],"wp:attachment":[{"href":"https:\/\/store.handsomecake.com\/en\/wp-json\/wp\/v2\/media?parent=3315"}],"wp:term":[{"taxonomy":"product_brand","embeddable":true,"href":"https:\/\/store.handsomecake.com\/en\/wp-json\/wp\/v2\/product_brand?post=3315"},{"taxonomy":"product_cat","embeddable":true,"href":"https:\/\/store.handsomecake.com\/en\/wp-json\/wp\/v2\/product_cat?post=3315"},{"taxonomy":"product_tag","embeddable":true,"href":"https:\/\/store.handsomecake.com\/en\/wp-json\/wp\/v2\/product_tag?post=3315"}],"curies":[{"name":"wp","href":"https:\/\/api.w.org\/{rel}","templated":true}]}}