{"id":33046,"date":"2024-06-03T23:31:02","date_gmt":"2024-06-03T23:31:02","guid":{"rendered":"https:\/\/store.handsomecake.com\/product\/star-wars-princess-leia-14-resin-statue-von-xionart\/"},"modified":"2025-08-25T11:28:19","modified_gmt":"2025-08-25T11:28:19","slug":"star-wars-princess-leia-14-resin-statue-von-xionart","status":"publish","type":"product","link":"https:\/\/store.handsomecake.com\/en\/product\/star-wars-princess-leia-14-resin-statue-von-xionart\/","title":{"rendered":"Star Wars &#8211; Princess Leia | 1:4 Resin Statue | von xionart"},"content":{"rendered":"<p><strong>Star Wars &#8211; Princess Leia | 1:4 Resin Statue | von xionart<\/strong><\/p>\n<p>I do ship EU-wide, please contact me, should questions arise.<\/p>\n<p>Tolle Statue von Leia Amidala Skywalker Organa Solo.<br \/>\nWunderbar verarbeitete und sehr detaillierte Leia Statue aus Polystone &#8211; k\u00fcnstlichem Stein-Harz-Gemisch.<\/p>\n<p><strong>Besonderheiten:<\/strong><\/p>\n<ul>\n<li>3 austauschbare K\u00f6pfe<\/li>\n<li>2 austauschbare Lichtschwerter (blau\/gelb)<\/li>\n<li>Zwei Optionen zur Auswahl:<\/li>\n<\/ul>\n<p>&#8211; Leia mit gro\u00dfer Brust und wei\u00dfen Stiefeln<br \/>\n&#8211; Leia mit normaler Brust und braunen Stiefeln<\/p>\n<ul>\n<li>R2D2 mit beleuchteten roten und blauen Kn\u00f6pfen<\/li>\n<li>Der Umhang ist abnehmbar<\/li>\n<\/ul>\n<p><strong>Release-Status:<\/strong><\/p>\n<ul>\n<li>Preorder. Statue wird voraussichtlich am Ende Q1 2025 erscheinen und wir erwarten sie voraussichtlich Ende Mai 2025 im Warenlager.<\/li>\n<li>Diese Angabe ist ohne Gew\u00e4hr! Wir leiten nur die Sch\u00e4tzung vom Hersteller weiter.<\/li>\n<li>Falls das Datum \u00fcberschritten wurde und hier immer noch eine Sch\u00e4tzung aus der Vergangenheit steht, dann bedeutet das NICHT, dass die Figur bereits im Lager in Deutschland ist. Sie ist NUR dann auf Lager in Deutschland, wenn der Text dies entsprechend sagt und\/oder die Kategorie weiter oben &#8222;Lagernd vor Ort&#8220; hei\u00dft.<\/li>\n<\/ul>\n<hr \/>\n<p>Wie immer bei unseren Artikeln &#8211; s\u00e4mtliche Geb\u00fchren sind, im Gegensatz zu anderen Anbietern auf dem Markt, bereits inkludiert.<br \/>\nVersand erfolgt ausschlie\u00dflich aus Deutschland, es fallen keine Zoll- und Importgeb\u00fchren an.<br \/>\nAls einziger EU-weit legal zugelassener H\u00e4ndler von Resin-Statuen garantieren wir exklusive Qualit\u00e4t und Vertrauensw\u00fcrdigkeit, die ihr nirgendwo anders finden.<\/p>\n<p>Ihr kauft keine Katze im Sack \ud83d\ude42<\/p>\n<hr \/>\n<p>You are not prepared! \ud83d\ude42<\/p>","protected":false},"excerpt":{"rendered":"<p>Star Wars &#8211; Princess Leia | 1:4 Resin Statue | von xionart I do ship EU-wide, please contact me, should questions arise. Tolle Statue von Leia Amidala Skywalker Organa Solo. Wunderbar verarbeitete und sehr detaillierte Leia Statue aus Polystone &#8211; k\u00fcnstlichem Stein-Harz-Gemisch. Besonderheiten: 3 austauschbare K\u00f6pfe 2 austauschbare Lichtschwerter (blau\/gelb) Zwei Optionen zur Auswahl: &#8211; [&hellip;]<\/p>\n","protected":false},"featured_media":33088,"comment_status":"closed","ping_status":"closed","template":"","meta":[],"product_brand":[],"product_cat":[24,568,84],"product_tag":[612,666,717,794,662,640,658,479,147,251,795,3121,3122,154,255,136,137,1887,1889,1890,379,381,552,665,380,382,547,718],"class_list":{"0":"post-33046","1":"product","2":"type-product","3":"status-publish","4":"has-post-thumbnail","6":"product_cat-action-figuren","7":"product_cat-preorder","8":"product_cat-statuen-anime-comic-universum","9":"product_tag-anime","10":"product_tag-anime-figuren-shop","11":"product_tag-anime-shop","12":"product_tag-anime-statue","13":"product_tag-anime-statue-shop","14":"product_tag-anime-statuen","15":"product_tag-anime-toys","16":"product_tag-collectible","17":"product_tag-collectibles","18":"product_tag-collectibles-kaufen","19":"product_tag-handsomecake","20":"product_tag-leia","21":"product_tag-luke-statue","22":"product_tag-resin-collectibles","23":"product_tag-resin-collectibles-kaufen","24":"product_tag-resin-statuen","25":"product_tag-resin-statuen-kaufen","26":"product_tag-star-wars-collectibles","27":"product_tag-star-wars-resin","28":"product_tag-star-wars-statue","29":"product_tag-statue-collectible","30":"product_tag-statue-collectibles","31":"product_tag-statue-collector","32":"product_tag-statuen-shop","33":"product_tag-statues-collectible","34":"product_tag-statues-collectibles","35":"product_tag-statues-collector","36":"product_tag-toys","37":"pa_brand-xionart","38":"pa_scale-1_to_4","40":"first","41":"instock","42":"taxable","43":"shipping-taxable","44":"product-type-variable"},"_links":{"self":[{"href":"https:\/\/store.handsomecake.com\/en\/wp-json\/wp\/v2\/product\/33046","targetHints":{"allow":["GET"]}}],"collection":[{"href":"https:\/\/store.handsomecake.com\/en\/wp-json\/wp\/v2\/product"}],"about":[{"href":"https:\/\/store.handsomecake.com\/en\/wp-json\/wp\/v2\/types\/product"}],"replies":[{"embeddable":true,"href":"https:\/\/store.handsomecake.com\/en\/wp-json\/wp\/v2\/comments?post=33046"}],"wp:featuredmedia":[{"embeddable":true,"href":"https:\/\/store.handsomecake.com\/en\/wp-json\/wp\/v2\/media\/33088"}],"wp:attachment":[{"href":"https:\/\/store.handsomecake.com\/en\/wp-json\/wp\/v2\/media?parent=33046"}],"wp:term":[{"taxonomy":"product_brand","embeddable":true,"href":"https:\/\/store.handsomecake.com\/en\/wp-json\/wp\/v2\/product_brand?post=33046"},{"taxonomy":"product_cat","embeddable":true,"href":"https:\/\/store.handsomecake.com\/en\/wp-json\/wp\/v2\/product_cat?post=33046"},{"taxonomy":"product_tag","embeddable":true,"href":"https:\/\/store.handsomecake.com\/en\/wp-json\/wp\/v2\/product_tag?post=33046"}],"curies":[{"name":"wp","href":"https:\/\/api.w.org\/{rel}","templated":true}]}}