{"id":3289,"date":"2021-06-05T20:11:55","date_gmt":"2021-06-05T20:11:55","guid":{"rendered":"https:\/\/store.handsomecake.com\/product\/one-piece-three-navy-admirals-14-resin-statue-von-last-sleep-studio\/"},"modified":"2024-06-12T14:48:08","modified_gmt":"2024-06-12T14:48:08","slug":"one-piece-three-navy-admirals-14-resin-statue-von-last-sleep-studio","status":"publish","type":"product","link":"https:\/\/store.handsomecake.com\/en\/product\/one-piece-three-navy-admirals-14-resin-statue-von-last-sleep-studio\/","title":{"rendered":"One Piece &#8211; Three Navy Admirals | 1:4 Resin Statue | von Last Sleep Studio"},"content":{"rendered":"<p>One Piece &#8211; Three Navy Admirals &#8218; 1:4 Resin Statue &#8218; von Last Sleep Studio<br \/>\nEU Taxfree! I do ship EU-wide, please contact me, should questions arise.<\/p>\n<p>Tolle Statue vom Admiral-Trio<\/p>\n<p>Wunderbar verarbeitete und sehr detaillierte Statue von Borsalino, Sakazuki und Kuzan aus Polystone &#8211; k\u00fcnstlichem Stein-Harz-Gemisch.<\/p>\n<p>Besonderheiten:<\/p>\n<ul>\n<li>weltweit 288 St\u00fcck<\/li>\n<\/ul>\n<p>Release-Status:<\/p>\n<ul>\n<li>Released &amp; in China lagernd.<\/li>\n<\/ul>\n<p>Wie immer bei meinen Artikeln &#8211; s\u00e4mtliche Geb\u00fchren sind, im Gegensatz zu anderen Angeboten, bereits inkludiert. Versand erfolgt ausschlie\u00dflich aus Deutschland, es fallen keine Zoll- und Importgeb\u00fchren an. Ihr kauft keine Katze im Sack \ud83d\ude42<\/p>\n<p>Ma\u00dfe der Statue:<br \/>\nGr\u00f6\u00dfe: ca. 82cm x 56cm x 52cm<br \/>\nGewicht: ca. 36kg (gesch\u00e4tzt)<\/p>\n<p>You are not prepared! \ud83d\ude42<\/p>","protected":false},"excerpt":{"rendered":"<p>One Piece &#8211; Three Navy Admirals &#8218; 1:4 Resin Statue &#8218; von Last Sleep Studio EU Taxfree! I do ship EU-wide, please contact me, should questions arise. Tolle Statue vom Admiral-Trio Wunderbar verarbeitete und sehr detaillierte Statue von Borsalino, Sakazuki und Kuzan aus Polystone &#8211; k\u00fcnstlichem Stein-Harz-Gemisch. Besonderheiten: weltweit 288 St\u00fcck Release-Status: Released &amp; in [&hellip;]<\/p>\n","protected":false},"featured_media":3290,"comment_status":"closed","ping_status":"closed","template":"","meta":[],"product_brand":[],"product_cat":[89,84,567],"product_tag":[],"class_list":{"0":"post-3289","1":"product","2":"type-product","3":"status-publish","4":"has-post-thumbnail","6":"product_cat-one-piece","7":"product_cat-statuen-anime-comic-universum","8":"product_cat-in_stock_warehouse_china","9":"pa_brand-las-sleep-studio","10":"pa_scale-1_to_4","12":"first","13":"outofstock","14":"sale","15":"taxable","16":"shipping-taxable","17":"product-type-simple"},"_links":{"self":[{"href":"https:\/\/store.handsomecake.com\/en\/wp-json\/wp\/v2\/product\/3289","targetHints":{"allow":["GET"]}}],"collection":[{"href":"https:\/\/store.handsomecake.com\/en\/wp-json\/wp\/v2\/product"}],"about":[{"href":"https:\/\/store.handsomecake.com\/en\/wp-json\/wp\/v2\/types\/product"}],"replies":[{"embeddable":true,"href":"https:\/\/store.handsomecake.com\/en\/wp-json\/wp\/v2\/comments?post=3289"}],"wp:featuredmedia":[{"embeddable":true,"href":"https:\/\/store.handsomecake.com\/en\/wp-json\/wp\/v2\/media\/3290"}],"wp:attachment":[{"href":"https:\/\/store.handsomecake.com\/en\/wp-json\/wp\/v2\/media?parent=3289"}],"wp:term":[{"taxonomy":"product_brand","embeddable":true,"href":"https:\/\/store.handsomecake.com\/en\/wp-json\/wp\/v2\/product_brand?post=3289"},{"taxonomy":"product_cat","embeddable":true,"href":"https:\/\/store.handsomecake.com\/en\/wp-json\/wp\/v2\/product_cat?post=3289"},{"taxonomy":"product_tag","embeddable":true,"href":"https:\/\/store.handsomecake.com\/en\/wp-json\/wp\/v2\/product_tag?post=3289"}],"curies":[{"name":"wp","href":"https:\/\/api.w.org\/{rel}","templated":true}]}}