{"id":32867,"date":"2024-05-27T22:57:46","date_gmt":"2024-05-27T22:57:46","guid":{"rendered":"https:\/\/store.handsomecake.com\/product\/final-fantasy-lulu-shiva-14-resin-statue-von-solar-studio\/"},"modified":"2025-11-25T20:23:05","modified_gmt":"2025-11-25T20:23:05","slug":"final-fantasy-lulu-shiva-14-resin-statue-von-solar-studio","status":"publish","type":"product","link":"https:\/\/store.handsomecake.com\/en\/product\/final-fantasy-lulu-shiva-14-resin-statue-von-solar-studio\/","title":{"rendered":"Final Fantasy &#8211; Lulu &amp; Shiva | 1:4 Resin Statue | von Solar Studio"},"content":{"rendered":"<p><strong>Final Fantasy &#8211; Lulu &amp; Shiva | 1:4 Resin Statue | von Solar Studio<\/strong><\/p>\n<p>EU Taxfree! I do ship EU-wide, please contact me, should questions arise.<\/p>\n<p>Tolle Statue von einer Garde Yunas und Shiva.<br \/>\nWunderbar verarbeitete und sehr detaillierte Lulu &amp; Shiva Statue aus Polystone &#8211; k\u00fcnstlichem Stein-Harz-Gemisch.<\/p>\n<p><strong>Besonderheiten:<\/strong><\/p>\n<ul>\n<li>Lulu und Shiva Statuen auch separat verf\u00fcgbar<\/li>\n<li>Glasaugen<\/li>\n<\/ul>\n<p><strong>Release-Status:<\/strong><\/p>\n<ul>\n<li>PreOrder. Statue wird voraussichtlich Ende Q3 2025 released und wir erwarten sie bei uns sch\u00e4tzungsweise gegen Ende Oktober 2025.<\/li>\n<li>Diese Angabe ist ohne Gew\u00e4hr! Wir leiten nur die Sch\u00e4tzung vom Hersteller weiter.<\/li>\n<li>\u00a0Falls das Datum \u00fcberschritten wurde und hier immer noch eine Sch\u00e4tzung aus der Vergangenheit steht, dann bedeutet das NICHT, dass die Figur bereits im Lager in Deutschland ist. Sie ist NUR dann auf Lager in Deutschland, wenn der Text dies entsprechend sagt und\/oder die Kategorie weiter oben &#8222;Lagernd vor Ort&#8220; hei\u00dft.<\/li>\n<\/ul>\n<hr \/>\n<p>Wie immer bei unseren Artikeln &#8211; s\u00e4mtliche Geb\u00fchren sind, im Gegensatz zu anderen Anbietern auf dem Markt, bereits inkludiert.<br \/>\nVersand erfolgt ausschlie\u00dflich aus Deutschland, es fallen keine Zoll- und Importgeb\u00fchren an.<\/p>\n<p>Als einziger EU-weit legal zugelassener H\u00e4ndler von Resin-Statuen garantieren wir exklusive Qualit\u00e4t und Vertrauensw\u00fcrdigkeit, die ihr nirgendwo anders finden.<\/p>\n<p>Ihr kauft keine Katze im Sack \ud83d\ude42<\/p>\n<hr \/>\n<p>You are not prepared! \ud83d\ude42<\/p>\n<p>&nbsp;<\/p>","protected":false},"excerpt":{"rendered":"<p>Final Fantasy &#8211; Lulu &amp; Shiva | 1:4 Resin Statue | von Solar Studio EU Taxfree! I do ship EU-wide, please contact me, should questions arise. Tolle Statue von einer Garde Yunas und Shiva. Wunderbar verarbeitete und sehr detaillierte Lulu &amp; Shiva Statue aus Polystone &#8211; k\u00fcnstlichem Stein-Harz-Gemisch. Besonderheiten: Lulu und Shiva Statuen auch separat [&hellip;]<\/p>\n","protected":false},"featured_media":32873,"comment_status":"closed","ping_status":"closed","template":"","meta":[],"product_brand":[],"product_cat":[24,197,568,81],"product_tag":[612,666,794,662,640,658,147,251,3390,199,2272,822,823,200,795,3391,3393,154,136,137,3392,3394],"class_list":{"0":"post-32867","1":"product","2":"type-product","3":"status-publish","4":"has-post-thumbnail","6":"product_cat-action-figuren","7":"product_cat-final-fantasy","8":"product_cat-preorder","9":"product_cat-statuen-computerspieluniversum","10":"product_tag-anime","11":"product_tag-anime-figuren-shop","12":"product_tag-anime-statue","13":"product_tag-anime-statue-shop","14":"product_tag-anime-statuen","15":"product_tag-anime-toys","16":"product_tag-collectibles","17":"product_tag-collectibles-kaufen","18":"product_tag-ff-lulu","19":"product_tag-final-fantasy-collectibles","20":"product_tag-final-fantasy-lulu","21":"product_tag-final-fantasy-resin","22":"product_tag-final-fantasy-resin-statue","23":"product_tag-final-fantasy-statuen","24":"product_tag-handsomecake","25":"product_tag-lulu","26":"product_tag-lulu-statue","27":"product_tag-resin-collectibles","28":"product_tag-resin-statuen","29":"product_tag-resin-statuen-kaufen","30":"product_tag-shiva","31":"product_tag-shiva-statue","33":"first","34":"instock","35":"taxable","36":"shipping-taxable","37":"product-type-variable"},"_links":{"self":[{"href":"https:\/\/store.handsomecake.com\/en\/wp-json\/wp\/v2\/product\/32867","targetHints":{"allow":["GET"]}}],"collection":[{"href":"https:\/\/store.handsomecake.com\/en\/wp-json\/wp\/v2\/product"}],"about":[{"href":"https:\/\/store.handsomecake.com\/en\/wp-json\/wp\/v2\/types\/product"}],"replies":[{"embeddable":true,"href":"https:\/\/store.handsomecake.com\/en\/wp-json\/wp\/v2\/comments?post=32867"}],"wp:featuredmedia":[{"embeddable":true,"href":"https:\/\/store.handsomecake.com\/en\/wp-json\/wp\/v2\/media\/32873"}],"wp:attachment":[{"href":"https:\/\/store.handsomecake.com\/en\/wp-json\/wp\/v2\/media?parent=32867"}],"wp:term":[{"taxonomy":"product_brand","embeddable":true,"href":"https:\/\/store.handsomecake.com\/en\/wp-json\/wp\/v2\/product_brand?post=32867"},{"taxonomy":"product_cat","embeddable":true,"href":"https:\/\/store.handsomecake.com\/en\/wp-json\/wp\/v2\/product_cat?post=32867"},{"taxonomy":"product_tag","embeddable":true,"href":"https:\/\/store.handsomecake.com\/en\/wp-json\/wp\/v2\/product_tag?post=32867"}],"curies":[{"name":"wp","href":"https:\/\/api.w.org\/{rel}","templated":true}]}}