{"id":32857,"date":"2024-05-27T22:55:23","date_gmt":"2024-05-27T22:55:23","guid":{"rendered":"https:\/\/store.handsomecake.com\/product\/overwatch-mercy-14-resin-statue-von-xp-studio\/"},"modified":"2025-11-28T10:58:34","modified_gmt":"2025-11-28T10:58:34","slug":"overwatch-mercy-14-resin-statue-von-xp-studio","status":"publish","type":"product","link":"https:\/\/store.handsomecake.com\/en\/product\/overwatch-mercy-14-resin-statue-von-xp-studio\/","title":{"rendered":"Overwatch &#8211; Mercy | 1:4 Resin Statue | von XP Studio"},"content":{"rendered":"<p><strong>Overwatch &#8211; Mercy | 1:4 Resin Statue | von XP Studio<\/strong><\/p>\n<p>EU Taxfree! I do ship EU-wide, please contact me, should questions arise.<\/p>\n<p>Tolle Statue von dem Schutzengel Dr. Angela Ziegler.<br \/>\nWunderbar verarbeitete und sehr detaillierte Statue von Mercy aus Polystone &#8211; k\u00fcnstlichem Stein-Harz-Gemisch.<\/p>\n<p><strong>Besonderheiten:<\/strong><br \/>\nweltweit 99 St\u00fcck<\/p>\n<p><strong>Release-Status:<\/strong><\/p>\n<ul>\n<li>Preorder. Statue wird voraussichtlich am Ende Q2 2024 erscheinen und wir erwarten sie voraussichtlich Ende August 2024 im Warenlager.<\/li>\n<li>Diese Angabe ist ohne Gew\u00e4hr! Wir leiten nur die Sch\u00e4tzung vom Hersteller weiter.<\/li>\n<li>Falls das Datum \u00fcberschritten wurde und hier immer noch eine Sch\u00e4tzung aus der Vergangenheit steht, dann bedeutet das NICHT, dass die Figur bereits im Lager in Deutschland ist. Sie ist NUR dann auf Lager in Deutschland, wenn der Text dies entsprechend sagt und\/oder die Kategorie weiter oben &#8222;Lagernd vor Ort&#8220; hei\u00dft.<\/li>\n<\/ul>\n<hr \/>\n<p>Wie immer bei unseren Artikeln &#8211; s\u00e4mtliche Geb\u00fchren sind, im Gegensatz zu anderen Anbietern auf dem Markt, bereits inkludiert.<br \/>\nVersand erfolgt ausschlie\u00dflich aus Deutschland, es fallen keine Zoll- und Importgeb\u00fchren an.<\/p>\n<p>Als einziger EU-weit legal zugelassener H\u00e4ndler von Resin-Statuen garantieren wir exklusive Qualit\u00e4t und Vertrauensw\u00fcrdigkeit, die ihr nirgendwo anders finden.<\/p>\n<p>Ihr kauft keine Katze im Sack \ud83d\ude42<\/p>\n<hr \/>\n<p>You are not prepared! \ud83d\ude42<\/p>","protected":false},"excerpt":{"rendered":"<p>Overwatch &#8211; Mercy | 1:4 Resin Statue | von XP Studio EU Taxfree! I do ship EU-wide, please contact me, should questions arise. Tolle Statue von dem Schutzengel Dr. Angela Ziegler. Wunderbar verarbeitete und sehr detaillierte Statue von Mercy aus Polystone &#8211; k\u00fcnstlichem Stein-Harz-Gemisch. Besonderheiten: weltweit 99 St\u00fcck Release-Status: Preorder. Statue wird voraussichtlich am Ende [&hellip;]<\/p>\n","protected":false},"featured_media":32885,"comment_status":"closed","ping_status":"closed","template":"","meta":[],"product_brand":[],"product_cat":[24,524,568,81],"product_tag":[147,383,2029,2030,2031,541,544,546,2032,545,154,255,136,137,379,381,380,382,547],"class_list":{"0":"post-32857","1":"product","2":"type-product","3":"status-publish","4":"has-post-thumbnail","6":"product_cat-action-figuren","7":"product_cat-overwatch","8":"product_cat-preorder","9":"product_cat-statuen-computerspieluniversum","10":"product_tag-collectibles","11":"product_tag-collector","12":"product_tag-mercy","13":"product_tag-mercy-figure","14":"product_tag-mercy-statue","15":"product_tag-overwatch","16":"product_tag-overwatch-collectibles","17":"product_tag-overwatch-figures","18":"product_tag-overwatch-mercy","19":"product_tag-overwatch-resin","20":"product_tag-resin-collectibles","21":"product_tag-resin-collectibles-kaufen","22":"product_tag-resin-statuen","23":"product_tag-resin-statuen-kaufen","24":"product_tag-statue-collectible","25":"product_tag-statue-collectibles","26":"product_tag-statues-collectible","27":"product_tag-statues-collectibles","28":"product_tag-statues-collector","29":"pa_brand-xp-studio","30":"pa_scale-1_to_4","32":"first","33":"instock","34":"taxable","35":"shipping-taxable","36":"product-type-simple"},"_links":{"self":[{"href":"https:\/\/store.handsomecake.com\/en\/wp-json\/wp\/v2\/product\/32857","targetHints":{"allow":["GET"]}}],"collection":[{"href":"https:\/\/store.handsomecake.com\/en\/wp-json\/wp\/v2\/product"}],"about":[{"href":"https:\/\/store.handsomecake.com\/en\/wp-json\/wp\/v2\/types\/product"}],"replies":[{"embeddable":true,"href":"https:\/\/store.handsomecake.com\/en\/wp-json\/wp\/v2\/comments?post=32857"}],"wp:featuredmedia":[{"embeddable":true,"href":"https:\/\/store.handsomecake.com\/en\/wp-json\/wp\/v2\/media\/32885"}],"wp:attachment":[{"href":"https:\/\/store.handsomecake.com\/en\/wp-json\/wp\/v2\/media?parent=32857"}],"wp:term":[{"taxonomy":"product_brand","embeddable":true,"href":"https:\/\/store.handsomecake.com\/en\/wp-json\/wp\/v2\/product_brand?post=32857"},{"taxonomy":"product_cat","embeddable":true,"href":"https:\/\/store.handsomecake.com\/en\/wp-json\/wp\/v2\/product_cat?post=32857"},{"taxonomy":"product_tag","embeddable":true,"href":"https:\/\/store.handsomecake.com\/en\/wp-json\/wp\/v2\/product_tag?post=32857"}],"curies":[{"name":"wp","href":"https:\/\/api.w.org\/{rel}","templated":true}]}}