{"id":3275,"date":"2021-06-02T14:46:11","date_gmt":"2021-06-02T14:46:11","guid":{"rendered":"https:\/\/store.handsomecake.com\/product\/neo-genesis-evangelion-ayanami-rei-14-resin-statue-von-faceted-pebble\/"},"modified":"2024-06-12T14:48:02","modified_gmt":"2024-06-12T14:48:02","slug":"neo-genesis-evangelion-ayanami-rei-14-resin-statue-von-faceted-pebble","status":"publish","type":"product","link":"https:\/\/store.handsomecake.com\/en\/product\/neo-genesis-evangelion-ayanami-rei-14-resin-statue-von-faceted-pebble\/","title":{"rendered":"Neo Genesis Evangelion &#8211; Ayanami Rei | 1:4 Resin Statue | von Faceted Pebble"},"content":{"rendered":"<p>Neo Genesis Evangelion &#8211; Ayanami Rei | 1:4 Resin Statue | von Faceted Pebble<br \/>\nI do ship EU-wide, please contact me, should questions arise.<\/p>\n<p>Tolle Statue der tapferen Mechpilotin<br \/>\nWunderbar verarbeitete und sehr detaillierte Ayanami Rei Statue aus Polystone &#8211; k\u00fcnstlichem Stein-Harz-Gemisch.<\/p>\n<p><strong>Besonderheiten:<\/strong><\/p>\n<ul>\n<li>Hierbei handelt es sich ausschlie\u00dflich um die EX Version<\/li>\n<li>2 austauschbare Oberk\u00f6rpervarianten &#8211; mit &#8222;Gelcoat&#8220;-Oberk\u00f6rper + nackt<\/li>\n<li>Augen aus Glas<\/li>\n<\/ul>\n<p><strong>Release-Status:<\/strong><\/p>\n<ul>\n<li>Vorbestellung. Statue wird ca. Q1 2022 released, wir erwarten sie sch\u00e4tzungsweise Ende Mai 2022 im Lager.<\/li>\n<\/ul>\n<p>Wie immer bei meinen Aktionen &#8211; s\u00e4mtliche Geb\u00fchren sind, im Gegensatz zu anderen Angeboten, bereits inkludiert. Versand erfolgt ausschlie\u00dflich aus Deutschland, es fallen keine Zoll- und Importgeb\u00fchren an. Ihr kauft keine Katze im Sack \ud83d\ude42<\/p>\n<p>Ma\u00dfe der Statue:<br \/>\nGr\u00f6\u00dfe: ca. 58 cm x 42cm x 30cm<br \/>\nGewicht: ca. 14 kg<\/p>\n<p>You are not prepared! \ud83d\ude42<\/p>","protected":false},"excerpt":{"rendered":"<p>Neo Genesis Evangelion &#8211; Ayanami Rei | 1:4 Resin Statue | von Faceted Pebble I do ship EU-wide, please contact me, should questions arise. Tolle Statue der tapferen Mechpilotin Wunderbar verarbeitete und sehr detaillierte Ayanami Rei Statue aus Polystone &#8211; k\u00fcnstlichem Stein-Harz-Gemisch. Besonderheiten: Hierbei handelt es sich ausschlie\u00dflich um die EX Version 2 austauschbare Oberk\u00f6rpervarianten [&hellip;]<\/p>\n","protected":false},"featured_media":10923,"comment_status":"closed","ping_status":"closed","template":"","meta":[],"product_brand":[],"product_cat":[811,568,84],"product_tag":[],"class_list":{"0":"post-3275","1":"product","2":"type-product","3":"status-publish","4":"has-post-thumbnail","6":"product_cat-neon-genesis-evangelion","7":"product_cat-preorder","8":"product_cat-statuen-anime-comic-universum","9":"pa_brand-faceted-pebble","10":"pa_scale-1_to_4","12":"first","13":"instock","14":"taxable","15":"shipping-taxable","16":"product-type-variable"},"_links":{"self":[{"href":"https:\/\/store.handsomecake.com\/en\/wp-json\/wp\/v2\/product\/3275","targetHints":{"allow":["GET"]}}],"collection":[{"href":"https:\/\/store.handsomecake.com\/en\/wp-json\/wp\/v2\/product"}],"about":[{"href":"https:\/\/store.handsomecake.com\/en\/wp-json\/wp\/v2\/types\/product"}],"replies":[{"embeddable":true,"href":"https:\/\/store.handsomecake.com\/en\/wp-json\/wp\/v2\/comments?post=3275"}],"wp:featuredmedia":[{"embeddable":true,"href":"https:\/\/store.handsomecake.com\/en\/wp-json\/wp\/v2\/media\/10923"}],"wp:attachment":[{"href":"https:\/\/store.handsomecake.com\/en\/wp-json\/wp\/v2\/media?parent=3275"}],"wp:term":[{"taxonomy":"product_brand","embeddable":true,"href":"https:\/\/store.handsomecake.com\/en\/wp-json\/wp\/v2\/product_brand?post=3275"},{"taxonomy":"product_cat","embeddable":true,"href":"https:\/\/store.handsomecake.com\/en\/wp-json\/wp\/v2\/product_cat?post=3275"},{"taxonomy":"product_tag","embeddable":true,"href":"https:\/\/store.handsomecake.com\/en\/wp-json\/wp\/v2\/product_tag?post=3275"}],"curies":[{"name":"wp","href":"https:\/\/api.w.org\/{rel}","templated":true}]}}