{"id":32745,"date":"2024-05-23T17:23:20","date_gmt":"2024-05-23T17:23:20","guid":{"rendered":"https:\/\/store.handsomecake.com\/product\/super-mario-mario-14-resin-statue-von-kintsukuroi-creations-studio\/"},"modified":"2024-06-12T16:43:34","modified_gmt":"2024-06-12T16:43:34","slug":"super-mario-mario-14-resin-statue-von-kintsukuroi-creations-studio","status":"publish","type":"product","link":"https:\/\/store.handsomecake.com\/en\/product\/super-mario-mario-14-resin-statue-von-kintsukuroi-creations-studio\/","title":{"rendered":"Super Mario &#8211; Mario | 1:4 Resin Statue | von Kintsukuroi Creations Studio"},"content":{"rendered":"<p><strong>Super Mario &#8211; Mario | 1:4 Resin Statue | von Kintsukuroi Creations Studio<\/strong><\/p>\n<p>EU Taxfree! I do ship EU-wide, please contact me, should questions arise.<\/p>\n<p>Tolle Statue von dem Maskottchen von Nintendo.<br \/>\nWunderbar verarbeitete und sehr detaillierte Mario Statue aus Polystone &#8211; k\u00fcnstlichem Stein-Harz-Gemisch.<\/p>\n<p><strong>Besonderheiten:<\/strong><\/p>\n<ul>\n<li>LEDs mit Fernbedienung<\/li>\n<li>Nummerierte Metallm\u00fcnze mit St\u00e4nder<\/li>\n<li>Kunstbox<\/li>\n<li>A4-Illustration<\/li>\n<\/ul>\n<p><strong>Release-Status:<\/strong><\/p>\n<ul>\n<li>Preorder. Statue wird sch\u00e4tzungsweise Ende Q3 2024 fertiggestellt und wir erwarten sie bei uns im Lager gegen Ende Oktober 2024.<\/li>\n<li>Diese Angabe ist ohne Gew\u00e4hr! Wir leiten nur die Sch\u00e4tzung vom Hersteller weiter.<\/li>\n<li>Falls das Datum \u00fcberschritten wurde und hier immer noch eine Sch\u00e4tzung aus der Vergangenheit steht, dann bedeutet das NICHT, dass die Figur bereits im Lager in Deutschland ist. Sie ist NUR dann auf Lager in Deutschland, wenn der Text dies entsprechend sagt und\/oder die Kategorie weiter oben &#8222;Lagernd vor Ort&#8220; hei\u00dft.<\/li>\n<\/ul>\n<hr \/>\n<p>Wie immer bei unseren Artikeln &#8211; s\u00e4mtliche Geb\u00fchren sind, im Gegensatz zu anderen Anbietern auf dem Markt, bereits inkludiert.<br \/>\nVersand erfolgt ausschlie\u00dflich aus Deutschland, es fallen keine Zoll- und Importgeb\u00fchren an.<br \/>\nAls einziger EU-weit legal zugelassener H\u00e4ndler von Resin-Statuen garantieren wir exklusive Qualit\u00e4t und Vertrauensw\u00fcrdigkeit, die ihr nirgendwo anders finden.<\/p>\n<p>Ihr kauft keine Katze im Sack \ud83d\ude42<\/p>\n<hr \/>\n<p>You are not prepared! \ud83d\ude42<\/p>\n<p>&nbsp;<\/p>","protected":false},"excerpt":{"rendered":"<p>Super Mario &#8211; Mario | 1:4 Resin Statue | von Kintsukuroi Creations Studio EU Taxfree! I do ship EU-wide, please contact me, should questions arise. Tolle Statue von dem Maskottchen von Nintendo. Wunderbar verarbeitete und sehr detaillierte Mario Statue aus Polystone &#8211; k\u00fcnstlichem Stein-Harz-Gemisch. Besonderheiten: LEDs mit Fernbedienung Nummerierte Metallm\u00fcnze mit St\u00e4nder Kunstbox A4-Illustration Release-Status: [&hellip;]<\/p>\n","protected":false},"featured_media":32751,"comment_status":"closed","ping_status":"closed","template":"","meta":[],"product_brand":[],"product_cat":[24,568,84,81],"product_tag":[612,659,640,147,795,3108,3110,3115,3111,3116,154,136,137,3109,3107,3112,3113,3114],"class_list":{"0":"post-32745","1":"product","2":"type-product","3":"status-publish","4":"has-post-thumbnail","6":"product_cat-action-figuren","7":"product_cat-preorder","8":"product_cat-statuen-anime-comic-universum","9":"product_cat-statuen-computerspieluniversum","10":"product_tag-anime","11":"product_tag-anime-figuren","12":"product_tag-anime-statuen","13":"product_tag-collectibles","14":"product_tag-handsomecake","15":"product_tag-mario-collectibles-kaufen","16":"product_tag-mario-family","17":"product_tag-mario-resin","18":"product_tag-mario-statue","19":"product_tag-mario-statuen-kaufen","20":"product_tag-resin-collectibles","21":"product_tag-resin-statuen","22":"product_tag-resin-statuen-kaufen","23":"product_tag-super-mario","24":"product_tag-super-mario-collectibles","25":"product_tag-super-mario-collection","26":"product_tag-super-mario-collector","27":"product_tag-super-mario-statue","28":"pa_brand-kintsukuroi-creations-studio","29":"pa_scale-1_to_4","31":"first","32":"instock","33":"taxable","34":"shipping-taxable","35":"product-type-simple"},"_links":{"self":[{"href":"https:\/\/store.handsomecake.com\/en\/wp-json\/wp\/v2\/product\/32745","targetHints":{"allow":["GET"]}}],"collection":[{"href":"https:\/\/store.handsomecake.com\/en\/wp-json\/wp\/v2\/product"}],"about":[{"href":"https:\/\/store.handsomecake.com\/en\/wp-json\/wp\/v2\/types\/product"}],"replies":[{"embeddable":true,"href":"https:\/\/store.handsomecake.com\/en\/wp-json\/wp\/v2\/comments?post=32745"}],"wp:featuredmedia":[{"embeddable":true,"href":"https:\/\/store.handsomecake.com\/en\/wp-json\/wp\/v2\/media\/32751"}],"wp:attachment":[{"href":"https:\/\/store.handsomecake.com\/en\/wp-json\/wp\/v2\/media?parent=32745"}],"wp:term":[{"taxonomy":"product_brand","embeddable":true,"href":"https:\/\/store.handsomecake.com\/en\/wp-json\/wp\/v2\/product_brand?post=32745"},{"taxonomy":"product_cat","embeddable":true,"href":"https:\/\/store.handsomecake.com\/en\/wp-json\/wp\/v2\/product_cat?post=32745"},{"taxonomy":"product_tag","embeddable":true,"href":"https:\/\/store.handsomecake.com\/en\/wp-json\/wp\/v2\/product_tag?post=32745"}],"curies":[{"name":"wp","href":"https:\/\/api.w.org\/{rel}","templated":true}]}}