{"id":32712,"date":"2024-05-23T17:10:51","date_gmt":"2024-05-23T17:10:51","guid":{"rendered":"https:\/\/store.handsomecake.com\/product\/mortal-kombat-mileena-14-resin-statue-von-outworld-creations\/"},"modified":"2024-12-13T21:06:15","modified_gmt":"2024-12-13T21:06:15","slug":"mortal-kombat-mileena-14-resin-statue-von-outworld-creations","status":"publish","type":"product","link":"https:\/\/store.handsomecake.com\/en\/product\/mortal-kombat-mileena-14-resin-statue-von-outworld-creations\/","title":{"rendered":"Mortal Kombat &#8211; Mileena | 1:4 Resin Statue | von Outworld Creations"},"content":{"rendered":"<p><strong>Mortal Kombat &#8211; Mileena | 1:4 Resin Statue | von Outworld Creations<\/strong><\/p>\n<p>I do ship EU-wide, please contact me, should questions arise.<\/p>\n<p><span style=\"color: #ffffff;\"><em><span style=\"background-color: #2c3e50;\">\u00a0&#8220;\u00a0 Let us dance! &#8220;\u00a0 <\/span><\/em><\/span><\/p>\n<p>Tolle Statue eines Klons von Kitana.<br \/>\nWunderbar verarbeitete und sehr detaillierte Mileena Statue aus Polystone &#8211; k\u00fcnstlichem Stein-Harz-Gemisch.<\/p>\n<p><strong>Besonderheiten:<\/strong><\/p>\n<ul>\n<li>2 austauschbare Portr\u00e4ts<\/li>\n<li>Glasaugen<\/li>\n<li>Metallwaffen<\/li>\n<li>zwei Farben zur Auswahl : Original und OG Purple (siehe Bilder)<\/li>\n<\/ul>\n<p><strong>Release-Status:<\/strong><\/p>\n<ul>\n<li>Preorder. Statue wird sch\u00e4tzungsweise Ende Q3 2024 fertiggestellt und wir erwarten sie bei uns im Lager gegen Ende November 2024.<\/li>\n<li>Diese Angabe ist ohne Gew\u00e4hr! Wir leiten nur die Sch\u00e4tzung vom Hersteller weiter.<\/li>\n<li>Falls das Datum \u00fcberschritten wurde und hier immer noch eine Sch\u00e4tzung aus der Vergangenheit steht, dann bedeutet das NICHT, dass die Figur bereits im Lager in Deutschland ist. Sie ist NUR dann auf Lager in Deutschland, wenn der Text dies entsprechend sagt und\/oder die Kategorie weiter oben &#8222;Lagernd vor Ort&#8220; hei\u00dft.<\/li>\n<\/ul>\n<hr \/>\n<p>Wie immer bei unseren Artikeln &#8211; s\u00e4mtliche Geb\u00fchren sind, im Gegensatz zu anderen Anbietern auf dem Markt, bereits inkludiert.<\/p>\n<p>Versand erfolgt ausschlie\u00dflich aus Deutschland, es fallen keine Zoll- und Importgeb\u00fchren an.<\/p>\n<p>Als einziger EU-weit legal zugelassener H\u00e4ndler von Resin-Statuen garantieren wir exklusive Qualit\u00e4t und Vertrauensw\u00fcrdigkeit, die ihr nirgendwo anders finden.<\/p>\n<p>Ihr kauft keine Katze im Sack \ud83d\ude42<\/p>\n<hr \/>\n<p>You are not prepared! \ud83d\ude42<\/p>","protected":false},"excerpt":{"rendered":"<p>Mortal Kombat &#8211; Mileena | 1:4 Resin Statue | von Outworld Creations I do ship EU-wide, please contact me, should questions arise. \u00a0&#8220;\u00a0 Let us dance! &#8220;\u00a0 Tolle Statue eines Klons von Kitana. Wunderbar verarbeitete und sehr detaillierte Mileena Statue aus Polystone &#8211; k\u00fcnstlichem Stein-Harz-Gemisch. Besonderheiten: 2 austauschbare Portr\u00e4ts Glasaugen Metallwaffen zwei Farben zur Auswahl [&hellip;]<\/p>\n","protected":false},"featured_media":32805,"comment_status":"closed","ping_status":"closed","template":"","meta":[],"product_brand":[],"product_cat":[24,568,81],"product_tag":[666,708,795,3378,3379,3380,3381,3382,3370,3371,3372,3373,3377,3375,381,665,380,382,547],"class_list":{"0":"post-32712","1":"product","2":"type-product","3":"status-publish","4":"has-post-thumbnail","6":"product_cat-action-figuren","7":"product_cat-preorder","8":"product_cat-statuen-computerspieluniversum","9":"product_tag-anime-figuren-shop","10":"product_tag-anime-statuen-shop","11":"product_tag-handsomecake","12":"product_tag-mileena","13":"product_tag-mileena-collectible","14":"product_tag-mileena-figurine","15":"product_tag-mileena-mortal-kombat","16":"product_tag-mileena-statue","17":"product_tag-mortal-kombat","18":"product_tag-mortal-kombat-collectibles","19":"product_tag-mortal-kombat-figure","20":"product_tag-mortal-kombat-figuren","21":"product_tag-mortal-kombat-mileena","22":"product_tag-mortal-kombat-toys","23":"product_tag-statue-collectibles","24":"product_tag-statuen-shop","25":"product_tag-statues-collectible","26":"product_tag-statues-collectibles","27":"product_tag-statues-collector","28":"pa_brand-outworld-creations-studio","29":"pa_scale-1_to_4","31":"first","32":"instock","33":"taxable","34":"shipping-taxable","35":"product-type-variable"},"_links":{"self":[{"href":"https:\/\/store.handsomecake.com\/en\/wp-json\/wp\/v2\/product\/32712","targetHints":{"allow":["GET"]}}],"collection":[{"href":"https:\/\/store.handsomecake.com\/en\/wp-json\/wp\/v2\/product"}],"about":[{"href":"https:\/\/store.handsomecake.com\/en\/wp-json\/wp\/v2\/types\/product"}],"replies":[{"embeddable":true,"href":"https:\/\/store.handsomecake.com\/en\/wp-json\/wp\/v2\/comments?post=32712"}],"wp:featuredmedia":[{"embeddable":true,"href":"https:\/\/store.handsomecake.com\/en\/wp-json\/wp\/v2\/media\/32805"}],"wp:attachment":[{"href":"https:\/\/store.handsomecake.com\/en\/wp-json\/wp\/v2\/media?parent=32712"}],"wp:term":[{"taxonomy":"product_brand","embeddable":true,"href":"https:\/\/store.handsomecake.com\/en\/wp-json\/wp\/v2\/product_brand?post=32712"},{"taxonomy":"product_cat","embeddable":true,"href":"https:\/\/store.handsomecake.com\/en\/wp-json\/wp\/v2\/product_cat?post=32712"},{"taxonomy":"product_tag","embeddable":true,"href":"https:\/\/store.handsomecake.com\/en\/wp-json\/wp\/v2\/product_tag?post=32712"}],"curies":[{"name":"wp","href":"https:\/\/api.w.org\/{rel}","templated":true}]}}