{"id":32066,"date":"2024-04-29T22:29:46","date_gmt":"2024-04-29T22:29:46","guid":{"rendered":"https:\/\/store.handsomecake.com\/product\/street-fighter-han-juri-14-resin-statue-von-hao-bo-studio\/"},"modified":"2025-12-23T20:53:27","modified_gmt":"2025-12-23T20:53:27","slug":"street-fighter-han-juri-14-resin-statue-von-hao-bo-studio","status":"publish","type":"product","link":"https:\/\/store.handsomecake.com\/en\/product\/street-fighter-han-juri-14-resin-statue-von-hao-bo-studio\/","title":{"rendered":"Street Fighter &#8211; Han Juri | 1:4 Resin Statue | von Hao Bo Studio"},"content":{"rendered":"<p><strong>Street Fighter &#8211; Han Juri | 1:4 Resin Statue | von Hao Bo Studio<\/strong><\/p>\n<p>EU Taxfree! I do ship EU-wide, please contact me, should questions arise.<\/p>\n<p>Tolle Statue von Sadistic Thrill-seeker.<\/p>\n<p><span style=\"color: #ffffff;\"><em><span style=\"background-color: #2c3e50;\">\u00a0&#8220; Juri&#8230; That power&#8230; That eye&#8230; She&#8217;s no ordinary fighter. She is an untamed animal who seeks to destroy and consume all that enters her sight.[&#8230;] She has altered her own body in her insatiable quest for power. She respects no law. No morality. She does whatever it takes to achieve her goals and quench her limitless thirst.&#8220;\u00a0 <\/span><\/em><\/span><\/p>\n<p>Wunderbar verarbeitete und sehr detaillierte Juri Statue aus Polystone &#8211; k\u00fcnstlichem Stein-Harz-Gemisch.<\/p>\n<p><strong>Besonderheiten:<\/strong><\/p>\n<ul>\n<li>weltweit auf 288 St\u00fcck begrenzt<\/li>\n<li>austauschbare H\u00e4nde + austauschbare untere Teile (Hose\/nackte F\u00fc\u00dfe)<\/li>\n<li>Bonus: Acryldruck<\/li>\n<\/ul>\n<p><strong>Release-Status:<\/strong><\/p>\n<ul>\n<li>Preorder. Statue wird voraussichtlich am Ende Q1 2025 erscheinen und wir erwarten sie voraussichtlich Ende Mai 2025 im Warenlager.<\/li>\n<li>Diese Angabe ist ohne Gew\u00e4hr! Wir leiten nur die Sch\u00e4tzung vom Hersteller weiter.<\/li>\n<li>Falls das Datum \u00fcberschritten wurde und hier immer noch eine Sch\u00e4tzung aus der Vergangenheit steht, dann bedeutet das NICHT, dass die Figur bereits im Lager in Deutschland ist. Sie ist NUR dann auf Lager in Deutschland, wenn der Text dies entsprechend sagt und\/oder die Kategorie weiter oben &#8222;Lagernd vor Ort&#8220; hei\u00dft.<\/li>\n<\/ul>\n<hr \/>\n<p>Wie immer bei unseren Artikeln &#8211; s\u00e4mtliche Geb\u00fchren sind, im Gegensatz zu anderen Anbietern auf dem Markt, bereits inkludiert.<\/p>\n<p>Versand erfolgt ausschlie\u00dflich aus Deutschland, es fallen keine Zoll- und Importgeb\u00fchren an.<\/p>\n<p>Als einziger EU-weit legal zugelassener H\u00e4ndler von Resin-Statuen garantieren wir exklusive Qualit\u00e4t und Vertrauensw\u00fcrdigkeit, die ihr nirgendwo anders finden.<\/p>\n<p>Ihr kauft keine Katze im Sack \ud83d\ude42<\/p>\n<hr \/>\n<p>You are not prepared! \ud83d\ude42<\/p>\n<p>&nbsp;<\/p>\n","protected":false},"excerpt":{"rendered":"<p>Street Fighter &#8211; Han Juri | 1:4 Resin Statue | von Hao Bo Studio EU Taxfree! I do ship EU-wide, please contact me, should questions arise. Tolle Statue von Sadistic Thrill-seeker. \u00a0&#8220; Juri&#8230; That power&#8230; That eye&#8230; She&#8217;s no ordinary fighter. She is an untamed animal who seeks to destroy and consume all that enters [&hellip;]<\/p>\n","protected":false},"featured_media":32100,"comment_status":"closed","ping_status":"closed","template":"","meta":[],"product_brand":[],"product_cat":[24,568,81,430],"product_tag":[612,666,717,640,658,479,147,251,383,553,3327,3326,3328,3329,795,154,255,136,137,554,379,381,552,380,382,547,432,433,3330,434],"class_list":{"0":"post-32066","1":"product","2":"type-product","3":"status-publish","4":"has-post-thumbnail","6":"product_cat-action-figuren","7":"product_cat-preorder","8":"product_cat-statuen-computerspieluniversum","9":"product_cat-street-fighter","10":"product_tag-anime","11":"product_tag-anime-figuren-shop","12":"product_tag-anime-shop","13":"product_tag-anime-statuen","14":"product_tag-anime-toys","15":"product_tag-collectible","16":"product_tag-collectibles","17":"product_tag-collectibles-kaufen","18":"product_tag-collector","19":"product_tag-figure-collector","20":"product_tag-han-juri","21":"product_tag-han-juri-figurine","22":"product_tag-han-juri-toy","23":"product_tag-han-juri-toys","24":"product_tag-handsomecake","25":"product_tag-resin-collectibles","26":"product_tag-resin-collectibles-kaufen","27":"product_tag-resin-statuen","28":"product_tag-resin-statuen-kaufen","29":"product_tag-resin-statues","30":"product_tag-statue-collectible","31":"product_tag-statue-collectibles","32":"product_tag-statue-collector","33":"product_tag-statues-collectible","34":"product_tag-statues-collectibles","35":"product_tag-statues-collector","36":"product_tag-street-fighter","37":"product_tag-street-fighter-collectibles","38":"product_tag-street-fighter-han-juri","39":"product_tag-street-fighter-statuen","40":"pa_brand-hao-bo-studio","41":"pa_scale-1_to_4","43":"first","44":"instock","45":"taxable","46":"shipping-taxable","47":"product-type-simple"},"_links":{"self":[{"href":"https:\/\/store.handsomecake.com\/en\/wp-json\/wp\/v2\/product\/32066","targetHints":{"allow":["GET"]}}],"collection":[{"href":"https:\/\/store.handsomecake.com\/en\/wp-json\/wp\/v2\/product"}],"about":[{"href":"https:\/\/store.handsomecake.com\/en\/wp-json\/wp\/v2\/types\/product"}],"replies":[{"embeddable":true,"href":"https:\/\/store.handsomecake.com\/en\/wp-json\/wp\/v2\/comments?post=32066"}],"wp:featuredmedia":[{"embeddable":true,"href":"https:\/\/store.handsomecake.com\/en\/wp-json\/wp\/v2\/media\/32100"}],"wp:attachment":[{"href":"https:\/\/store.handsomecake.com\/en\/wp-json\/wp\/v2\/media?parent=32066"}],"wp:term":[{"taxonomy":"product_brand","embeddable":true,"href":"https:\/\/store.handsomecake.com\/en\/wp-json\/wp\/v2\/product_brand?post=32066"},{"taxonomy":"product_cat","embeddable":true,"href":"https:\/\/store.handsomecake.com\/en\/wp-json\/wp\/v2\/product_cat?post=32066"},{"taxonomy":"product_tag","embeddable":true,"href":"https:\/\/store.handsomecake.com\/en\/wp-json\/wp\/v2\/product_tag?post=32066"}],"curies":[{"name":"wp","href":"https:\/\/api.w.org\/{rel}","templated":true}]}}