{"id":3206,"date":"2021-05-26T13:00:01","date_gmt":"2021-05-26T13:00:01","guid":{"rendered":"https:\/\/store.handsomecake.com\/product\/dc-comics-joker-life-size-bust-11-resin-statue-von-infinity-studio\/"},"modified":"2024-06-12T14:47:46","modified_gmt":"2024-06-12T14:47:46","slug":"dc-comics-joker-life-size-bust-11-resin-statue-von-infinity-studio","status":"publish","type":"product","link":"https:\/\/store.handsomecake.com\/en\/product\/dc-comics-joker-life-size-bust-11-resin-statue-von-infinity-studio\/","title":{"rendered":"DC Comics &#8211; Joker Life Size Bust | 1:1 Resin Statue | von Infinity Studio"},"content":{"rendered":"<p>DC Comics &#8211; Joker Life Size Bust &#8218; 1:1 Resin Statue &#8218; von Infinity Studio<br \/>\nI do ship EU-wide, please contact me, should questions arise.<\/p>\n<p>Tolle B\u00fcste von Joker<br \/>\nWunderbar verarbeitete und sehr detaillierte Joker B\u00fcste aus Polystone &#8211; k\u00fcnstlichem Stein-Harz-Gemisch.<\/p>\n<p>Besonderheiten:<\/p>\n<ul>\n<li>weltweit 350 St\u00fcck<\/li>\n<\/ul>\n<p>Release-Status:<\/p>\n<ul>\n<li>Vorbestellung, Release erwartet Ende Q3 2022, Collectible bei uns im Lager sch\u00e4tzungsweise Ende Oktober 2022<\/li>\n<\/ul>\n<p>Wie immer bei meinen Artikeln &#8211; s\u00e4mtliche Geb\u00fchren sind, im Gegensatz zu anderen Angeboten, bereits inkludiert. Versand erfolgt ausschlie\u00dflich aus Deutschland, es fallen keine Zoll- und Importgeb\u00fchren an. Ihr kauft keine Katze im Sack \ud83d\ude42<\/p>\n<p>Ma\u00dfe der Statue:<br \/>\nGr\u00f6\u00dfe: ca. 82cm x 51cm x 48cm<br \/>\nGewicht: TBA, gesch\u00e4tzt 85kg<\/p>\n<p>You are not prepared! \ud83d\ude42<\/p>","protected":false},"excerpt":{"rendered":"<p>DC Comics &#8211; Joker Life Size Bust &#8218; 1:1 Resin Statue &#8218; von Infinity Studio I do ship EU-wide, please contact me, should questions arise. Tolle B\u00fcste von Joker Wunderbar verarbeitete und sehr detaillierte Joker B\u00fcste aus Polystone &#8211; k\u00fcnstlichem Stein-Harz-Gemisch. Besonderheiten: weltweit 350 St\u00fcck Release-Status: Vorbestellung, Release erwartet Ende Q3 2022, Collectible bei uns [&hellip;]<\/p>\n","protected":false},"featured_media":30731,"comment_status":"closed","ping_status":"closed","template":"","meta":[],"product_brand":[],"product_cat":[268,568,84],"product_tag":[612,640,147,251,383,551,282,284,557,281,283,553,795,802,803,804,805,806,807,808,514,469,470,154,136,137,554,379,381,552,547],"class_list":{"0":"post-3206","1":"product","2":"type-product","3":"status-publish","4":"has-post-thumbnail","6":"product_cat-dc","7":"product_cat-preorder","8":"product_cat-statuen-anime-comic-universum","9":"product_tag-anime","10":"product_tag-anime-statuen","11":"product_tag-collectibles","12":"product_tag-collectibles-kaufen","13":"product_tag-collector","14":"product_tag-dc","15":"product_tag-dc-collectibles","16":"product_tag-dc-collectibles-kaufen","17":"product_tag-dc-collector","18":"product_tag-dc-comics","19":"product_tag-dc-comics-collectibles","20":"product_tag-figure-collector","21":"product_tag-handsomecake","22":"product_tag-joker","23":"product_tag-joker-bust","24":"product_tag-joker-bueste","25":"product_tag-joker-collectible","26":"product_tag-joker-collectibles","27":"product_tag-joker-collector","28":"product_tag-joker-statue","29":"product_tag-lifesize","30":"product_tag-lifesize-collectibles","31":"product_tag-lifesize-statuen","32":"product_tag-resin-collectibles","33":"product_tag-resin-statuen","34":"product_tag-resin-statuen-kaufen","35":"product_tag-resin-statues","36":"product_tag-statue-collectible","37":"product_tag-statue-collectibles","38":"product_tag-statue-collector","39":"product_tag-statues-collector","40":"pa_brand-infinity-studio","41":"pa_scale-1_to_1","43":"first","44":"outofstock","45":"sale","46":"taxable","47":"shipping-taxable","48":"product-type-simple"},"_links":{"self":[{"href":"https:\/\/store.handsomecake.com\/en\/wp-json\/wp\/v2\/product\/3206","targetHints":{"allow":["GET"]}}],"collection":[{"href":"https:\/\/store.handsomecake.com\/en\/wp-json\/wp\/v2\/product"}],"about":[{"href":"https:\/\/store.handsomecake.com\/en\/wp-json\/wp\/v2\/types\/product"}],"replies":[{"embeddable":true,"href":"https:\/\/store.handsomecake.com\/en\/wp-json\/wp\/v2\/comments?post=3206"}],"wp:featuredmedia":[{"embeddable":true,"href":"https:\/\/store.handsomecake.com\/en\/wp-json\/wp\/v2\/media\/30731"}],"wp:attachment":[{"href":"https:\/\/store.handsomecake.com\/en\/wp-json\/wp\/v2\/media?parent=3206"}],"wp:term":[{"taxonomy":"product_brand","embeddable":true,"href":"https:\/\/store.handsomecake.com\/en\/wp-json\/wp\/v2\/product_brand?post=3206"},{"taxonomy":"product_cat","embeddable":true,"href":"https:\/\/store.handsomecake.com\/en\/wp-json\/wp\/v2\/product_cat?post=3206"},{"taxonomy":"product_tag","embeddable":true,"href":"https:\/\/store.handsomecake.com\/en\/wp-json\/wp\/v2\/product_tag?post=3206"}],"curies":[{"name":"wp","href":"https:\/\/api.w.org\/{rel}","templated":true}]}}