{"id":32042,"date":"2024-04-29T22:22:32","date_gmt":"2024-04-29T22:22:32","guid":{"rendered":"https:\/\/store.handsomecake.com\/product\/sword-art-online-yuuki-asuna-14-resin-statue-von-hero-belief-studio\/"},"modified":"2024-06-12T16:42:01","modified_gmt":"2024-06-12T16:42:01","slug":"sword-art-online-yuuki-asuna-14-resin-statue-von-hero-belief-studio","status":"publish","type":"product","link":"https:\/\/store.handsomecake.com\/en\/product\/sword-art-online-yuuki-asuna-14-resin-statue-von-hero-belief-studio\/","title":{"rendered":"Sword Art Online &#8211; Yuuki Asuna | 1:4 Resin Statue | von Hero Belief Studio"},"content":{"rendered":"<p><strong>Sword Art Online &#8211; Yuuki Asuna | 1:4 Resin Statue | von Hero Belief Studio<\/strong><\/p>\n<p>EU Taxfree! I do ship EU-wide, please contact me, should questions arise.<\/p>\n<p>Tolle Berserk Healer Statue<br \/>\nWunderbar verarbeitete und sehr detaillierte &#8222;The Flash&#8220; aus Polystone &#8211; k\u00fcnstlichem Stein-Harz-Gemisch.<\/p>\n<p><strong>Besonderheiten:<\/strong><\/p>\n<ul>\n<li>weltweit 158 St\u00fcck<\/li>\n<li>Exclusive Version: mit austauschbaren K\u00f6pfen (Anime\/Realism((mit Glasaugen)))<\/li>\n<li>auch Regular Version mit nur Anime Kopf\u00a0 verf\u00fcgbar<\/li>\n<\/ul>\n<p><strong>Release-Status:<\/strong><\/p>\n<ul>\n<li>Preorder. Statue wird voraussichtlich am Ende Q1 2025 erscheinen und wir erwarten sie voraussichtlich Ende Mai 2025 im Warenlager.<\/li>\n<li>Diese Angabe ist ohne Gew\u00e4hr! Wir leiten nur die Sch\u00e4tzung vom Hersteller weiter.<\/li>\n<li>Falls das Datum \u00fcberschritten wurde und hier immer noch eine Sch\u00e4tzung aus der Vergangenheit steht, dann bedeutet das NICHT, dass die Figur bereits im Lager in Deutschland ist. Sie ist NUR dann auf Lager in Deutschland, wenn der Text dies entsprechend sagt und\/oder die Kategorie weiter oben &#8222;Lagernd vor Ort&#8220; hei\u00dft.<\/li>\n<\/ul>\n<hr \/>\n<p>Wie immer bei unseren Artikeln &#8211; s\u00e4mtliche Geb\u00fchren sind, im Gegensatz zu anderen Anbietern auf dem Markt, bereits inkludiert.<\/p>\n<p>Versand erfolgt ausschlie\u00dflich aus Deutschland, es fallen keine Zoll- und Importgeb\u00fchren an.<\/p>\n<p>Als einziger EU-weit legal zugelassener H\u00e4ndler von Resin-Statuen garantieren wir exklusive Qualit\u00e4t und Vertrauensw\u00fcrdigkeit, die ihr nirgendwo anders finden.<\/p>\n<p>Ihr kauft keine Katze im Sack \ud83d\ude42<\/p>\n<hr \/>\n<p>You are not prepared! \ud83d\ude42<\/p>\n<p>&nbsp;<\/p>","protected":false},"excerpt":{"rendered":"<p>Sword Art Online &#8211; Yuuki Asuna | 1:4 Resin Statue | von Hero Belief Studio EU Taxfree! I do ship EU-wide, please contact me, should questions arise. Tolle Berserk Healer Statue Wunderbar verarbeitete und sehr detaillierte &#8222;The Flash&#8220; aus Polystone &#8211; k\u00fcnstlichem Stein-Harz-Gemisch. Besonderheiten: weltweit 158 St\u00fcck Exclusive Version: mit austauschbaren K\u00f6pfen (Anime\/Realism((mit Glasaugen))) auch [&hellip;]<\/p>\n","protected":false},"featured_media":32076,"comment_status":"closed","ping_status":"closed","template":"","meta":[],"product_brand":[],"product_cat":[24,568,84],"product_tag":[612,666,794,662,640,658,2387,147,251,795,154,136,137,379,381,382,2381,2380,2383,2384,2385,2386,2382,718,2379,2388],"class_list":{"0":"post-32042","1":"product","2":"type-product","3":"status-publish","4":"has-post-thumbnail","6":"product_cat-action-figuren","7":"product_cat-preorder","8":"product_cat-statuen-anime-comic-universum","9":"product_tag-anime","10":"product_tag-anime-figuren-shop","11":"product_tag-anime-statue","12":"product_tag-anime-statue-shop","13":"product_tag-anime-statuen","14":"product_tag-anime-toys","15":"product_tag-asuna","16":"product_tag-collectibles","17":"product_tag-collectibles-kaufen","18":"product_tag-handsomecake","19":"product_tag-resin-collectibles","20":"product_tag-resin-statuen","21":"product_tag-resin-statuen-kaufen","22":"product_tag-statue-collectible","23":"product_tag-statue-collectibles","24":"product_tag-statues-collectibles","25":"product_tag-sword-art-online","26":"product_tag-sword-art-online-asuna","27":"product_tag-sword-art-online-collectibles","28":"product_tag-sword-art-online-resin","29":"product_tag-sword-art-online-resin-statue","30":"product_tag-sword-art-online-statuen","31":"product_tag-sword-art-online-yuuki","32":"product_tag-toys","33":"product_tag-yuuki-asuna","34":"product_tag-yuuki-asuna-statue","35":"pa_brand-hero-belief-studio","36":"pa_scale-1_to_4","38":"first","39":"instock","40":"taxable","41":"shipping-taxable","42":"product-type-variable"},"_links":{"self":[{"href":"https:\/\/store.handsomecake.com\/en\/wp-json\/wp\/v2\/product\/32042","targetHints":{"allow":["GET"]}}],"collection":[{"href":"https:\/\/store.handsomecake.com\/en\/wp-json\/wp\/v2\/product"}],"about":[{"href":"https:\/\/store.handsomecake.com\/en\/wp-json\/wp\/v2\/types\/product"}],"replies":[{"embeddable":true,"href":"https:\/\/store.handsomecake.com\/en\/wp-json\/wp\/v2\/comments?post=32042"}],"wp:featuredmedia":[{"embeddable":true,"href":"https:\/\/store.handsomecake.com\/en\/wp-json\/wp\/v2\/media\/32076"}],"wp:attachment":[{"href":"https:\/\/store.handsomecake.com\/en\/wp-json\/wp\/v2\/media?parent=32042"}],"wp:term":[{"taxonomy":"product_brand","embeddable":true,"href":"https:\/\/store.handsomecake.com\/en\/wp-json\/wp\/v2\/product_brand?post=32042"},{"taxonomy":"product_cat","embeddable":true,"href":"https:\/\/store.handsomecake.com\/en\/wp-json\/wp\/v2\/product_cat?post=32042"},{"taxonomy":"product_tag","embeddable":true,"href":"https:\/\/store.handsomecake.com\/en\/wp-json\/wp\/v2\/product_tag?post=32042"}],"curies":[{"name":"wp","href":"https:\/\/api.w.org\/{rel}","templated":true}]}}