{"id":32026,"date":"2024-04-29T22:21:23","date_gmt":"2024-04-29T22:21:23","guid":{"rendered":"https:\/\/store.handsomecake.com\/product\/jujutsu-kaisen-geto-suguru-12-resin-statue-von-temple-ditaishe-studios\/"},"modified":"2024-06-12T16:41:49","modified_gmt":"2024-06-12T16:41:49","slug":"jujutsu-kaisen-geto-suguru-12-resin-statue-von-temple-ditaishe-studios","status":"publish","type":"product","link":"https:\/\/store.handsomecake.com\/en\/product\/jujutsu-kaisen-geto-suguru-12-resin-statue-von-temple-ditaishe-studios\/","title":{"rendered":"Jujutsu Kaisen &#8211; Geto Suguru | 1:2 Resin Statue | von Temple &amp; DiTaiShe Studios"},"content":{"rendered":"<p><strong>Jujutsu Kaisen &#8211; Geto Suguru | 1:2 Resin Statue | von Temple &amp; DiTaiShe Studios<\/strong><\/p>\n<p>I do ship EU-wide, please contact me, should questions arise.<\/p>\n<p>Tolle Statue des talentierten Jujutsu-Zauberers.<br \/>\nWunderbar verarbeitete und sehr detaillierte\u00a0 Geto Suguru Statue aus Polystone &#8211; k\u00fcnstlichem Stein-Harz-Gemisch.<\/p>\n<p><strong>Besonderheiten:<\/strong><\/p>\n<ul>\n<li>Exclusive Version mit 2 austauschbaren K\u00f6pfen<\/li>\n<li>Gr\u00f6\u00dfe 1:2<\/li>\n<li>auch Gr\u00f6\u00dfen 1:4 und 1:6 verf\u00fcgbar<\/li>\n<\/ul>\n<p><strong>Release-Status:<\/strong><\/p>\n<ul>\n<li>Preorder. Statue wird voraussichtlich am Ende Q4 2024 erscheinen und wir erwarten sie voraussichtlich Ende Februar 2025 im Warenlager.<\/li>\n<li>Diese Angabe ist ohne Gew\u00e4hr! Wir leiten nur die Sch\u00e4tzung vom Hersteller weiter.<\/li>\n<li>Falls das Datum \u00fcberschritten wurde und hier immer noch eine Sch\u00e4tzung aus der Vergangenheit steht, dann bedeutet das NICHT, dass die Figur bereits im Lager in Deutschland ist. Sie ist NUR dann auf Lager in Deutschland, wenn der Text dies entsprechend sagt und\/oder die Kategorie weiter oben &#8222;Lagernd vor Ort&#8220; hei\u00dft.<\/li>\n<\/ul>\n<hr \/>\n<p>Wie immer bei unseren Artikeln &#8211; s\u00e4mtliche Geb\u00fchren sind, im Gegensatz zu anderen Anbietern auf dem Markt, bereits inkludiert.<\/p>\n<p>Versand erfolgt ausschlie\u00dflich aus Deutschland, es fallen keine Zoll- und Importgeb\u00fchren an.<\/p>\n<p>Als einziger EU-weit legal zugelassener H\u00e4ndler von Resin-Statuen garantieren wir exklusive Qualit\u00e4t und Vertrauensw\u00fcrdigkeit, die ihr nirgendwo anders finden.<\/p>\n<p>Ihr kauft keine Katze im Sack \ud83d\ude42<\/p>\n<hr \/>\n<p>You are not prepared! \ud83d\ude42<\/p>\n<p>&nbsp;<\/p>","protected":false},"excerpt":{"rendered":"<p>Jujutsu Kaisen &#8211; Geto Suguru | 1:2 Resin Statue | von Temple &amp; DiTaiShe Studios I do ship EU-wide, please contact me, should questions arise. Tolle Statue des talentierten Jujutsu-Zauberers. Wunderbar verarbeitete und sehr detaillierte\u00a0 Geto Suguru Statue aus Polystone &#8211; k\u00fcnstlichem Stein-Harz-Gemisch. Besonderheiten: Exclusive Version mit 2 austauschbaren K\u00f6pfen Gr\u00f6\u00dfe 1:2 auch Gr\u00f6\u00dfen 1:4 [&hellip;]<\/p>\n","protected":false},"featured_media":32075,"comment_status":"closed","ping_status":"closed","template":"","meta":[],"product_brand":[],"product_cat":[24,1237,568,84],"product_tag":[612,659,666,658,147,251,383,553,3035,3039,3037,3041,3042,3038,795,1369,3040,1372,1374,154,136,554,2927,379,381,552,547,3036],"class_list":{"0":"post-32026","1":"product","2":"type-product","3":"status-publish","4":"has-post-thumbnail","6":"product_cat-action-figuren","7":"product_cat-jujutsu-kaisen","8":"product_cat-preorder","9":"product_cat-statuen-anime-comic-universum","10":"product_tag-anime","11":"product_tag-anime-figuren","12":"product_tag-anime-figuren-shop","13":"product_tag-anime-toys","14":"product_tag-collectibles","15":"product_tag-collectibles-kaufen","16":"product_tag-collector","17":"product_tag-figure-collector","18":"product_tag-geto","19":"product_tag-geto-suguru","20":"product_tag-geto-suguru-collectibles","21":"product_tag-geto-suguru-resin","22":"product_tag-geto-suguru-statue","23":"product_tag-geto-suguru-toys","24":"product_tag-handsomecake","25":"product_tag-jujutsu-kaisen","26":"product_tag-jujutsu-kaisen-geto-suguru","27":"product_tag-jujutsu-kaisen-statue","28":"product_tag-jujutsu-kaisen-toys","29":"product_tag-resin-collectibles","30":"product_tag-resin-statuen","31":"product_tag-resin-statues","32":"product_tag-satoru-gojo","33":"product_tag-statue-collectible","34":"product_tag-statue-collectibles","35":"product_tag-statue-collector","36":"product_tag-statues-collector","37":"product_tag-suguru","38":"pa_brand-ditaishe-studio","39":"pa_brand-temple-studio","41":"first","42":"instock","43":"taxable","44":"shipping-taxable","45":"product-type-variable"},"_links":{"self":[{"href":"https:\/\/store.handsomecake.com\/en\/wp-json\/wp\/v2\/product\/32026","targetHints":{"allow":["GET"]}}],"collection":[{"href":"https:\/\/store.handsomecake.com\/en\/wp-json\/wp\/v2\/product"}],"about":[{"href":"https:\/\/store.handsomecake.com\/en\/wp-json\/wp\/v2\/types\/product"}],"replies":[{"embeddable":true,"href":"https:\/\/store.handsomecake.com\/en\/wp-json\/wp\/v2\/comments?post=32026"}],"wp:featuredmedia":[{"embeddable":true,"href":"https:\/\/store.handsomecake.com\/en\/wp-json\/wp\/v2\/media\/32075"}],"wp:attachment":[{"href":"https:\/\/store.handsomecake.com\/en\/wp-json\/wp\/v2\/media?parent=32026"}],"wp:term":[{"taxonomy":"product_brand","embeddable":true,"href":"https:\/\/store.handsomecake.com\/en\/wp-json\/wp\/v2\/product_brand?post=32026"},{"taxonomy":"product_cat","embeddable":true,"href":"https:\/\/store.handsomecake.com\/en\/wp-json\/wp\/v2\/product_cat?post=32026"},{"taxonomy":"product_tag","embeddable":true,"href":"https:\/\/store.handsomecake.com\/en\/wp-json\/wp\/v2\/product_tag?post=32026"}],"curies":[{"name":"wp","href":"https:\/\/api.w.org\/{rel}","templated":true}]}}