{"id":31912,"date":"2024-04-24T22:42:20","date_gmt":"2024-04-24T22:42:20","guid":{"rendered":"https:\/\/store.handsomecake.com\/product\/diablo-tyrael-112-resin-statue-von-aries-studio\/"},"modified":"2024-06-12T16:40:28","modified_gmt":"2024-06-12T16:40:28","slug":"diablo-tyrael-112-resin-statue-von-aries-studio","status":"publish","type":"product","link":"https:\/\/store.handsomecake.com\/en\/product\/diablo-tyrael-112-resin-statue-von-aries-studio\/","title":{"rendered":"Diablo &#8211; Tyrael | 1:12 Resin Statue | von Aries Studio"},"content":{"rendered":"<p><strong>Diablo &#8211; Tyrael | 1:12 Resin Statue | von Aries Studio<\/strong><\/p>\n<p>EU Taxfree! I do ship EU-wide, please contact me, should questions arise.<\/p>\n<p>Tolle Statue von Tyrael, dem Erzengel der Gerechtigkeit<br \/>\nWunderbar verarbeitete und sehr detaillierte Tyrael Statue aus Polystone &#8211; k\u00fcnstlichem Stein-Harz-Gemisch.<\/p>\n<p><strong>Besonderheiten<\/strong>:<\/p>\n<ul>\n<li>weltweit auf 150 St\u00fcck begrenzt<\/li>\n<\/ul>\n<p><strong>Release-Status:<\/strong><\/p>\n<ul>\n<li>Released. Ab Bestellzeitpunkt in ca. 3-4 Monaten bei euch.<\/li>\n<\/ul>\n<hr \/>\n<p>Wie immer bei unseren Artikeln &#8211; s\u00e4mtliche Geb\u00fchren sind, im Gegensatz zu anderen Anbietern auf dem Markt, bereits inkludiert.<\/p>\n<p>Versand erfolgt ausschlie\u00dflich aus Deutschland, es fallen keine Zoll- und Importgeb\u00fchren an.<\/p>\n<p>Als einziger EU-weit legal zugelassener H\u00e4ndler von Resin-Statuen garantieren wir exklusive Qualit\u00e4t und Vertrauensw\u00fcrdigkeit, die ihr nirgendwo anders finden.<\/p>\n<p>Ihr kauft keine Katze im Sack \ud83d\ude42<\/p>\n<hr \/>\n<p>You are not prepared! \ud83d\ude42<\/p>","protected":false},"excerpt":{"rendered":"<p>Diablo &#8211; Tyrael | 1:12 Resin Statue | von Aries Studio EU Taxfree! I do ship EU-wide, please contact me, should questions arise. Tolle Statue von Tyrael, dem Erzengel der Gerechtigkeit Wunderbar verarbeitete und sehr detaillierte Tyrael Statue aus Polystone &#8211; k\u00fcnstlichem Stein-Harz-Gemisch. Besonderheiten: weltweit auf 150 St\u00fcck begrenzt Release-Status: Released. Ab Bestellzeitpunkt in ca. [&hellip;]<\/p>\n","protected":false},"featured_media":31913,"comment_status":"closed","ping_status":"closed","template":"","meta":[],"product_brand":[],"product_cat":[24,315,81,567],"product_tag":[147,251,317,318,320,319,321,3308,3309,154,136,137,3311,3310,3312,3307],"class_list":{"0":"post-31912","1":"product","2":"type-product","3":"status-publish","4":"has-post-thumbnail","6":"product_cat-action-figuren","7":"product_cat-diablo","8":"product_cat-statuen-computerspieluniversum","9":"product_cat-in_stock_warehouse_china","10":"product_tag-collectibles","11":"product_tag-collectibles-kaufen","12":"product_tag-diablo","13":"product_tag-diablo-collectibles","14":"product_tag-diablo-collectibles-kaufen","15":"product_tag-diablo-statuen","16":"product_tag-diablo-statuen-kaufen","17":"product_tag-diablo-tyrael","18":"product_tag-diablo-tyrael-statue","19":"product_tag-resin-collectibles","20":"product_tag-resin-statuen","21":"product_tag-resin-statuen-kaufen","22":"product_tag-tyrael","23":"product_tag-tyrael-collectible","24":"product_tag-tyrael-diablo","25":"product_tag-tyrael-statue","26":"pa_brand-aries-studio","27":"pa_scale-1_to_12","29":"first","30":"instock","31":"taxable","32":"shipping-taxable","33":"product-type-simple"},"_links":{"self":[{"href":"https:\/\/store.handsomecake.com\/en\/wp-json\/wp\/v2\/product\/31912","targetHints":{"allow":["GET"]}}],"collection":[{"href":"https:\/\/store.handsomecake.com\/en\/wp-json\/wp\/v2\/product"}],"about":[{"href":"https:\/\/store.handsomecake.com\/en\/wp-json\/wp\/v2\/types\/product"}],"replies":[{"embeddable":true,"href":"https:\/\/store.handsomecake.com\/en\/wp-json\/wp\/v2\/comments?post=31912"}],"wp:featuredmedia":[{"embeddable":true,"href":"https:\/\/store.handsomecake.com\/en\/wp-json\/wp\/v2\/media\/31913"}],"wp:attachment":[{"href":"https:\/\/store.handsomecake.com\/en\/wp-json\/wp\/v2\/media?parent=31912"}],"wp:term":[{"taxonomy":"product_brand","embeddable":true,"href":"https:\/\/store.handsomecake.com\/en\/wp-json\/wp\/v2\/product_brand?post=31912"},{"taxonomy":"product_cat","embeddable":true,"href":"https:\/\/store.handsomecake.com\/en\/wp-json\/wp\/v2\/product_cat?post=31912"},{"taxonomy":"product_tag","embeddable":true,"href":"https:\/\/store.handsomecake.com\/en\/wp-json\/wp\/v2\/product_tag?post=31912"}],"curies":[{"name":"wp","href":"https:\/\/api.w.org\/{rel}","templated":true}]}}