{"id":31896,"date":"2024-04-24T22:35:41","date_gmt":"2024-04-24T22:35:41","guid":{"rendered":"https:\/\/store.handsomecake.com\/product\/frieren-beyond-journeys-end-frieren-16-resin-statue-von-light-team-studio\/"},"modified":"2024-06-12T16:40:25","modified_gmt":"2024-06-12T16:40:25","slug":"frieren-beyond-journeys-end-frieren-16-resin-statue-von-light-team-studio","status":"publish","type":"product","link":"https:\/\/store.handsomecake.com\/en\/product\/frieren-beyond-journeys-end-frieren-16-resin-statue-von-light-team-studio\/","title":{"rendered":"Frieren: Beyond Journey&#8217;s End &#8211; Frieren | 1:6 Resin Statue | von Light Team Studio"},"content":{"rendered":"<p><strong>Frieren: Beyond Journey&#8217;s End &#8211; Frieren | 1:6 Resin Statue | von Light Team Studio<\/strong><\/p>\n<p>I do ship EU-wide, please contact me, should questions arise.<\/p>\n<p>Tolle Statue des Magiers der Heldenpartei.<br \/>\nWunderbar verarbeitete und sehr detaillierte Frieren Statue aus Polystone &#8211; k\u00fcnstlichem Stein-Harz-Gemisch.<\/p>\n<p><strong>Besonderheiten:<\/strong><\/p>\n<ul>\n<li>nur 99 St\u00fcck weltweit<\/li>\n<\/ul>\n<p><strong>Release-Status:<\/strong><\/p>\n<ul>\n<li>Preorder. Statue wird voraussichtlich Ende Q1 2025 erscheinen. Wir erwarten sie sch\u00e4tzungsweise Ende Mai 2025 bei uns im Warenlager.<\/li>\n<li>Diese Angabe ist ohne Gew\u00e4hr! Wir leiten nur die Sch\u00e4tzung vom Hersteller weiter.<\/li>\n<li>Falls das Datum \u00fcberschritten wurde und hier immer noch eine Sch\u00e4tzung aus der Vergangenheit steht, dann bedeutet das NICHT, dass die Figur bereits im Lager in Deutschland ist. Sie ist NUR dann auf Lager in Deutschland, wenn der Text dies entsprechend sagt und\/oder die Kategorie weiter oben &#8222;Lagernd vor Ort&#8220; hei\u00dft.<\/li>\n<\/ul>\n<hr \/>\n<p>Wie immer bei unseren Artikeln &#8211; s\u00e4mtliche Geb\u00fchren sind, im Gegensatz zu anderen Anbietern auf dem Markt, bereits inkludiert.<\/p>\n<p>Versand erfolgt ausschlie\u00dflich aus Deutschland, es fallen keine Zoll- und Importgeb\u00fchren an.<\/p>\n<p>Als einziger EU-weit legal zugelassener H\u00e4ndler von Resin-Statuen garantieren wir exklusive Qualit\u00e4t und Vertrauensw\u00fcrdigkeit, die ihr nirgendwo anders finden.<\/p>\n<p>Ihr kauft keine Katze im Sack \ud83d\ude42<\/p>\n<hr \/>\n<p>You are not prepared! \ud83d\ude42<\/p>","protected":false},"excerpt":{"rendered":"<p>Frieren: Beyond Journey&#8217;s End &#8211; Frieren | 1:6 Resin Statue | von Light Team Studio I do ship EU-wide, please contact me, should questions arise. Tolle Statue des Magiers der Heldenpartei. Wunderbar verarbeitete und sehr detaillierte Frieren Statue aus Polystone &#8211; k\u00fcnstlichem Stein-Harz-Gemisch. Besonderheiten: nur 99 St\u00fcck weltweit Release-Status: Preorder. Statue wird voraussichtlich Ende Q1 [&hellip;]<\/p>\n","protected":false},"featured_media":31924,"comment_status":"closed","ping_status":"closed","template":"","meta":[],"product_brand":[],"product_cat":[24,568,84],"product_tag":[612,3316,666,717,794,662,640,658,479,147,251,3320,3322,3321,3317,3318,3319,795,154,255,136,137,379,381,552,380],"class_list":{"0":"post-31896","1":"product","2":"type-product","3":"status-publish","4":"has-post-thumbnail","6":"product_cat-action-figuren","7":"product_cat-preorder","8":"product_cat-statuen-anime-comic-universum","9":"product_tag-anime","10":"product_tag-anime-figuren-frieren","11":"product_tag-anime-figuren-shop","12":"product_tag-anime-shop","13":"product_tag-anime-statue","14":"product_tag-anime-statue-shop","15":"product_tag-anime-statuen","16":"product_tag-anime-toys","17":"product_tag-collectible","18":"product_tag-collectibles","19":"product_tag-collectibles-kaufen","20":"product_tag-frieren","21":"product_tag-frieren-beyond-journeys-end","22":"product_tag-frieren-collectible","23":"product_tag-frieren-collectibles","24":"product_tag-frieren-resin","25":"product_tag-frieren-statue","26":"product_tag-handsomecake","27":"product_tag-resin-collectibles","28":"product_tag-resin-collectibles-kaufen","29":"product_tag-resin-statuen","30":"product_tag-resin-statuen-kaufen","31":"product_tag-statue-collectible","32":"product_tag-statue-collectibles","33":"product_tag-statue-collector","34":"product_tag-statues-collectible","35":"pa_brand-light-team-studio","36":"pa_scale-1_to_6","38":"first","39":"instock","40":"taxable","41":"shipping-taxable","42":"product-type-simple"},"_links":{"self":[{"href":"https:\/\/store.handsomecake.com\/en\/wp-json\/wp\/v2\/product\/31896","targetHints":{"allow":["GET"]}}],"collection":[{"href":"https:\/\/store.handsomecake.com\/en\/wp-json\/wp\/v2\/product"}],"about":[{"href":"https:\/\/store.handsomecake.com\/en\/wp-json\/wp\/v2\/types\/product"}],"replies":[{"embeddable":true,"href":"https:\/\/store.handsomecake.com\/en\/wp-json\/wp\/v2\/comments?post=31896"}],"wp:featuredmedia":[{"embeddable":true,"href":"https:\/\/store.handsomecake.com\/en\/wp-json\/wp\/v2\/media\/31924"}],"wp:attachment":[{"href":"https:\/\/store.handsomecake.com\/en\/wp-json\/wp\/v2\/media?parent=31896"}],"wp:term":[{"taxonomy":"product_brand","embeddable":true,"href":"https:\/\/store.handsomecake.com\/en\/wp-json\/wp\/v2\/product_brand?post=31896"},{"taxonomy":"product_cat","embeddable":true,"href":"https:\/\/store.handsomecake.com\/en\/wp-json\/wp\/v2\/product_cat?post=31896"},{"taxonomy":"product_tag","embeddable":true,"href":"https:\/\/store.handsomecake.com\/en\/wp-json\/wp\/v2\/product_tag?post=31896"}],"curies":[{"name":"wp","href":"https:\/\/api.w.org\/{rel}","templated":true}]}}