{"id":31883,"date":"2024-04-24T22:33:41","date_gmt":"2024-04-24T22:33:41","guid":{"rendered":"https:\/\/store.handsomecake.com\/product\/ghostblade-princess-yan-14-resin-statue-von-light-year-studio\/"},"modified":"2024-06-12T16:40:22","modified_gmt":"2024-06-12T16:40:22","slug":"ghostblade-princess-yan-14-resin-statue-von-light-year-studio","status":"publish","type":"product","link":"https:\/\/store.handsomecake.com\/en\/product\/ghostblade-princess-yan-14-resin-statue-von-light-year-studio\/","title":{"rendered":"GhostBlade &#8211; Princess Yan | 1:4 Resin Statue | von Light Year Studio"},"content":{"rendered":"<p><strong>GhostBlade &#8211; Princess Yan | 1:4 Resin Statue | von Light Year Studio<\/strong><\/p>\n<p>I do ship EU-wide, please contact me, should questions arise.<\/p>\n<p>Tolle Statue von Ice Princess.<br \/>\nWunderbar verarbeitete und sehr detaillierte Princess Yan Haiqin Statue aus Polystone &#8211; k\u00fcnstlichem Stein-Harz-Gemisch.<\/p>\n<p><strong>Besonderheiten:<\/strong><\/p>\n<ul>\n<li>468 St\u00fcck weltweit<\/li>\n<\/ul>\n<p><strong>Release-Status:<\/strong><\/p>\n<ul>\n<li>Preorder. Statue wird voraussichtlich Ende Q4 2024 erscheinen. Wir erwarten sie sch\u00e4tzungsweise Ende Februar 2025 bei uns im Warenlager.<\/li>\n<li>Diese Angabe ist ohne Gew\u00e4hr! Wir leiten nur die Sch\u00e4tzung vom Hersteller weiter.<\/li>\n<li>Falls das Datum \u00fcberschritten wurde und hier immer noch eine Sch\u00e4tzung aus der Vergangenheit steht, dann bedeutet das NICHT, dass die Figur bereits im Lager in Deutschland ist. Sie ist NUR dann auf Lager in Deutschland, wenn der Text dies entsprechend sagt und\/oder die Kategorie weiter oben &#8222;Lagernd vor Ort&#8220; hei\u00dft.<\/li>\n<\/ul>\n<hr \/>\n<p>Wie immer bei unseren Artikeln &#8211; s\u00e4mtliche Geb\u00fchren sind, im Gegensatz zu anderen Anbietern auf dem Markt, bereits inkludiert.<\/p>\n<p>Versand erfolgt ausschlie\u00dflich aus Deutschland, es fallen keine Zoll- und Importgeb\u00fchren an.<\/p>\n<p>Als einziger EU-weit legal zugelassener H\u00e4ndler von Resin-Statuen garantieren wir exklusive Qualit\u00e4t und Vertrauensw\u00fcrdigkeit, die ihr nirgendwo anders finden.<\/p>\n<p>Ihr kauft keine Katze im Sack \ud83d\ude42<\/p>\n<hr \/>\n<p>Ma\u00dfe der Statue:<br \/>\nGr\u00f6\u00dfe: ca. H46cm x W28cm x D18cm<br \/>\nGewicht: TBA, gesch\u00e4tzt: ca. 10 kg<\/p>\n<p>You are not prepared! \ud83d\ude42<\/p>","protected":false},"excerpt":{"rendered":"<p>GhostBlade &#8211; Princess Yan | 1:4 Resin Statue | von Light Year Studio I do ship EU-wide, please contact me, should questions arise. Tolle Statue von Ice Princess. Wunderbar verarbeitete und sehr detaillierte Princess Yan Haiqin Statue aus Polystone &#8211; k\u00fcnstlichem Stein-Harz-Gemisch. Besonderheiten: 468 St\u00fcck weltweit Release-Status: Preorder. Statue wird voraussichtlich Ende Q4 2024 erscheinen. [&hellip;]<\/p>\n","protected":false},"featured_media":31925,"comment_status":"closed","ping_status":"closed","template":"","meta":[],"product_brand":[],"product_cat":[24,568,84],"product_tag":[2096,2097,2098,666,717,640,658,479,147,251,383,553,1442,1446,1448,795,2095,1444,154,255,136,137,554,379,2116,2115],"class_list":{"0":"post-31883","1":"product","2":"type-product","3":"status-publish","4":"has-post-thumbnail","6":"product_cat-action-figuren","7":"product_cat-preorder","8":"product_cat-statuen-anime-comic-universum","9":"product_tag-aeolian","10":"product_tag-aeolian-ghost-blade","11":"product_tag-aeolian-statue","12":"product_tag-anime-figuren-shop","13":"product_tag-anime-shop","14":"product_tag-anime-statuen","15":"product_tag-anime-toys","16":"product_tag-collectible","17":"product_tag-collectibles","18":"product_tag-collectibles-kaufen","19":"product_tag-collector","20":"product_tag-figure-collector","21":"product_tag-ghost-blade","22":"product_tag-ghost-blade-collectibles","23":"product_tag-ghost-blade-toys","24":"product_tag-handsomecake","25":"product_tag-princess-aeolian-collectible","26":"product_tag-princess-yan","27":"product_tag-resin-collectibles","28":"product_tag-resin-collectibles-kaufen","29":"product_tag-resin-statuen","30":"product_tag-resin-statuen-kaufen","31":"product_tag-resin-statues","32":"product_tag-statue-collectible","33":"product_tag-trieagles-studio","34":"product_tag-wlop","35":"pa_brand-light-year-studio","36":"pa_scale-1_to_4","38":"first","39":"instock","40":"taxable","41":"shipping-taxable","42":"product-type-simple"},"_links":{"self":[{"href":"https:\/\/store.handsomecake.com\/en\/wp-json\/wp\/v2\/product\/31883","targetHints":{"allow":["GET"]}}],"collection":[{"href":"https:\/\/store.handsomecake.com\/en\/wp-json\/wp\/v2\/product"}],"about":[{"href":"https:\/\/store.handsomecake.com\/en\/wp-json\/wp\/v2\/types\/product"}],"replies":[{"embeddable":true,"href":"https:\/\/store.handsomecake.com\/en\/wp-json\/wp\/v2\/comments?post=31883"}],"wp:featuredmedia":[{"embeddable":true,"href":"https:\/\/store.handsomecake.com\/en\/wp-json\/wp\/v2\/media\/31925"}],"wp:attachment":[{"href":"https:\/\/store.handsomecake.com\/en\/wp-json\/wp\/v2\/media?parent=31883"}],"wp:term":[{"taxonomy":"product_brand","embeddable":true,"href":"https:\/\/store.handsomecake.com\/en\/wp-json\/wp\/v2\/product_brand?post=31883"},{"taxonomy":"product_cat","embeddable":true,"href":"https:\/\/store.handsomecake.com\/en\/wp-json\/wp\/v2\/product_cat?post=31883"},{"taxonomy":"product_tag","embeddable":true,"href":"https:\/\/store.handsomecake.com\/en\/wp-json\/wp\/v2\/product_tag?post=31883"}],"curies":[{"name":"wp","href":"https:\/\/api.w.org\/{rel}","templated":true}]}}