{"id":31879,"date":"2024-04-24T22:21:02","date_gmt":"2024-04-24T22:21:02","guid":{"rendered":"https:\/\/store.handsomecake.com\/product\/kingdom-hearts-sora-14-resin-statue-von-black-swan-studio\/"},"modified":"2024-06-12T16:40:18","modified_gmt":"2024-06-12T16:40:18","slug":"kingdom-hearts-sora-14-resin-statue-von-black-swan-studio","status":"publish","type":"product","link":"https:\/\/store.handsomecake.com\/en\/product\/kingdom-hearts-sora-14-resin-statue-von-black-swan-studio\/","title":{"rendered":"Kingdom Hearts &#8211; Sora | 1:4 Resin Statue | von Black Swan Studio"},"content":{"rendered":"<p><strong>Kingdom Hearts &#8211; Sora | 1:4 Resin Statue | von Black Swan Studio<\/strong><\/p>\n<p>EU Taxfree! I do ship EU-wide, please contact me, should questions arise.<\/p>\n<p><em><span style=\"color: #ffffff;\"><span style=\"background-color: #2c3e50;\">\u00a0&#8220; I&#8217;ve been having these weird thoughts lately&#8230; like, is any of this for real&#8230; or not? &#8220;\u00a0 <\/span><\/span><\/em><br \/>\nTolle Statue von Sora aus den Inseln des Schicksals.<br \/>\nWunderbar verarbeitete und sehr detaillierte Sora Statue aus Polystone &#8211; k\u00fcnstlichem Stein-Harz-Gemisch.<\/p>\n<p><strong>Besonderheiten:<\/strong><\/p>\n<ul>\n<li>Edition Size : TBD<\/li>\n<li>Glasaugen<\/li>\n<li>2 austauschbare K\u00f6pfe<\/li>\n<li>teilweise aus Metall gefertigtes Schl\u00fcsselschwert<\/li>\n<\/ul>\n<p><strong>Release-Status:<\/strong><\/p>\n<ul>\n<li>Preorder. Statue wird voraussichtlich am Ende Q1 2025 erscheinen und wir erwarten sie voraussichtlich Ende Mai 2025 im Warenlager.<\/li>\n<li>Diese Angabe ist ohne Gew\u00e4hr! Wir leiten nur die Sch\u00e4tzung vom Hersteller weiter.<\/li>\n<li>Falls das Datum \u00fcberschritten wurde und hier immer noch eine Sch\u00e4tzung aus der Vergangenheit steht, dann bedeutet das NICHT, dass die Figur bereits im Lager in Deutschland ist. Sie ist NUR dann auf Lager in Deutschland, wenn der Text dies entsprechend sagt und\/oder die Kategorie weiter oben &#8222;Lagernd vor Ort&#8220; hei\u00dft.<\/li>\n<\/ul>\n<hr \/>\n<p>Wie immer bei unseren Artikeln &#8211; s\u00e4mtliche Geb\u00fchren sind, im Gegensatz zu anderen Anbietern auf dem Markt, bereits inkludiert.<\/p>\n<p>Versand erfolgt ausschlie\u00dflich aus Deutschland, es fallen keine Zoll- und Importgeb\u00fchren an.<\/p>\n<p>Als einziger EU-weit legal zugelassener H\u00e4ndler von Resin-Statuen garantieren wir exklusive Qualit\u00e4t und Vertrauensw\u00fcrdigkeit, die ihr nirgendwo anders finden.<\/p>\n<p>Ihr kauft keine Katze im Sack \ud83d\ude42<\/p>\n<hr \/>\n<p>You are not prepared! \ud83d\ude42<\/p>","protected":false},"excerpt":{"rendered":"<p>Kingdom Hearts &#8211; Sora | 1:4 Resin Statue | von Black Swan Studio EU Taxfree! I do ship EU-wide, please contact me, should questions arise. \u00a0&#8220; I&#8217;ve been having these weird thoughts lately&#8230; like, is any of this for real&#8230; or not? &#8220;\u00a0 Tolle Statue von Sora aus den Inseln des Schicksals. Wunderbar verarbeitete und [&hellip;]<\/p>\n","protected":false},"featured_media":31926,"comment_status":"closed","ping_status":"closed","template":"","meta":[],"product_brand":[],"product_cat":[24,568,81],"product_tag":[612,656,666,657,717,662,147,383,795,2453,2452,3314,2455,136,137,3313,3315,379,381,380,382,547],"class_list":{"0":"post-31879","1":"product","2":"type-product","3":"status-publish","4":"has-post-thumbnail","6":"product_cat-action-figuren","7":"product_cat-preorder","8":"product_cat-statuen-computerspieluniversum","9":"product_tag-anime","10":"product_tag-anime-collectibles","11":"product_tag-anime-figuren-shop","12":"product_tag-anime-figures","13":"product_tag-anime-shop","14":"product_tag-anime-statue-shop","15":"product_tag-collectibles","16":"product_tag-collector","17":"product_tag-handsomecake","18":"product_tag-kingdom-hearts","19":"product_tag-kingdom-hearts-collectibles-kaufen","20":"product_tag-kingdom-hearts-sora","21":"product_tag-resin-statue","22":"product_tag-resin-statuen","23":"product_tag-resin-statuen-kaufen","24":"product_tag-sora","25":"product_tag-sora-kingdom-hearts","26":"product_tag-statue-collectible","27":"product_tag-statue-collectibles","28":"product_tag-statues-collectible","29":"product_tag-statues-collectibles","30":"product_tag-statues-collector","31":"pa_brand-black-swan-studio","32":"pa_scale-1_to_4","34":"first","35":"instock","36":"taxable","37":"shipping-taxable","38":"product-type-simple"},"_links":{"self":[{"href":"https:\/\/store.handsomecake.com\/en\/wp-json\/wp\/v2\/product\/31879","targetHints":{"allow":["GET"]}}],"collection":[{"href":"https:\/\/store.handsomecake.com\/en\/wp-json\/wp\/v2\/product"}],"about":[{"href":"https:\/\/store.handsomecake.com\/en\/wp-json\/wp\/v2\/types\/product"}],"replies":[{"embeddable":true,"href":"https:\/\/store.handsomecake.com\/en\/wp-json\/wp\/v2\/comments?post=31879"}],"wp:featuredmedia":[{"embeddable":true,"href":"https:\/\/store.handsomecake.com\/en\/wp-json\/wp\/v2\/media\/31926"}],"wp:attachment":[{"href":"https:\/\/store.handsomecake.com\/en\/wp-json\/wp\/v2\/media?parent=31879"}],"wp:term":[{"taxonomy":"product_brand","embeddable":true,"href":"https:\/\/store.handsomecake.com\/en\/wp-json\/wp\/v2\/product_brand?post=31879"},{"taxonomy":"product_cat","embeddable":true,"href":"https:\/\/store.handsomecake.com\/en\/wp-json\/wp\/v2\/product_cat?post=31879"},{"taxonomy":"product_tag","embeddable":true,"href":"https:\/\/store.handsomecake.com\/en\/wp-json\/wp\/v2\/product_tag?post=31879"}],"curies":[{"name":"wp","href":"https:\/\/api.w.org\/{rel}","templated":true}]}}