{"id":3171,"date":"2021-05-19T15:19:12","date_gmt":"2021-05-19T15:19:12","guid":{"rendered":"https:\/\/store.handsomecake.com\/product\/resident-evil-jill-valentine-14-resin-statue-von-jorsing-ft-hot-heart\/"},"modified":"2024-06-12T14:47:36","modified_gmt":"2024-06-12T14:47:36","slug":"resident-evil-jill-valentine-14-resin-statue-von-jorsing-ft-hot-heart","status":"publish","type":"product","link":"https:\/\/store.handsomecake.com\/en\/product\/resident-evil-jill-valentine-14-resin-statue-von-jorsing-ft-hot-heart\/","title":{"rendered":"Resident Evil &#8211; Jill Valentine | 1:4 Resin Statue | von Jorsing ft. Hot Heart"},"content":{"rendered":"<p>Resident Evil 5 &#8211; Jill Valentine &#8218; 1:4 Resin Statue &#8218; von Jorsing ft. Hot Heart Studio<\/p>\n<p>I do ship EU-wide, please contact me, should questions arise.<\/p>\n<p>Tolle Statue unserer geliebten Jill Valentine<\/p>\n<p>Wunderbar verarbeitete und sehr detaillierte Jill Valentine Statue aus Polystone &#8211; k\u00fcnstlichem Stein-Harz-Gemisch.<\/p>\n<p>Besonderheiten:<\/p>\n<ul>\n<li>Es handelt sich ausschlie\u00dflich um die EX(clusive) Variante<\/li>\n<li>Umhang ist dabei<\/li>\n<li>2 verschiedene Oberk\u00f6rpervarianten (kontrolliert durch Wesker und bei vollem Bewusstsein)<\/li>\n<\/ul>\n<p>Release-Status:<\/p>\n<ul>\n<li>Preorder. Statue wird sch\u00e4tzungsweise Q1 2022 released. Wir erwarten sie bei uns im Lager gegen Ende Mai 2022.<\/li>\n<\/ul>\n<p>Wie immer bei meinen Aktionen &#8211; s\u00e4mtliche Geb\u00fchren sind, im Gegensatz zu anderen Angeboten, bereits inkludiert. Versand erfolgt ausschlie\u00dflich aus Deutschland, es fallen keine Zoll- und Importgeb\u00fchren an. Ihr kauft keine Katze im Sack \ud83d\ude42<\/p>\n<p>Ma\u00dfe der Statue: H56*W26*D25cm<br \/>\nGewicht: 17kg<\/p>\n<p>You are not prepared! \ud83d\ude42<\/p>","protected":false},"excerpt":{"rendered":"<p>Resident Evil 5 &#8211; Jill Valentine &#8218; 1:4 Resin Statue &#8218; von Jorsing ft. Hot Heart Studio I do ship EU-wide, please contact me, should questions arise. Tolle Statue unserer geliebten Jill Valentine Wunderbar verarbeitete und sehr detaillierte Jill Valentine Statue aus Polystone &#8211; k\u00fcnstlichem Stein-Harz-Gemisch. Besonderheiten: Es handelt sich ausschlie\u00dflich um die EX(clusive) Variante [&hellip;]<\/p>\n","protected":false},"featured_media":3176,"comment_status":"closed","ping_status":"closed","template":"","meta":[],"product_brand":[],"product_cat":[568,82,81],"product_tag":[666,717,640,658,479,147,251,738,190,775,776,187,189,785,784,782,783,154,255,136,137,379,381,552,380,382,547],"class_list":{"0":"post-3171","1":"product","2":"type-product","3":"status-publish","4":"has-post-thumbnail","6":"product_cat-preorder","7":"product_cat-resident-evil","8":"product_cat-statuen-computerspieluniversum","9":"product_tag-anime-figuren-shop","10":"product_tag-anime-shop","11":"product_tag-anime-statuen","12":"product_tag-anime-toys","13":"product_tag-collectible","14":"product_tag-collectibles","15":"product_tag-collectibles-kaufen","16":"product_tag-dragon-ball","17":"product_tag-dragon-ball-collectibles","18":"product_tag-ken-collectibles","19":"product_tag-ken-statue","20":"product_tag-resident-evil","21":"product_tag-resident-evil-collectibles","22":"product_tag-resident-evil-figure","23":"product_tag-resident-evil-figurine","24":"product_tag-resident-evil-statue","25":"product_tag-resident-evil-toy","26":"product_tag-resin-collectibles","27":"product_tag-resin-collectibles-kaufen","28":"product_tag-resin-statuen","29":"product_tag-resin-statuen-kaufen","30":"product_tag-statue-collectible","31":"product_tag-statue-collectibles","32":"product_tag-statue-collector","33":"product_tag-statues-collectible","34":"product_tag-statues-collectibles","35":"product_tag-statues-collector","36":"pa_brand-jorsing-ft-hot-heart","37":"pa_scale-1_to_4","39":"first","40":"onbackorder","41":"taxable","42":"shipping-taxable","43":"product-type-variable"},"_links":{"self":[{"href":"https:\/\/store.handsomecake.com\/en\/wp-json\/wp\/v2\/product\/3171","targetHints":{"allow":["GET"]}}],"collection":[{"href":"https:\/\/store.handsomecake.com\/en\/wp-json\/wp\/v2\/product"}],"about":[{"href":"https:\/\/store.handsomecake.com\/en\/wp-json\/wp\/v2\/types\/product"}],"replies":[{"embeddable":true,"href":"https:\/\/store.handsomecake.com\/en\/wp-json\/wp\/v2\/comments?post=3171"}],"wp:featuredmedia":[{"embeddable":true,"href":"https:\/\/store.handsomecake.com\/en\/wp-json\/wp\/v2\/media\/3176"}],"wp:attachment":[{"href":"https:\/\/store.handsomecake.com\/en\/wp-json\/wp\/v2\/media?parent=3171"}],"wp:term":[{"taxonomy":"product_brand","embeddable":true,"href":"https:\/\/store.handsomecake.com\/en\/wp-json\/wp\/v2\/product_brand?post=3171"},{"taxonomy":"product_cat","embeddable":true,"href":"https:\/\/store.handsomecake.com\/en\/wp-json\/wp\/v2\/product_cat?post=3171"},{"taxonomy":"product_tag","embeddable":true,"href":"https:\/\/store.handsomecake.com\/en\/wp-json\/wp\/v2\/product_tag?post=3171"}],"curies":[{"name":"wp","href":"https:\/\/api.w.org\/{rel}","templated":true}]}}