{"id":31703,"date":"2024-04-15T21:52:10","date_gmt":"2024-04-15T21:52:10","guid":{"rendered":"https:\/\/store.handsomecake.com\/product\/jujutsu-kaisen-fushiguro-megumi-16-resin-statue-von-real-world-studio\/"},"modified":"2024-06-12T16:40:14","modified_gmt":"2024-06-12T16:40:14","slug":"jujutsu-kaisen-fushiguro-megumi-16-resin-statue-von-real-world-studio","status":"publish","type":"product","link":"https:\/\/store.handsomecake.com\/en\/product\/jujutsu-kaisen-fushiguro-megumi-16-resin-statue-von-real-world-studio\/","title":{"rendered":"Jujutsu Kaisen &#8211; Fushiguro Megumi | 1:6 Resin Statue | von Real World Studio"},"content":{"rendered":"<p><strong>Jujutsu Kaisen &#8211; Fushiguro Megumi | 1:6 Resin Statue | von Real World Studio<\/strong><\/p>\n<p>I do ship EU-wide, please contact me, should questions arise.<\/p>\n<p>Tolle Statue von Fushiguro Megumi<br \/>\nWunderbar verarbeitete und sehr detaillierte Fushiguro Megumi Statue aus Polystone &#8211; k\u00fcnstlichem Stein-Harz-Gemisch.<\/p>\n<p><strong>Besonderheiten:<\/strong><\/p>\n<ul>\n<li>168 St\u00fcck weltweit<\/li>\n<li>2 austauschbare K\u00f6pfe + 1 B\u00fcste<\/li>\n<\/ul>\n<p><strong>Release-Status:<\/strong><\/p>\n<ul>\n<li>Preorder. Statue wird voraussichtlich in Q4 2024 released und wir erwarten sie sch\u00e4tzungsweise Ende Februar 2025 bei uns im Warenlager.<\/li>\n<li>Diese Angabe ist ohne Gew\u00e4hr! Wir leiten nur die Sch\u00e4tzung vom Hersteller weiter.<\/li>\n<li>Falls das Datum \u00fcberschritten wurde und hier immer noch eine Sch\u00e4tzung aus der Vergangenheit steht, dann bedeutet das NICHT, dass die Figur bereits im Lager in Deutschland ist. Sie ist NUR dann auf Lager in Deutschland, wenn der Text dies entsprechend sagt und\/oder die Kategorie weiter oben &#8222;Lagernd vor Ort&#8220; hei\u00dft.<\/li>\n<\/ul>\n<p>Wie immer bei meinen Aktionen &#8211; s\u00e4mtliche Geb\u00fchren sind, im Gegensatz zu anderen Angeboten, bereits inkludiert. Versand erfolgt ausschlie\u00dflich aus Deutschland, es fallen keine Zoll- und Importgeb\u00fchren an. Ihr kauft keine Katze im Sack \ud83d\ude42<\/p>\n<p><strong>Ma\u00dfe der Statue:<\/strong><\/p>\n<ul>\n<li>Gr\u00f6\u00dfe: ca. H30cm x W37cm x D35cm<\/li>\n<li>Gewicht: TBA, gesch\u00e4tzt: ca. 9kg<\/li>\n<\/ul>\n<p>You are not prepared! \ud83d\ude42<\/p>","protected":false},"excerpt":{"rendered":"<p>Jujutsu Kaisen &#8211; Fushiguro Megumi | 1:6 Resin Statue | von Real World Studio I do ship EU-wide, please contact me, should questions arise. Tolle Statue von Fushiguro Megumi Wunderbar verarbeitete und sehr detaillierte Fushiguro Megumi Statue aus Polystone &#8211; k\u00fcnstlichem Stein-Harz-Gemisch. Besonderheiten: 168 St\u00fcck weltweit 2 austauschbare K\u00f6pfe + 1 B\u00fcste Release-Status: Preorder. Statue [&hellip;]<\/p>\n","protected":false},"featured_media":31798,"comment_status":"closed","ping_status":"closed","template":"","meta":[],"product_brand":[],"product_cat":[24,1237,568,84],"product_tag":[612,659,666,658,147,251,383,553,1375,1376,1377,1378,1379,1371,795,1369,1372,1374,1370,1373,154,136,554,379,381,552,547],"class_list":{"0":"post-31703","1":"product","2":"type-product","3":"status-publish","4":"has-post-thumbnail","6":"product_cat-action-figuren","7":"product_cat-jujutsu-kaisen","8":"product_cat-preorder","9":"product_cat-statuen-anime-comic-universum","10":"product_tag-anime","11":"product_tag-anime-figuren","12":"product_tag-anime-figuren-shop","13":"product_tag-anime-toys","14":"product_tag-collectibles","15":"product_tag-collectibles-kaufen","16":"product_tag-collector","17":"product_tag-figure-collector","18":"product_tag-fushiguro-megumi","19":"product_tag-fushiguro-megumi-collectibles","20":"product_tag-fushiguro-megumi-resin","21":"product_tag-fushiguro-megumi-statues","22":"product_tag-fushiguro-megumi-toys","23":"product_tag-fushiguro-resin","24":"product_tag-handsomecake","25":"product_tag-jujutsu-kaisen","26":"product_tag-jujutsu-kaisen-statue","27":"product_tag-jujutsu-kaisen-toys","28":"product_tag-megumi-collectibles","29":"product_tag-megumi-statues","30":"product_tag-resin-collectibles","31":"product_tag-resin-statuen","32":"product_tag-resin-statues","33":"product_tag-statue-collectible","34":"product_tag-statue-collectibles","35":"product_tag-statue-collector","36":"product_tag-statues-collector","37":"pa_brand-real-world-studio","38":"pa_scale-1_to_6","40":"first","41":"instock","42":"taxable","43":"shipping-taxable","44":"product-type-simple"},"_links":{"self":[{"href":"https:\/\/store.handsomecake.com\/en\/wp-json\/wp\/v2\/product\/31703","targetHints":{"allow":["GET"]}}],"collection":[{"href":"https:\/\/store.handsomecake.com\/en\/wp-json\/wp\/v2\/product"}],"about":[{"href":"https:\/\/store.handsomecake.com\/en\/wp-json\/wp\/v2\/types\/product"}],"replies":[{"embeddable":true,"href":"https:\/\/store.handsomecake.com\/en\/wp-json\/wp\/v2\/comments?post=31703"}],"wp:featuredmedia":[{"embeddable":true,"href":"https:\/\/store.handsomecake.com\/en\/wp-json\/wp\/v2\/media\/31798"}],"wp:attachment":[{"href":"https:\/\/store.handsomecake.com\/en\/wp-json\/wp\/v2\/media?parent=31703"}],"wp:term":[{"taxonomy":"product_brand","embeddable":true,"href":"https:\/\/store.handsomecake.com\/en\/wp-json\/wp\/v2\/product_brand?post=31703"},{"taxonomy":"product_cat","embeddable":true,"href":"https:\/\/store.handsomecake.com\/en\/wp-json\/wp\/v2\/product_cat?post=31703"},{"taxonomy":"product_tag","embeddable":true,"href":"https:\/\/store.handsomecake.com\/en\/wp-json\/wp\/v2\/product_tag?post=31703"}],"curies":[{"name":"wp","href":"https:\/\/api.w.org\/{rel}","templated":true}]}}