{"id":31690,"date":"2024-04-15T21:51:16","date_gmt":"2024-04-15T21:51:16","guid":{"rendered":"https:\/\/store.handsomecake.com\/product\/the-witcher-3-geralt-of-rivia-13-resin-statue-von-prime-1-studio\/"},"modified":"2025-03-28T13:51:21","modified_gmt":"2025-03-28T13:51:21","slug":"the-witcher-3-geralt-of-rivia-13-resin-statue-von-prime-1-studio","status":"publish","type":"product","link":"https:\/\/store.handsomecake.com\/en\/product\/the-witcher-3-geralt-of-rivia-13-resin-statue-von-prime-1-studio\/","title":{"rendered":"The Witcher 3 &#8211; Geralt of Rivia | 1:3 Resin Statue | von Prime 1 Studio"},"content":{"rendered":"<p><strong>The Witcher 3 &#8211; Geralt of Rivia | 1:3 Resin Statue | von Prime 1 Studio<\/strong><\/p>\n<p>I do ship EU-wide, please contact me, should questions arise.<\/p>\n<p>Tolle Statue von dem Schl\u00e4chter von Blaviken. Prime 1 Geralt z\u00e4hlt zu den besten und detailreichsten Witcher Statuen auf dem Markt und geh\u00f6rt in jede Sammlung eines Witcher-Fans.<\/p>\n<p><strong>Besonderheiten:<\/strong><\/p>\n<ul>\n<li>\u00a0Deluxe-Version<\/li>\n<li>\u00a0mit LED-Beleuchtung<\/li>\n<li>\u00a0weltweit auf 750 St\u00fcck limitiert<\/li>\n<li>4 austauschbare Kopfvarianten: Normal, ohne Bart, mit &#8222;Hearts of Stone&#8220;-Markierung, Toxizit\u00e4t<\/li>\n<li>Sockel im Design von &#8222;The Witcher 3: The Wild Hunt&#8220;<\/li>\n<\/ul>\n<p><strong>Release-Status:<\/strong><\/p>\n<ul>\n<li>Released. Ab Bestellzeitpunkt in ca. 3-4 Monaten bei euch.<\/li>\n<\/ul>\n<hr \/>\n<p>Wie immer bei unseren Artikeln &#8211; s\u00e4mtliche Geb\u00fchren sind, im Gegensatz zu anderen Anbietern auf dem Markt, bereits inkludiert.<\/p>\n<p>Versand erfolgt ausschlie\u00dflich aus Deutschland, es fallen keine Zoll- und Importgeb\u00fchren an.<\/p>\n<p>Als einziger EU-weit legal zugelassener H\u00e4ndler von Resin-Statuen garantieren wir exklusive Qualit\u00e4t und Vertrauensw\u00fcrdigkeit, die ihr nirgendwo anders finden.<\/p>\n<p>Ihr kauft keine Katze im Sack \ud83d\ude42<\/p>\n<hr \/>\n<p>You are not prepared! \ud83d\ude42<\/p>","protected":false},"excerpt":{"rendered":"<p>The Witcher 3 &#8211; Geralt of Rivia | 1:3 Resin Statue | von Prime 1 Studio I do ship EU-wide, please contact me, should questions arise. Tolle Statue von dem Schl\u00e4chter von Blaviken. Prime 1 Geralt z\u00e4hlt zu den besten und detailreichsten Witcher Statuen auf dem Markt und geh\u00f6rt in jede Sammlung eines Witcher-Fans. Besonderheiten: [&hellip;]<\/p>\n","protected":false},"featured_media":31733,"comment_status":"closed","ping_status":"closed","template":"","meta":[],"product_brand":[],"product_cat":[24,568,81],"product_tag":[479,147,251,1521,1523,1522,795,154,255,136,137,379,381,552,665,380,382,547,1520,1524,718,1525],"class_list":{"0":"post-31690","1":"product","2":"type-product","3":"status-publish","4":"has-post-thumbnail","6":"product_cat-action-figuren","7":"product_cat-preorder","8":"product_cat-statuen-computerspieluniversum","9":"product_tag-collectible","10":"product_tag-collectibles","11":"product_tag-collectibles-kaufen","12":"product_tag-geralt-collectible","13":"product_tag-geralt-of-rivia","14":"product_tag-geralt-statue","15":"product_tag-handsomecake","16":"product_tag-resin-collectibles","17":"product_tag-resin-collectibles-kaufen","18":"product_tag-resin-statuen","19":"product_tag-resin-statuen-kaufen","20":"product_tag-statue-collectible","21":"product_tag-statue-collectibles","22":"product_tag-statue-collector","23":"product_tag-statuen-shop","24":"product_tag-statues-collectible","25":"product_tag-statues-collectibles","26":"product_tag-statues-collector","27":"product_tag-the-witcher","28":"product_tag-the-witcher-collectibles","29":"product_tag-toys","30":"product_tag-witcher-statuen","31":"pa_brand-prime-1-studio","32":"pa_scale-1_to_3","34":"first","35":"instock","36":"taxable","37":"shipping-taxable","38":"product-type-simple"},"_links":{"self":[{"href":"https:\/\/store.handsomecake.com\/en\/wp-json\/wp\/v2\/product\/31690","targetHints":{"allow":["GET"]}}],"collection":[{"href":"https:\/\/store.handsomecake.com\/en\/wp-json\/wp\/v2\/product"}],"about":[{"href":"https:\/\/store.handsomecake.com\/en\/wp-json\/wp\/v2\/types\/product"}],"replies":[{"embeddable":true,"href":"https:\/\/store.handsomecake.com\/en\/wp-json\/wp\/v2\/comments?post=31690"}],"wp:featuredmedia":[{"embeddable":true,"href":"https:\/\/store.handsomecake.com\/en\/wp-json\/wp\/v2\/media\/31733"}],"wp:attachment":[{"href":"https:\/\/store.handsomecake.com\/en\/wp-json\/wp\/v2\/media?parent=31690"}],"wp:term":[{"taxonomy":"product_brand","embeddable":true,"href":"https:\/\/store.handsomecake.com\/en\/wp-json\/wp\/v2\/product_brand?post=31690"},{"taxonomy":"product_cat","embeddable":true,"href":"https:\/\/store.handsomecake.com\/en\/wp-json\/wp\/v2\/product_cat?post=31690"},{"taxonomy":"product_tag","embeddable":true,"href":"https:\/\/store.handsomecake.com\/en\/wp-json\/wp\/v2\/product_tag?post=31690"}],"curies":[{"name":"wp","href":"https:\/\/api.w.org\/{rel}","templated":true}]}}