{"id":31684,"date":"2024-04-15T21:51:06","date_gmt":"2024-04-15T21:51:06","guid":{"rendered":"https:\/\/store.handsomecake.com\/product\/dc-comics-batman-catwoman-16-resin-statue-von-iron-studios\/"},"modified":"2024-06-12T16:40:04","modified_gmt":"2024-06-12T16:40:04","slug":"dc-comics-batman-catwoman-16-resin-statue-von-iron-studios","status":"publish","type":"product","link":"https:\/\/store.handsomecake.com\/en\/product\/dc-comics-batman-catwoman-16-resin-statue-von-iron-studios\/","title":{"rendered":"DC Comics &#8211; Batman &amp; Catwoman | 1:6 Resin Statue | von Iron Studios"},"content":{"rendered":"<p><strong>DC Comics &#8211; Batman &amp; Catwoman | 1:6 Resin Statue | von Iron Studios<\/strong><\/p>\n<p>I do ship EU-wide, please contact me, should questions arise.<\/p>\n<p>Tolle B\u00fcste vom Schrecken aller Verbrecher Gothams und Selina Kyle.<br \/>\nWunderbar verarbeitete und sehr detaillierte Batman &amp; Catwoman Diorama aus Polystone &#8211; k\u00fcnstlichem Stein-Harz-Gemisch.<\/p>\n<p><strong>Besonderheiten:<\/strong><\/p>\n<ul>\n<li>keine<\/li>\n<\/ul>\n<p><strong>Release-Status:<\/strong><\/p>\n<ul>\n<li>Preorder. Statue wird voraussichtlich Ende Q4 2024 released. Wir erwarten sie sch\u00e4tzungsweise Ende Februar 2025 bei uns im Warenlager.<\/li>\n<li>Diese Angabe ist ohne Gew\u00e4hr! Wir leiten nur die Sch\u00e4tzung vom Hersteller weiter.<\/li>\n<li>Falls das Datum \u00fcberschritten wurde und hier immer noch eine Sch\u00e4tzung aus der Vergangenheit steht, dann bedeutet das NICHT, dass die Figur bereits im Lager in Deutschland ist. Sie ist NUR dann auf Lager in Deutschland, wenn der Text dies entsprechend sagt und\/oder die Kategorie weiter oben &#8222;Lagernd vor Ort&#8220; hei\u00dft.<\/li>\n<\/ul>\n<p>Wie immer bei meinen Aktionen &#8211; s\u00e4mtliche Geb\u00fchren sind, im Gegensatz zu anderen Angeboten, bereits inkludiert. Versand erfolgt ausschlie\u00dflich aus Deutschland, es fallen keine Zoll- und Importgeb\u00fchren an. Ihr kauft keine Katze im Sack \ud83d\ude42<\/p>\n<p><strong>Ma\u00dfe der Statue:<\/strong><\/p>\n<ul>\n<li>Gr\u00f6\u00dfe: ca. H51cm x W22cm x L31cm<\/li>\n<li>Gewicht: TBA, gesch\u00e4tzt: ca. 4 kg<\/li>\n<\/ul>\n<p>You are not prepared! \ud83d\ude42<\/p>","protected":false},"excerpt":{"rendered":"<p>DC Comics &#8211; Batman &amp; Catwoman | 1:6 Resin Statue | von Iron Studios I do ship EU-wide, please contact me, should questions arise. Tolle B\u00fcste vom Schrecken aller Verbrecher Gothams und Selina Kyle. Wunderbar verarbeitete und sehr detaillierte Batman &amp; Catwoman Diorama aus Polystone &#8211; k\u00fcnstlichem Stein-Harz-Gemisch. Besonderheiten: keine Release-Status: Preorder. Statue wird voraussichtlich [&hellip;]<\/p>\n","protected":false},"featured_media":31689,"comment_status":"closed","ping_status":"closed","template":"","meta":[],"product_brand":[],"product_cat":[24,268,568,84],"product_tag":[612,640,29,798,799,801,1219,1224,147,251,383,551,282,284,557,281,283,553,795,154,136,137,554,379,381,552,547,1247],"class_list":{"0":"post-31684","1":"product","2":"type-product","3":"status-publish","4":"has-post-thumbnail","6":"product_cat-action-figuren","7":"product_cat-dc","8":"product_cat-preorder","9":"product_cat-statuen-anime-comic-universum","10":"product_tag-anime","11":"product_tag-anime-statuen","12":"product_tag-batman","13":"product_tag-batman-collectible","14":"product_tag-batman-collectibles","15":"product_tag-batman-statue","16":"product_tag-catwoman","17":"product_tag-catwoman-collector","18":"product_tag-collectibles","19":"product_tag-collectibles-kaufen","20":"product_tag-collector","21":"product_tag-dc","22":"product_tag-dc-collectibles","23":"product_tag-dc-collectibles-kaufen","24":"product_tag-dc-collector","25":"product_tag-dc-comics","26":"product_tag-dc-comics-collectibles","27":"product_tag-figure-collector","28":"product_tag-handsomecake","29":"product_tag-resin-collectibles","30":"product_tag-resin-statuen","31":"product_tag-resin-statuen-kaufen","32":"product_tag-resin-statues","33":"product_tag-statue-collectible","34":"product_tag-statue-collectibles","35":"product_tag-statue-collector","36":"product_tag-statues-collector","37":"product_tag-the-batman","38":"pa_brand-iron-studios","39":"pa_scale-1_to_6","41":"first","42":"instock","43":"taxable","44":"shipping-taxable","45":"product-type-simple"},"_links":{"self":[{"href":"https:\/\/store.handsomecake.com\/en\/wp-json\/wp\/v2\/product\/31684","targetHints":{"allow":["GET"]}}],"collection":[{"href":"https:\/\/store.handsomecake.com\/en\/wp-json\/wp\/v2\/product"}],"about":[{"href":"https:\/\/store.handsomecake.com\/en\/wp-json\/wp\/v2\/types\/product"}],"replies":[{"embeddable":true,"href":"https:\/\/store.handsomecake.com\/en\/wp-json\/wp\/v2\/comments?post=31684"}],"wp:featuredmedia":[{"embeddable":true,"href":"https:\/\/store.handsomecake.com\/en\/wp-json\/wp\/v2\/media\/31689"}],"wp:attachment":[{"href":"https:\/\/store.handsomecake.com\/en\/wp-json\/wp\/v2\/media?parent=31684"}],"wp:term":[{"taxonomy":"product_brand","embeddable":true,"href":"https:\/\/store.handsomecake.com\/en\/wp-json\/wp\/v2\/product_brand?post=31684"},{"taxonomy":"product_cat","embeddable":true,"href":"https:\/\/store.handsomecake.com\/en\/wp-json\/wp\/v2\/product_cat?post=31684"},{"taxonomy":"product_tag","embeddable":true,"href":"https:\/\/store.handsomecake.com\/en\/wp-json\/wp\/v2\/product_tag?post=31684"}],"curies":[{"name":"wp","href":"https:\/\/api.w.org\/{rel}","templated":true}]}}