{"id":31547,"date":"2024-04-10T13:22:42","date_gmt":"2024-04-10T13:22:42","guid":{"rendered":"https:\/\/store.handsomecake.com\/product\/chainsaw-man-makima-14-resin-statue-von-u-king-studio\/"},"modified":"2024-06-12T16:38:50","modified_gmt":"2024-06-12T16:38:50","slug":"chainsaw-man-makima-14-resin-statue-von-u-king-studio","status":"publish","type":"product","link":"https:\/\/store.handsomecake.com\/en\/product\/chainsaw-man-makima-14-resin-statue-von-u-king-studio\/","title":{"rendered":"Chainsaw Man &#8211; Makima | 1:4 Resin Statue | von U-King Studio"},"content":{"rendered":"<p><strong>Chainsaw Man &#8211; Makima | 1:4 Resin Statue | von U-King Studio<\/strong><\/p>\n<p>I do ship EU-wide, please contact me, should questions arise.<\/p>\n<p>Tolle Statue von einem halb menschlichen, halb teuflischen Wesen mit Kettens\u00e4gen anstatt von Kopf und Armen &#8211; Chainsaw Man.<br \/>\nWunderbar verarbeitete und sehr detaillierte Denji Statue aus Polystone &#8211; k\u00fcnstlichem Stein-Harz-Gemisch.<\/p>\n<p><strong>Besonderheiten:<\/strong><\/p>\n<ul>\n<li>Exclusive Version (K\u00f6rper mit Hemd + nackter K\u00f6rper + 1x Sockel)<\/li>\n<li>auch Versionen A und B (Kleidung abnehmar) verf\u00fcgbar<\/li>\n<li>nur 188 St\u00fcck weltweit<\/li>\n<\/ul>\n<p><strong>Release-Status<\/strong>:<\/p>\n<ul>\n<li>Preorder. Statue wird voraussichtlich in Q2 2025 released und wir erwarten sie sch\u00e4tzungsweise Ende August 2025 bei uns im Warenlager.<\/li>\n<li>Diese Angabe ist ohne Gew\u00e4hr! Wir leiten nur die Sch\u00e4tzung vom Hersteller weiter.<\/li>\n<li>Falls das Datum \u00fcberschritten wurde und hier immer noch eine Sch\u00e4tzung aus der Vergangenheit steht, dann bedeutet das NICHT, dass die Figur bereits im Lager in Deutschland ist. Sie ist NUR dann auf Lager in Deutschland, wenn der Text dies entsprechend sagt und\/oder die Kategorie weiter oben &#8222;Lagernd vor Ort&#8220; hei\u00dft.<\/li>\n<\/ul>\n<p>Wie immer bei meinen Aktionen &#8211; s\u00e4mtliche Geb\u00fchren sind, im Gegensatz zu anderen Angeboten, bereits inkludiert. Versand erfolgt ausschlie\u00dflich aus Deutschland, es fallen keine Zoll- und Importgeb\u00fchren an. Ihr kauft keine Katze im Sack \ud83d\ude42<\/p>\n<p><strong>Ma\u00dfe der Statue:<\/strong><\/p>\n<ul>\n<li>Gr\u00f6\u00dfe: ca. H46.5cm x W20cm x D24cm<\/li>\n<li>Gewicht: TBA, gesch\u00e4tzt: ca. 13kg<\/li>\n<\/ul>\n<p>You are not prepared! \ud83d\ude42<\/p>","protected":false},"excerpt":{"rendered":"<p>Chainsaw Man &#8211; Makima | 1:4 Resin Statue | von U-King Studio I do ship EU-wide, please contact me, should questions arise. Tolle Statue von einem halb menschlichen, halb teuflischen Wesen mit Kettens\u00e4gen anstatt von Kopf und Armen &#8211; Chainsaw Man. Wunderbar verarbeitete und sehr detaillierte Denji Statue aus Polystone &#8211; k\u00fcnstlichem Stein-Harz-Gemisch. Besonderheiten: Exclusive [&hellip;]<\/p>\n","protected":false},"featured_media":31572,"comment_status":"closed","ping_status":"closed","template":"","meta":[],"product_brand":[],"product_cat":[24,2404,568,84],"product_tag":[612,659,666,717,794,662,640,658,1643,479,147,251,795,2229,2535,2230,154,255,136,137,379,381,552,380],"class_list":{"0":"post-31547","1":"product","2":"type-product","3":"status-publish","4":"has-post-thumbnail","6":"product_cat-action-figuren","7":"product_cat-chainsaw-man","8":"product_cat-preorder","9":"product_cat-statuen-anime-comic-universum","10":"product_tag-anime","11":"product_tag-anime-figuren","12":"product_tag-anime-figuren-shop","13":"product_tag-anime-shop","14":"product_tag-anime-statue","15":"product_tag-anime-statue-shop","16":"product_tag-anime-statuen","17":"product_tag-anime-toys","18":"product_tag-chainsaw-man","19":"product_tag-collectible","20":"product_tag-collectibles","21":"product_tag-collectibles-kaufen","22":"product_tag-handsomecake","23":"product_tag-makima","24":"product_tag-makima-chainsaw-man","25":"product_tag-makima-collectible","26":"product_tag-resin-collectibles","27":"product_tag-resin-collectibles-kaufen","28":"product_tag-resin-statuen","29":"product_tag-resin-statuen-kaufen","30":"product_tag-statue-collectible","31":"product_tag-statue-collectibles","32":"product_tag-statue-collector","33":"product_tag-statues-collectible","34":"pa_brand-u-king-studio-2","35":"pa_scale-1_to_4","37":"first","38":"instock","39":"taxable","40":"shipping-taxable","41":"product-type-variable"},"_links":{"self":[{"href":"https:\/\/store.handsomecake.com\/en\/wp-json\/wp\/v2\/product\/31547","targetHints":{"allow":["GET"]}}],"collection":[{"href":"https:\/\/store.handsomecake.com\/en\/wp-json\/wp\/v2\/product"}],"about":[{"href":"https:\/\/store.handsomecake.com\/en\/wp-json\/wp\/v2\/types\/product"}],"replies":[{"embeddable":true,"href":"https:\/\/store.handsomecake.com\/en\/wp-json\/wp\/v2\/comments?post=31547"}],"wp:featuredmedia":[{"embeddable":true,"href":"https:\/\/store.handsomecake.com\/en\/wp-json\/wp\/v2\/media\/31572"}],"wp:attachment":[{"href":"https:\/\/store.handsomecake.com\/en\/wp-json\/wp\/v2\/media?parent=31547"}],"wp:term":[{"taxonomy":"product_brand","embeddable":true,"href":"https:\/\/store.handsomecake.com\/en\/wp-json\/wp\/v2\/product_brand?post=31547"},{"taxonomy":"product_cat","embeddable":true,"href":"https:\/\/store.handsomecake.com\/en\/wp-json\/wp\/v2\/product_cat?post=31547"},{"taxonomy":"product_tag","embeddable":true,"href":"https:\/\/store.handsomecake.com\/en\/wp-json\/wp\/v2\/product_tag?post=31547"}],"curies":[{"name":"wp","href":"https:\/\/api.w.org\/{rel}","templated":true}]}}